{"id":10366,"date":"2023-12-20T08:59:18","date_gmt":"2023-12-20T08:59:18","guid":{"rendered":"https:\/\/bianditz.es\/?post_type=product&#038;p=10366"},"modified":"2024-05-17T10:10:46","modified_gmt":"2024-05-17T10:10:46","slug":"puntas-1-4-tin-phillips","status":"publish","type":"product","link":"https:\/\/bianditz.es\/en\/producto\/puntas-1-4-tin-phillips\/","title":{"rendered":"Punta 1\/4&#8243; TIN PH"},"content":{"rendered":"<p>La serie de puntas TiN CVD de Bianditz con recubrimiento de Nitruro de Titanio est\u00e1n concebidas espec\u00edficamente para trabajos intensivos en cadenas de montaje, d\u00f3nde se trabajan en condiciones controladas de perpendicularidad y par de apriete. Esta capa de Nitruro de Titanio es de 3 +\/- 1 micras a una dureza de 2.400\/2.600 HV (escala Vickers) siendo el n\u00facleo de la herramienta endurecido por un procedimiento similar a las puntas EXTRA DURAS. Este recubrimiento proporciona una vida de 4 a 10 veces superior en resistencia al desgaste y una rugosidad superficial que minimiza el efecto de expulsi\u00f3n en el atornillado.<\/p>\n<p>&nbsp;<\/p>\n<ul>\n<li><strong>C\u00f3digo referencia:<\/strong> 238241<\/li>\n<li><strong>Tipo<\/strong>: 1\/4&#8243; TIN para tornillos PH<\/li>\n<li><b>Material:<\/b> Acero con componentes de Molibdeno y Vanadio<\/li>\n<li><b>Dureza:<\/b> 60-62 HRC<\/li>\n<li><b>Aplicaci\u00f3n:<\/b> Aplicaciones industriales, alta resistencia al uso, trabajos en serie<\/li>\n<li><b>Medidas:<\/b> PH1x25mm\u00a0 \u00a0*disponibilidad de m\u00e1s medidas<\/li>\n<\/ul>\n<p style=\"text-align: right;\"><a href=\"http:\/\/bianditz.es\/wp-content\/uploads\/2016\/05\/PUNTAS.pdf\" rel=\"\">Cat\u00e1logo PUNTAS<\/a><\/p>\n","protected":false},"excerpt":{"rendered":"<p>La serie de puntas TiN CVD de Bianditz con recubrimiento de Nitruro de Titanio est\u00e1n concebidas espec\u00edficamente para trabajos intensivos en cadenas de montaje, d\u00f3nde se trabajan en condiciones controladas de perpendicularidad y par de apriete. Esta capa de Nitruro de Titanio es de 3 +\/- 1 micras a una dureza de 2.400\/2.600 HV (escala Vickers) siendo el n\u00facleo de la herramienta endurecido por un procedimiento similar a las puntas EXTRA DURAS. Este recubrimiento proporciona una vida de 4 a 10 veces superior en resistencia al desgaste y una rugosidad superficial que minimiza el efecto de expulsi\u00f3n en el atornillado.<\/p>\n<p>&nbsp;<\/p>\n<ul>\n<li>C\u00f3digo referencia: 238241<\/li>\n<li>Tipo: 1\/4&#8243; TIN para tornillos PH<\/li>\n<li><b>Material:<\/b> Acero con componentes de Molibdeno y Vanadio<\/li>\n<li><b>Dureza:<\/b> 60-62 HRC<\/li>\n<li><b>Aplicaci\u00f3n:<\/b> Aplicaciones industriales, alta resistencia al uso, trabajos en serie<\/li>\n<li><b>Medidas:<\/b> PH1x25mm\u00a0 \u00a0*disponibilidad de m\u00e1s medidas<\/li>\n<\/ul>\n<p style=\"text-align: right;\"><a href=\"http:\/\/bianditz.es\/wp-content\/uploads\/2016\/05\/PUNTAS.pdf\" rel=\"\">Cat\u00e1logo PUNTAS<\/a><\/p>\n","protected":false},"featured_media":8365,"comment_status":"open","ping_status":"closed","template":"","meta":[],"product_cat":[1201],"product_tag":[155,156,120,121,122,123,124,125],"class_list":{"0":"post-10366","1":"product","2":"type-product","3":"status-publish","4":"has-post-thumbnail","6":"product_cat-puntas-catalogo","7":"product_tag-punta-phillips-tin","8":"product_tag-punta-titanio","9":"product_tag-puntas-1-4","10":"product_tag-puntas-atornillador","11":"product_tag-puntas-atornillador-profesional","12":"product_tag-puntas-atornillar","13":"product_tag-puntas-atornillar-bianditz","14":"product_tag-puntas-destornillador-para-taladro","16":"first","17":"instock","18":"shipping-taxable","19":"product-type-simple"},"yoast_head":"<!-- This site is optimized with the Yoast SEO plugin v22.0 - https:\/\/yoast.com\/wordpress\/plugins\/seo\/ -->\n<title>Punta 1\/4&quot; TIN PH - Bianditz Group<\/title>\n<meta name=\"robots\" content=\"index, follow, max-snippet:-1, max-image-preview:large, max-video-preview:-1\" \/>\n<link rel=\"canonical\" href=\"https:\/\/bianditz.es\/producto\/puntas-1-4-tin-phillips\/\" \/>\n<meta property=\"og:locale\" content=\"en_US\" \/>\n<meta property=\"og:type\" content=\"article\" \/>\n<meta property=\"og:title\" content=\"Punta 1\/4&quot; TIN PH - Bianditz Group\" \/>\n<meta property=\"og:description\" content=\"La serie de puntas TiN CVD de Bianditz con recubrimiento de Nitruro de Titanio est\u00e1n concebidas espec\u00edficamente para trabajos intensivos en cadenas de montaje, d\u00f3nde se trabajan en condiciones controladas de perpendicularidad y par de apriete. Esta capa de Nitruro de Titanio es de 3 +\/- 1 micras a una dureza de 2.400\/2.600 HV (escala Vickers) siendo el n\u00facleo de la herramienta endurecido por un procedimiento similar a las puntas EXTRA DURAS. Este recubrimiento proporciona una vida de 4 a 10 veces superior en resistencia al desgaste y una rugosidad superficial que minimiza el efecto de expulsi\u00f3n en el atornillado. &nbsp; C\u00f3digo referencia: 238241 Tipo: 1\/4&#8243; TIN para tornillos PH Material: Acero con componentes de Molibdeno y Vanadio Dureza: 60-62 HRC Aplicaci\u00f3n: Aplicaciones industriales, alta resistencia al uso, trabajos en serie Medidas: PH1x25mm\u00a0 \u00a0*disponibilidad de m\u00e1s medidas Cat\u00e1logo PUNTAS\" \/>\n<meta property=\"og:url\" content=\"https:\/\/bianditz.es\/producto\/puntas-1-4-tin-phillips\/\" \/>\n<meta property=\"og:site_name\" content=\"Bianditz Group\" \/>\n<meta property=\"article:modified_time\" content=\"2024-05-17T10:10:46+00:00\" \/>\n<meta property=\"og:image\" content=\"https:\/\/bianditz.es\/wp-content\/uploads\/2023\/12\/ph-25-tin.jpg\" \/>\n\t<meta property=\"og:image:width\" content=\"1000\" \/>\n\t<meta property=\"og:image:height\" content=\"1000\" \/>\n\t<meta property=\"og:image:type\" content=\"image\/jpeg\" \/>\n<meta name=\"twitter:card\" content=\"summary_large_image\" \/>\n<meta name=\"twitter:label1\" content=\"Est. reading time\" \/>\n\t<meta name=\"twitter:data1\" content=\"1 minute\" \/>\n<script type=\"application\/ld+json\" class=\"yoast-schema-graph\">{\"@context\":\"https:\/\/schema.org\",\"@graph\":[{\"@type\":\"WebPage\",\"@id\":\"https:\/\/bianditz.es\/producto\/puntas-1-4-tin-phillips\/\",\"url\":\"https:\/\/bianditz.es\/producto\/puntas-1-4-tin-phillips\/\",\"name\":\"Punta 1\/4\\\" TIN PH - Bianditz Group\",\"isPartOf\":{\"@id\":\"https:\/\/bianditz.es\/#website\"},\"datePublished\":\"2023-12-20T08:59:18+00:00\",\"dateModified\":\"2024-05-17T10:10:46+00:00\",\"breadcrumb\":{\"@id\":\"https:\/\/bianditz.es\/producto\/puntas-1-4-tin-phillips\/#breadcrumb\"},\"inLanguage\":\"en-US\",\"potentialAction\":[{\"@type\":\"ReadAction\",\"target\":[\"https:\/\/bianditz.es\/producto\/puntas-1-4-tin-phillips\/\"]}]},{\"@type\":\"BreadcrumbList\",\"@id\":\"https:\/\/bianditz.es\/producto\/puntas-1-4-tin-phillips\/#breadcrumb\",\"itemListElement\":[{\"@type\":\"ListItem\",\"position\":1,\"name\":\"Portada\",\"item\":\"https:\/\/bianditz.es\/en\/\"},{\"@type\":\"ListItem\",\"position\":2,\"name\":\"Online Catalogue\",\"item\":\"https:\/\/bianditz.es\/en\/online-catalogue\/\"},{\"@type\":\"ListItem\",\"position\":3,\"name\":\"Punta 1\/4&#8243; TIN PH\"}]},{\"@type\":\"WebSite\",\"@id\":\"https:\/\/bianditz.es\/#website\",\"url\":\"https:\/\/bianditz.es\/\",\"name\":\"Bianditz Group\",\"description\":\"| Fabricante de herramientas de mano\",\"potentialAction\":[{\"@type\":\"SearchAction\",\"target\":{\"@type\":\"EntryPoint\",\"urlTemplate\":\"https:\/\/bianditz.es\/?s={search_term_string}\"},\"query-input\":\"required name=search_term_string\"}],\"inLanguage\":\"en-US\"}]}<\/script>\n<!-- \/ Yoast SEO plugin. -->","yoast_head_json":{"title":"Punta 1\/4\" TIN PH - Bianditz Group","robots":{"index":"index","follow":"follow","max-snippet":"max-snippet:-1","max-image-preview":"max-image-preview:large","max-video-preview":"max-video-preview:-1"},"canonical":"https:\/\/bianditz.es\/producto\/puntas-1-4-tin-phillips\/","og_locale":"en_US","og_type":"article","og_title":"Punta 1\/4\" TIN PH - Bianditz Group","og_description":"La serie de puntas TiN CVD de Bianditz con recubrimiento de Nitruro de Titanio est\u00e1n concebidas espec\u00edficamente para trabajos intensivos en cadenas de montaje, d\u00f3nde se trabajan en condiciones controladas de perpendicularidad y par de apriete. Esta capa de Nitruro de Titanio es de 3 +\/- 1 micras a una dureza de 2.400\/2.600 HV (escala Vickers) siendo el n\u00facleo de la herramienta endurecido por un procedimiento similar a las puntas EXTRA DURAS. Este recubrimiento proporciona una vida de 4 a 10 veces superior en resistencia al desgaste y una rugosidad superficial que minimiza el efecto de expulsi\u00f3n en el atornillado. &nbsp; C\u00f3digo referencia: 238241 Tipo: 1\/4&#8243; TIN para tornillos PH Material: Acero con componentes de Molibdeno y Vanadio Dureza: 60-62 HRC Aplicaci\u00f3n: Aplicaciones industriales, alta resistencia al uso, trabajos en serie Medidas: PH1x25mm\u00a0 \u00a0*disponibilidad de m\u00e1s medidas Cat\u00e1logo PUNTAS","og_url":"https:\/\/bianditz.es\/producto\/puntas-1-4-tin-phillips\/","og_site_name":"Bianditz Group","article_modified_time":"2024-05-17T10:10:46+00:00","og_image":[{"width":1000,"height":1000,"url":"https:\/\/bianditz.es\/wp-content\/uploads\/2023\/12\/ph-25-tin.jpg","type":"image\/jpeg"}],"twitter_card":"summary_large_image","twitter_misc":{"Est. reading time":"1 minute"},"schema":{"@context":"https:\/\/schema.org","@graph":[{"@type":"WebPage","@id":"https:\/\/bianditz.es\/producto\/puntas-1-4-tin-phillips\/","url":"https:\/\/bianditz.es\/producto\/puntas-1-4-tin-phillips\/","name":"Punta 1\/4\" TIN PH - Bianditz Group","isPartOf":{"@id":"https:\/\/bianditz.es\/#website"},"datePublished":"2023-12-20T08:59:18+00:00","dateModified":"2024-05-17T10:10:46+00:00","breadcrumb":{"@id":"https:\/\/bianditz.es\/producto\/puntas-1-4-tin-phillips\/#breadcrumb"},"inLanguage":"en-US","potentialAction":[{"@type":"ReadAction","target":["https:\/\/bianditz.es\/producto\/puntas-1-4-tin-phillips\/"]}]},{"@type":"BreadcrumbList","@id":"https:\/\/bianditz.es\/producto\/puntas-1-4-tin-phillips\/#breadcrumb","itemListElement":[{"@type":"ListItem","position":1,"name":"Portada","item":"https:\/\/bianditz.es\/en\/"},{"@type":"ListItem","position":2,"name":"Online Catalogue","item":"https:\/\/bianditz.es\/en\/online-catalogue\/"},{"@type":"ListItem","position":3,"name":"Punta 1\/4&#8243; TIN PH"}]},{"@type":"WebSite","@id":"https:\/\/bianditz.es\/#website","url":"https:\/\/bianditz.es\/","name":"Bianditz Group","description":"| Fabricante de herramientas de mano","potentialAction":[{"@type":"SearchAction","target":{"@type":"EntryPoint","urlTemplate":"https:\/\/bianditz.es\/?s={search_term_string}"},"query-input":"required name=search_term_string"}],"inLanguage":"en-US"}]}},"_links":{"self":[{"href":"https:\/\/bianditz.es\/en\/wp-json\/wp\/v2\/product\/10366","targetHints":{"allow":["GET"]}}],"collection":[{"href":"https:\/\/bianditz.es\/en\/wp-json\/wp\/v2\/product"}],"about":[{"href":"https:\/\/bianditz.es\/en\/wp-json\/wp\/v2\/types\/product"}],"replies":[{"embeddable":true,"href":"https:\/\/bianditz.es\/en\/wp-json\/wp\/v2\/comments?post=10366"}],"version-history":[{"count":5,"href":"https:\/\/bianditz.es\/en\/wp-json\/wp\/v2\/product\/10366\/revisions"}],"predecessor-version":[{"id":13273,"href":"https:\/\/bianditz.es\/en\/wp-json\/wp\/v2\/product\/10366\/revisions\/13273"}],"wp:featuredmedia":[{"embeddable":true,"href":"https:\/\/bianditz.es\/en\/wp-json\/wp\/v2\/media\/8365"}],"wp:attachment":[{"href":"https:\/\/bianditz.es\/en\/wp-json\/wp\/v2\/media?parent=10366"}],"wp:term":[{"taxonomy":"product_cat","embeddable":true,"href":"https:\/\/bianditz.es\/en\/wp-json\/wp\/v2\/product_cat?post=10366"},{"taxonomy":"product_tag","embeddable":true,"href":"https:\/\/bianditz.es\/en\/wp-json\/wp\/v2\/product_tag?post=10366"}],"curies":[{"name":"wp","href":"https:\/\/api.w.org\/{rel}","templated":true}]}}