{"id":10421,"date":"2023-12-20T08:59:23","date_gmt":"2023-12-20T08:59:23","guid":{"rendered":"https:\/\/bianditz.es\/?post_type=product&#038;p=10421"},"modified":"2024-05-13T11:18:24","modified_gmt":"2024-05-13T11:18:24","slug":"puntas-10mm-ribe","status":"publish","type":"product","link":"https:\/\/bianditz.es\/en\/producto\/puntas-10mm-ribe\/","title":{"rendered":"Punta 10mm Extra RIBE"},"content":{"rendered":"<p>Las puntas de la serie extra dura est\u00e1n dise\u00f1adas y fabricadas para un uso profesional intensivo de alto rendimiento. Son extremadamente robustas y combinan aspectos fundamentales de dureza y tenacidad. Estos atributos permiten a las puntas de la serie extra dura de Bianditz un alt\u00edsimo nivel de resistencia al desgaste, aumentando su productividad, incrementando su vida \u00fatil y por lo tanto reduciendo el costo de la inversi\u00f3n realizada.<\/p>\n<p>&nbsp;<\/p>\n<ul>\n<li><strong>C\u00f3digo referencia:\u00a0<\/strong>242820<\/li>\n<li><strong>Tipo<\/strong>: 10mm EXTRA para tornillos ribe<\/li>\n<li><b>Material:<\/b> Acero con componentes de Molibdeno y Vanadio<\/li>\n<li><b>Dureza:<\/b> 58-60 HRC<\/li>\n<li><b>Aplicaci\u00f3n:<\/b> Universal, materiales blandos, madera, materiales duros<\/li>\n<li><b>Medidas:<\/b> M5x35mm\u00a0 \u00a0*disponibilidad de m\u00e1s medidas (hasta 72mm)<\/li>\n<\/ul>\n<p style=\"text-align: right;\"><a href=\"http:\/\/bianditz.es\/wp-content\/uploads\/2016\/05\/PUNTAS.pdf\" rel=\"\">Cat\u00e1logo PUNTAS<\/a><\/p>\n","protected":false},"excerpt":{"rendered":"<p>Las puntas de la serie extra dura est\u00e1n dise\u00f1adas y fabricadas para un uso profesional intensivo de alto rendimiento. Son extremadamente robustas y combinan aspectos fundamentales de dureza y tenacidad. Estos atributos permiten a las puntas de la serie extra dura de Bianditz un alt\u00edsimo nivel de resistencia al desgaste, aumentando su productividad, incrementando su vida \u00fatil y por lo tanto reduciendo el costo de la inversi\u00f3n realizada.<\/p>\n<p>&nbsp;<\/p>\n<ul>\n<li>C\u00f3digo referencia:\u00a0242820<\/li>\n<li>Tipo: 10mm EXTRA para tornillos ribe<\/li>\n<li><b>Material:<\/b> Acero con componentes de Molibdeno y Vanadio<\/li>\n<li><b>Dureza:<\/b> 58-60 HRC<\/li>\n<li><b>Aplicaci\u00f3n:<\/b> Universal, materiales blandos, madera, materiales duros<\/li>\n<li><b>Medidas:<\/b> M5x35mm\u00a0 \u00a0*disponibilidad de m\u00e1s medidas (hasta 72mm)<\/li>\n<\/ul>\n<p style=\"text-align: right;\"><a href=\"http:\/\/bianditz.es\/wp-content\/uploads\/2016\/05\/PUNTAS.pdf\" rel=\"\">Cat\u00e1logo PUNTAS<\/a><\/p>\n","protected":false},"featured_media":8422,"comment_status":"open","ping_status":"closed","template":"","meta":[],"product_cat":[1201],"product_tag":[195,204,198,208],"class_list":{"0":"post-10421","1":"product","2":"type-product","3":"status-publish","4":"has-post-thumbnail","6":"product_cat-puntas-catalogo","7":"product_tag-automocion","8":"product_tag-puntas-10mm","9":"product_tag-puntas-automocion","10":"product_tag-ribe","12":"first","13":"instock","14":"shipping-taxable","15":"product-type-simple"},"yoast_head":"<!-- This site is optimized with the Yoast SEO plugin v22.0 - https:\/\/yoast.com\/wordpress\/plugins\/seo\/ -->\n<title>Punta 10mm Extra RIBE - Bianditz Group<\/title>\n<meta name=\"robots\" content=\"index, follow, max-snippet:-1, max-image-preview:large, max-video-preview:-1\" \/>\n<link rel=\"canonical\" href=\"https:\/\/bianditz.es\/producto\/puntas-10mm-ribe\/\" \/>\n<meta property=\"og:locale\" content=\"en_US\" \/>\n<meta property=\"og:type\" content=\"article\" \/>\n<meta property=\"og:title\" content=\"Punta 10mm Extra RIBE - Bianditz Group\" \/>\n<meta property=\"og:description\" content=\"Las puntas de la serie extra dura est\u00e1n dise\u00f1adas y fabricadas para un uso profesional intensivo de alto rendimiento. Son extremadamente robustas y combinan aspectos fundamentales de dureza y tenacidad. Estos atributos permiten a las puntas de la serie extra dura de Bianditz un alt\u00edsimo nivel de resistencia al desgaste, aumentando su productividad, incrementando su vida \u00fatil y por lo tanto reduciendo el costo de la inversi\u00f3n realizada. &nbsp; C\u00f3digo referencia:\u00a0242820 Tipo: 10mm EXTRA para tornillos ribe Material: Acero con componentes de Molibdeno y Vanadio Dureza: 58-60 HRC Aplicaci\u00f3n: Universal, materiales blandos, madera, materiales duros Medidas: M5x35mm\u00a0 \u00a0*disponibilidad de m\u00e1s medidas (hasta 72mm) Cat\u00e1logo PUNTAS\" \/>\n<meta property=\"og:url\" content=\"https:\/\/bianditz.es\/producto\/puntas-10mm-ribe\/\" \/>\n<meta property=\"og:site_name\" content=\"Bianditz Group\" \/>\n<meta property=\"article:modified_time\" content=\"2024-05-13T11:18:24+00:00\" \/>\n<meta property=\"og:image\" content=\"https:\/\/bianditz.es\/wp-content\/uploads\/2023\/12\/10_RIBE_SMLL.jpg\" \/>\n\t<meta property=\"og:image:width\" content=\"1000\" \/>\n\t<meta property=\"og:image:height\" content=\"1000\" \/>\n\t<meta property=\"og:image:type\" content=\"image\/jpeg\" \/>\n<meta name=\"twitter:card\" content=\"summary_large_image\" \/>\n<meta name=\"twitter:label1\" content=\"Est. reading time\" \/>\n\t<meta name=\"twitter:data1\" content=\"1 minute\" \/>\n<script type=\"application\/ld+json\" class=\"yoast-schema-graph\">{\"@context\":\"https:\/\/schema.org\",\"@graph\":[{\"@type\":\"WebPage\",\"@id\":\"https:\/\/bianditz.es\/producto\/puntas-10mm-ribe\/\",\"url\":\"https:\/\/bianditz.es\/producto\/puntas-10mm-ribe\/\",\"name\":\"Punta 10mm Extra RIBE - Bianditz Group\",\"isPartOf\":{\"@id\":\"https:\/\/bianditz.es\/#website\"},\"datePublished\":\"2023-12-20T08:59:23+00:00\",\"dateModified\":\"2024-05-13T11:18:24+00:00\",\"breadcrumb\":{\"@id\":\"https:\/\/bianditz.es\/producto\/puntas-10mm-ribe\/#breadcrumb\"},\"inLanguage\":\"en-US\",\"potentialAction\":[{\"@type\":\"ReadAction\",\"target\":[\"https:\/\/bianditz.es\/producto\/puntas-10mm-ribe\/\"]}]},{\"@type\":\"BreadcrumbList\",\"@id\":\"https:\/\/bianditz.es\/producto\/puntas-10mm-ribe\/#breadcrumb\",\"itemListElement\":[{\"@type\":\"ListItem\",\"position\":1,\"name\":\"Portada\",\"item\":\"https:\/\/bianditz.es\/en\/\"},{\"@type\":\"ListItem\",\"position\":2,\"name\":\"Online Catalogue\",\"item\":\"https:\/\/bianditz.es\/en\/online-catalogue\/\"},{\"@type\":\"ListItem\",\"position\":3,\"name\":\"Punta 10mm Extra RIBE\"}]},{\"@type\":\"WebSite\",\"@id\":\"https:\/\/bianditz.es\/#website\",\"url\":\"https:\/\/bianditz.es\/\",\"name\":\"Bianditz Group\",\"description\":\"| Fabricante de herramientas de mano\",\"potentialAction\":[{\"@type\":\"SearchAction\",\"target\":{\"@type\":\"EntryPoint\",\"urlTemplate\":\"https:\/\/bianditz.es\/?s={search_term_string}\"},\"query-input\":\"required name=search_term_string\"}],\"inLanguage\":\"en-US\"}]}<\/script>\n<!-- \/ Yoast SEO plugin. -->","yoast_head_json":{"title":"Punta 10mm Extra RIBE - Bianditz Group","robots":{"index":"index","follow":"follow","max-snippet":"max-snippet:-1","max-image-preview":"max-image-preview:large","max-video-preview":"max-video-preview:-1"},"canonical":"https:\/\/bianditz.es\/producto\/puntas-10mm-ribe\/","og_locale":"en_US","og_type":"article","og_title":"Punta 10mm Extra RIBE - Bianditz Group","og_description":"Las puntas de la serie extra dura est\u00e1n dise\u00f1adas y fabricadas para un uso profesional intensivo de alto rendimiento. Son extremadamente robustas y combinan aspectos fundamentales de dureza y tenacidad. Estos atributos permiten a las puntas de la serie extra dura de Bianditz un alt\u00edsimo nivel de resistencia al desgaste, aumentando su productividad, incrementando su vida \u00fatil y por lo tanto reduciendo el costo de la inversi\u00f3n realizada. &nbsp; C\u00f3digo referencia:\u00a0242820 Tipo: 10mm EXTRA para tornillos ribe Material: Acero con componentes de Molibdeno y Vanadio Dureza: 58-60 HRC Aplicaci\u00f3n: Universal, materiales blandos, madera, materiales duros Medidas: M5x35mm\u00a0 \u00a0*disponibilidad de m\u00e1s medidas (hasta 72mm) Cat\u00e1logo PUNTAS","og_url":"https:\/\/bianditz.es\/producto\/puntas-10mm-ribe\/","og_site_name":"Bianditz Group","article_modified_time":"2024-05-13T11:18:24+00:00","og_image":[{"width":1000,"height":1000,"url":"https:\/\/bianditz.es\/wp-content\/uploads\/2023\/12\/10_RIBE_SMLL.jpg","type":"image\/jpeg"}],"twitter_card":"summary_large_image","twitter_misc":{"Est. reading time":"1 minute"},"schema":{"@context":"https:\/\/schema.org","@graph":[{"@type":"WebPage","@id":"https:\/\/bianditz.es\/producto\/puntas-10mm-ribe\/","url":"https:\/\/bianditz.es\/producto\/puntas-10mm-ribe\/","name":"Punta 10mm Extra RIBE - Bianditz Group","isPartOf":{"@id":"https:\/\/bianditz.es\/#website"},"datePublished":"2023-12-20T08:59:23+00:00","dateModified":"2024-05-13T11:18:24+00:00","breadcrumb":{"@id":"https:\/\/bianditz.es\/producto\/puntas-10mm-ribe\/#breadcrumb"},"inLanguage":"en-US","potentialAction":[{"@type":"ReadAction","target":["https:\/\/bianditz.es\/producto\/puntas-10mm-ribe\/"]}]},{"@type":"BreadcrumbList","@id":"https:\/\/bianditz.es\/producto\/puntas-10mm-ribe\/#breadcrumb","itemListElement":[{"@type":"ListItem","position":1,"name":"Portada","item":"https:\/\/bianditz.es\/en\/"},{"@type":"ListItem","position":2,"name":"Online Catalogue","item":"https:\/\/bianditz.es\/en\/online-catalogue\/"},{"@type":"ListItem","position":3,"name":"Punta 10mm Extra RIBE"}]},{"@type":"WebSite","@id":"https:\/\/bianditz.es\/#website","url":"https:\/\/bianditz.es\/","name":"Bianditz Group","description":"| Fabricante de herramientas de mano","potentialAction":[{"@type":"SearchAction","target":{"@type":"EntryPoint","urlTemplate":"https:\/\/bianditz.es\/?s={search_term_string}"},"query-input":"required name=search_term_string"}],"inLanguage":"en-US"}]}},"_links":{"self":[{"href":"https:\/\/bianditz.es\/en\/wp-json\/wp\/v2\/product\/10421","targetHints":{"allow":["GET"]}}],"collection":[{"href":"https:\/\/bianditz.es\/en\/wp-json\/wp\/v2\/product"}],"about":[{"href":"https:\/\/bianditz.es\/en\/wp-json\/wp\/v2\/types\/product"}],"replies":[{"embeddable":true,"href":"https:\/\/bianditz.es\/en\/wp-json\/wp\/v2\/comments?post=10421"}],"version-history":[{"count":4,"href":"https:\/\/bianditz.es\/en\/wp-json\/wp\/v2\/product\/10421\/revisions"}],"predecessor-version":[{"id":13236,"href":"https:\/\/bianditz.es\/en\/wp-json\/wp\/v2\/product\/10421\/revisions\/13236"}],"wp:featuredmedia":[{"embeddable":true,"href":"https:\/\/bianditz.es\/en\/wp-json\/wp\/v2\/media\/8422"}],"wp:attachment":[{"href":"https:\/\/bianditz.es\/en\/wp-json\/wp\/v2\/media?parent=10421"}],"wp:term":[{"taxonomy":"product_cat","embeddable":true,"href":"https:\/\/bianditz.es\/en\/wp-json\/wp\/v2\/product_cat?post=10421"},{"taxonomy":"product_tag","embeddable":true,"href":"https:\/\/bianditz.es\/en\/wp-json\/wp\/v2\/product_tag?post=10421"}],"curies":[{"name":"wp","href":"https:\/\/api.w.org\/{rel}","templated":true}]}}