{"id":10423,"date":"2023-12-20T08:59:23","date_gmt":"2023-12-20T08:59:23","guid":{"rendered":"https:\/\/bianditz.es\/?post_type=product&#038;p=10423"},"modified":"2024-05-10T06:23:00","modified_gmt":"2024-05-10T06:23:00","slug":"destornilladores-boca-recta","status":"publish","type":"product","link":"https:\/\/bianditz.es\/en\/producto\/destornilladores-boca-recta\/","title":{"rendered":"Destornillador Boca Recta"},"content":{"rendered":"<p>Para tornillos huella recta. Los destornilladores de la serie Guepard est\u00e1n dise\u00f1ados y fabricados para un uso profesional intensivo de alto rendimiento. Son extremadamente robustos y combinan aspectos fundamentales de dureza y tenacidad. Estos atributos permiten a los destornilladores de la serie Guepard de Bianditz un alt\u00edsimo nivel de resistencia al desgaste, aumentando su productividad, incrementando su vida \u00fatil y por lo tanto reduciendo el costo de la inversi\u00f3n realizada.<\/p>\n<p>&nbsp;<\/p>\n<ul>\n<li><strong>C\u00f3digo referencia: <\/strong>230003<\/li>\n<li><strong>Tipo<\/strong>: Guepard boca recta<\/li>\n<li><b>Material:<\/b> Varilla fabricada en acero con componentes de Molibdeno y Vanadio<\/li>\n<li><b>Dureza:<\/b> 58-61 HRC<\/li>\n<li><b>Mango:<\/b> Fabricado en Polipropileno y Elast\u00f3mero resistentes al ataque de \u00e1cidos, aceite colas y grasas. Ergon\u00f3mico y antideslizante. Elast\u00f3mero con textura rugosa para m\u00e1ximos pares de torsi\u00f3n<\/li>\n<li><b>Aplicaci\u00f3n:<\/b> Universal, materiales blandos, madera, materiales duros<\/li>\n<li><strong>Medidas: <\/strong>Mango 78mm, varilla 3 x 0,5 x 75mm\u00a0 \u00a0 *disponibilidad de m\u00e1s medidas<\/li>\n<\/ul>\n<p style=\"text-align: right;\"><a href=\"http:\/\/bianditz.es\/wp-content\/uploads\/2016\/05\/APRIETE.pdf\" rel=\"\">Cat\u00e1logo DEST-ACODADAS<\/a><\/p>\n","protected":false},"excerpt":{"rendered":"<p>Para tornillos huella recta. Los destornilladores de la serie Guepard est\u00e1n dise\u00f1ados y fabricados para un uso profesional intensivo de alto rendimiento. Son extremadamente robustos y combinan aspectos fundamentales de dureza y tenacidad. Estos atributos permiten a los destornilladores de la serie Guepard de Bianditz un alt\u00edsimo nivel de resistencia al desgaste, aumentando su productividad, incrementando su vida \u00fatil y por lo tanto reduciendo el costo de la inversi\u00f3n realizada.<\/p>\n<p>&nbsp;<\/p>\n<ul>\n<li>C\u00f3digo referencia: 230003<\/li>\n<li>Tipo: Guepard boca recta<\/li>\n<li><b>Material:<\/b> Varilla fabricada en acero con componentes de Molibdeno y Vanadio<\/li>\n<li><b>Dureza:<\/b> 58-61 HRC<\/li>\n<li><b>Mango:<\/b> Fabricado en Polipropileno y Elast\u00f3mero resistentes al ataque de \u00e1cidos, aceite colas y grasas. Ergon\u00f3mico y antideslizante. Elast\u00f3mero con textura rugosa para m\u00e1ximos pares de torsi\u00f3n<\/li>\n<li><b>Aplicaci\u00f3n:<\/b> Universal, materiales blandos, madera, materiales duros<\/li>\n<li>Medidas: Mango 78mm, varilla 3 x 0,5 x 75mm\u00a0 \u00a0 *disponibilidad de m\u00e1s medidas<\/li>\n<\/ul>\n<p style=\"text-align: right;\"><a href=\"http:\/\/bianditz.es\/wp-content\/uploads\/2016\/05\/APRIETE.pdf\" rel=\"\">Cat\u00e1logo DEST-ACODADAS<\/a><\/p>\n","protected":false},"featured_media":8439,"comment_status":"open","ping_status":"closed","template":"","meta":[],"product_cat":[1202],"product_tag":[222,223,224,225],"class_list":{"0":"post-10423","1":"product","2":"type-product","3":"status-publish","4":"has-post-thumbnail","6":"product_cat-destornilladores","7":"product_tag-destornillador-boca-plana","8":"product_tag-destornillador-boca-recta","9":"product_tag-tornillo-plano","10":"product_tag-tornillo-recto","12":"first","13":"instock","14":"shipping-taxable","15":"product-type-simple"},"yoast_head":"<!-- This site is optimized with the Yoast SEO plugin v22.0 - https:\/\/yoast.com\/wordpress\/plugins\/seo\/ -->\n<title>Destornillador Boca Recta - Bianditz Group<\/title>\n<meta name=\"robots\" content=\"index, follow, max-snippet:-1, max-image-preview:large, max-video-preview:-1\" \/>\n<link rel=\"canonical\" href=\"https:\/\/bianditz.es\/producto\/destornilladores-boca-recta\/\" \/>\n<meta property=\"og:locale\" content=\"en_US\" \/>\n<meta property=\"og:type\" content=\"article\" \/>\n<meta property=\"og:title\" content=\"Destornillador Boca Recta - Bianditz Group\" \/>\n<meta property=\"og:description\" content=\"Para tornillos huella recta. Los destornilladores de la serie Guepard est\u00e1n dise\u00f1ados y fabricados para un uso profesional intensivo de alto rendimiento. Son extremadamente robustos y combinan aspectos fundamentales de dureza y tenacidad. Estos atributos permiten a los destornilladores de la serie Guepard de Bianditz un alt\u00edsimo nivel de resistencia al desgaste, aumentando su productividad, incrementando su vida \u00fatil y por lo tanto reduciendo el costo de la inversi\u00f3n realizada. &nbsp; C\u00f3digo referencia: 230003 Tipo: Guepard boca recta Material: Varilla fabricada en acero con componentes de Molibdeno y Vanadio Dureza: 58-61 HRC Mango: Fabricado en Polipropileno y Elast\u00f3mero resistentes al ataque de \u00e1cidos, aceite colas y grasas. Ergon\u00f3mico y antideslizante. Elast\u00f3mero con textura rugosa para m\u00e1ximos pares de torsi\u00f3n Aplicaci\u00f3n: Universal, materiales blandos, madera, materiales duros Medidas: Mango 78mm, varilla 3 x 0,5 x 75mm\u00a0 \u00a0 *disponibilidad de m\u00e1s medidas Cat\u00e1logo DEST-ACODADAS\" \/>\n<meta property=\"og:url\" content=\"https:\/\/bianditz.es\/producto\/destornilladores-boca-recta\/\" \/>\n<meta property=\"og:site_name\" content=\"Bianditz Group\" \/>\n<meta property=\"article:modified_time\" content=\"2024-05-10T06:23:00+00:00\" \/>\n<meta property=\"og:image\" content=\"https:\/\/bianditz.es\/wp-content\/uploads\/2023\/12\/dest-recto.jpg\" \/>\n\t<meta property=\"og:image:width\" content=\"1000\" \/>\n\t<meta property=\"og:image:height\" content=\"1000\" \/>\n\t<meta property=\"og:image:type\" content=\"image\/jpeg\" \/>\n<meta name=\"twitter:card\" content=\"summary_large_image\" \/>\n<meta name=\"twitter:label1\" content=\"Est. reading time\" \/>\n\t<meta name=\"twitter:data1\" content=\"1 minute\" \/>\n<script type=\"application\/ld+json\" class=\"yoast-schema-graph\">{\"@context\":\"https:\/\/schema.org\",\"@graph\":[{\"@type\":\"WebPage\",\"@id\":\"https:\/\/bianditz.es\/producto\/destornilladores-boca-recta\/\",\"url\":\"https:\/\/bianditz.es\/producto\/destornilladores-boca-recta\/\",\"name\":\"Destornillador Boca Recta - Bianditz Group\",\"isPartOf\":{\"@id\":\"https:\/\/bianditz.es\/#website\"},\"datePublished\":\"2023-12-20T08:59:23+00:00\",\"dateModified\":\"2024-05-10T06:23:00+00:00\",\"breadcrumb\":{\"@id\":\"https:\/\/bianditz.es\/producto\/destornilladores-boca-recta\/#breadcrumb\"},\"inLanguage\":\"en-US\",\"potentialAction\":[{\"@type\":\"ReadAction\",\"target\":[\"https:\/\/bianditz.es\/producto\/destornilladores-boca-recta\/\"]}]},{\"@type\":\"BreadcrumbList\",\"@id\":\"https:\/\/bianditz.es\/producto\/destornilladores-boca-recta\/#breadcrumb\",\"itemListElement\":[{\"@type\":\"ListItem\",\"position\":1,\"name\":\"Portada\",\"item\":\"https:\/\/bianditz.es\/en\/\"},{\"@type\":\"ListItem\",\"position\":2,\"name\":\"Online Catalogue\",\"item\":\"https:\/\/bianditz.es\/en\/online-catalogue\/\"},{\"@type\":\"ListItem\",\"position\":3,\"name\":\"Destornillador Boca Recta\"}]},{\"@type\":\"WebSite\",\"@id\":\"https:\/\/bianditz.es\/#website\",\"url\":\"https:\/\/bianditz.es\/\",\"name\":\"Bianditz Group\",\"description\":\"| Fabricante de herramientas de mano\",\"potentialAction\":[{\"@type\":\"SearchAction\",\"target\":{\"@type\":\"EntryPoint\",\"urlTemplate\":\"https:\/\/bianditz.es\/?s={search_term_string}\"},\"query-input\":\"required name=search_term_string\"}],\"inLanguage\":\"en-US\"}]}<\/script>\n<!-- \/ Yoast SEO plugin. -->","yoast_head_json":{"title":"Destornillador Boca Recta - Bianditz Group","robots":{"index":"index","follow":"follow","max-snippet":"max-snippet:-1","max-image-preview":"max-image-preview:large","max-video-preview":"max-video-preview:-1"},"canonical":"https:\/\/bianditz.es\/producto\/destornilladores-boca-recta\/","og_locale":"en_US","og_type":"article","og_title":"Destornillador Boca Recta - Bianditz Group","og_description":"Para tornillos huella recta. Los destornilladores de la serie Guepard est\u00e1n dise\u00f1ados y fabricados para un uso profesional intensivo de alto rendimiento. Son extremadamente robustos y combinan aspectos fundamentales de dureza y tenacidad. Estos atributos permiten a los destornilladores de la serie Guepard de Bianditz un alt\u00edsimo nivel de resistencia al desgaste, aumentando su productividad, incrementando su vida \u00fatil y por lo tanto reduciendo el costo de la inversi\u00f3n realizada. &nbsp; C\u00f3digo referencia: 230003 Tipo: Guepard boca recta Material: Varilla fabricada en acero con componentes de Molibdeno y Vanadio Dureza: 58-61 HRC Mango: Fabricado en Polipropileno y Elast\u00f3mero resistentes al ataque de \u00e1cidos, aceite colas y grasas. Ergon\u00f3mico y antideslizante. Elast\u00f3mero con textura rugosa para m\u00e1ximos pares de torsi\u00f3n Aplicaci\u00f3n: Universal, materiales blandos, madera, materiales duros Medidas: Mango 78mm, varilla 3 x 0,5 x 75mm\u00a0 \u00a0 *disponibilidad de m\u00e1s medidas Cat\u00e1logo DEST-ACODADAS","og_url":"https:\/\/bianditz.es\/producto\/destornilladores-boca-recta\/","og_site_name":"Bianditz Group","article_modified_time":"2024-05-10T06:23:00+00:00","og_image":[{"width":1000,"height":1000,"url":"https:\/\/bianditz.es\/wp-content\/uploads\/2023\/12\/dest-recto.jpg","type":"image\/jpeg"}],"twitter_card":"summary_large_image","twitter_misc":{"Est. reading time":"1 minute"},"schema":{"@context":"https:\/\/schema.org","@graph":[{"@type":"WebPage","@id":"https:\/\/bianditz.es\/producto\/destornilladores-boca-recta\/","url":"https:\/\/bianditz.es\/producto\/destornilladores-boca-recta\/","name":"Destornillador Boca Recta - Bianditz Group","isPartOf":{"@id":"https:\/\/bianditz.es\/#website"},"datePublished":"2023-12-20T08:59:23+00:00","dateModified":"2024-05-10T06:23:00+00:00","breadcrumb":{"@id":"https:\/\/bianditz.es\/producto\/destornilladores-boca-recta\/#breadcrumb"},"inLanguage":"en-US","potentialAction":[{"@type":"ReadAction","target":["https:\/\/bianditz.es\/producto\/destornilladores-boca-recta\/"]}]},{"@type":"BreadcrumbList","@id":"https:\/\/bianditz.es\/producto\/destornilladores-boca-recta\/#breadcrumb","itemListElement":[{"@type":"ListItem","position":1,"name":"Portada","item":"https:\/\/bianditz.es\/en\/"},{"@type":"ListItem","position":2,"name":"Online Catalogue","item":"https:\/\/bianditz.es\/en\/online-catalogue\/"},{"@type":"ListItem","position":3,"name":"Destornillador Boca Recta"}]},{"@type":"WebSite","@id":"https:\/\/bianditz.es\/#website","url":"https:\/\/bianditz.es\/","name":"Bianditz Group","description":"| Fabricante de herramientas de mano","potentialAction":[{"@type":"SearchAction","target":{"@type":"EntryPoint","urlTemplate":"https:\/\/bianditz.es\/?s={search_term_string}"},"query-input":"required name=search_term_string"}],"inLanguage":"en-US"}]}},"_links":{"self":[{"href":"https:\/\/bianditz.es\/en\/wp-json\/wp\/v2\/product\/10423","targetHints":{"allow":["GET"]}}],"collection":[{"href":"https:\/\/bianditz.es\/en\/wp-json\/wp\/v2\/product"}],"about":[{"href":"https:\/\/bianditz.es\/en\/wp-json\/wp\/v2\/types\/product"}],"replies":[{"embeddable":true,"href":"https:\/\/bianditz.es\/en\/wp-json\/wp\/v2\/comments?post=10423"}],"version-history":[{"count":5,"href":"https:\/\/bianditz.es\/en\/wp-json\/wp\/v2\/product\/10423\/revisions"}],"predecessor-version":[{"id":13104,"href":"https:\/\/bianditz.es\/en\/wp-json\/wp\/v2\/product\/10423\/revisions\/13104"}],"wp:featuredmedia":[{"embeddable":true,"href":"https:\/\/bianditz.es\/en\/wp-json\/wp\/v2\/media\/8439"}],"wp:attachment":[{"href":"https:\/\/bianditz.es\/en\/wp-json\/wp\/v2\/media?parent=10423"}],"wp:term":[{"taxonomy":"product_cat","embeddable":true,"href":"https:\/\/bianditz.es\/en\/wp-json\/wp\/v2\/product_cat?post=10423"},{"taxonomy":"product_tag","embeddable":true,"href":"https:\/\/bianditz.es\/en\/wp-json\/wp\/v2\/product_tag?post=10423"}],"curies":[{"name":"wp","href":"https:\/\/api.w.org\/{rel}","templated":true}]}}