{"id":10428,"date":"2023-12-20T08:59:23","date_gmt":"2023-12-20T08:59:23","guid":{"rendered":"https:\/\/bianditz.es\/?post_type=product&#038;p=10428"},"modified":"2024-05-17T08:58:45","modified_gmt":"2024-05-17T08:58:45","slug":"destornillador-extra-corto-ph-phillips","status":"publish","type":"product","link":"https:\/\/bianditz.es\/en\/producto\/destornillador-extra-corto-ph-phillips\/","title":{"rendered":"Destornillador Extra Corto PH"},"content":{"rendered":"<p>Para tornillos Phillips. Los destornilladores de la serie Guepard est\u00e1n dise\u00f1ados y fabricados para un uso profesional intensivo de alto rendimiento. Son extremadamente robustos y combinan aspectos fundamentales de dureza y tenacidad. Estos atributos permiten a los destornilladores de la serie Guepard de Bianditz un alt\u00edsimo nivel de resistencia al desgaste, aumentando su productividad, incrementando su vida \u00fatil y por lo tanto reduciendo el costo de la inversi\u00f3n realizada.<\/p>\n<p>&nbsp;<\/p>\n<ul>\n<li><strong>C\u00f3digo referencia: <\/strong>230211<\/li>\n<li><strong>Tipo<\/strong>: Guepard extra corto<\/li>\n<li><b>Material:<\/b> Varilla fabricada en acero con componentes de Molibdeno y Vanadio<\/li>\n<li><b>Dureza:<\/b>\u00a058-61 HRC<\/li>\n<li><b>Mango:<\/b> Fabricado en Polipropileno y Elast\u00f3mero resistentes al ataque de \u00e1cidos, aceite colas y grasas. Ergon\u00f3mico y antideslizante. Elast\u00f3mero con textura rugosa para m\u00e1ximos pares de torsi\u00f3n<\/li>\n<li><b>Aplicaci\u00f3n:<\/b> Universal, materiales blandos, madera, materiales duros<\/li>\n<li><strong>Medidas:\u00a0<\/strong>mango 58mm, varilla PH1x25mm\u00a0 \u00a0*disponibilidad de m\u00e1s medidas<\/li>\n<\/ul>\n<p>&nbsp;<\/p>\n<p style=\"text-align: right;\"><a href=\"http:\/\/bianditz.es\/wp-content\/uploads\/2017\/05\/Cat\u00e1logo_2017_DEST-ACODADAS.pdf\" rel=\"\">Cat\u00e1logo 2017 DEST-ACODADAS<\/a><\/p>\n","protected":false},"excerpt":{"rendered":"<p>Para tornillos Phillips. Los destornilladores de la serie Guepard est\u00e1n dise\u00f1ados y fabricados para un uso profesional intensivo de alto rendimiento. Son extremadamente robustos y combinan aspectos fundamentales de dureza y tenacidad. Estos atributos permiten a los destornilladores de la serie Guepard de Bianditz un alt\u00edsimo nivel de resistencia al desgaste, aumentando su productividad, incrementando su vida \u00fatil y por lo tanto reduciendo el costo de la inversi\u00f3n realizada.<\/p>\n<p>&nbsp;<\/p>\n<ul>\n<li>C\u00f3digo referencia: 230211<\/li>\n<li>Tipo: Guepard extra corto<\/li>\n<li><b>Material:<\/b> Varilla fabricada en acero con componentes de Molibdeno y Vanadio<\/li>\n<li><b>Dureza:<\/b>\u00a058-61 HRC<\/li>\n<li><b>Mango:<\/b> Fabricado en Polipropileno y Elast\u00f3mero resistentes al ataque de \u00e1cidos, aceite colas y grasas. Ergon\u00f3mico y antideslizante. Elast\u00f3mero con textura rugosa para m\u00e1ximos pares de torsi\u00f3n<\/li>\n<li><b>Aplicaci\u00f3n:<\/b> Universal, materiales blandos, madera, materiales duros<\/li>\n<li>Medidas:\u00a0mango 58mm, varilla PH1x25mm\u00a0 \u00a0*disponibilidad de m\u00e1s medidas<\/li>\n<\/ul>\n<p>&nbsp;<\/p>\n<p style=\"text-align: right;\"><a href=\"http:\/\/bianditz.es\/wp-content\/uploads\/2017\/05\/Cat\u00e1logo_2017_DEST-ACODADAS.pdf\" rel=\"\">Cat\u00e1logo 2017 DEST-ACODADAS<\/a><\/p>\n","protected":false},"featured_media":8444,"comment_status":"open","ping_status":"closed","template":"","meta":[],"product_cat":[1202],"product_tag":[226,227,236,237,238],"class_list":{"0":"post-10428","1":"product","2":"type-product","3":"status-publish","4":"has-post-thumbnail","6":"product_cat-destornilladores","7":"product_tag-destornillador-corto","8":"product_tag-destornillador-extra-corto","9":"product_tag-destornillador-phillips","10":"product_tag-tornillo-estrella","11":"product_tag-tornillo-phillips","13":"first","14":"instock","15":"shipping-taxable","16":"product-type-simple"},"yoast_head":"<!-- This site is optimized with the Yoast SEO plugin v22.0 - https:\/\/yoast.com\/wordpress\/plugins\/seo\/ -->\n<title>Destornillador Extra Corto PH - Bianditz Group<\/title>\n<meta name=\"robots\" content=\"index, follow, max-snippet:-1, max-image-preview:large, max-video-preview:-1\" \/>\n<link rel=\"canonical\" href=\"https:\/\/bianditz.es\/producto\/destornillador-extra-corto-ph-phillips\/\" \/>\n<meta property=\"og:locale\" content=\"en_US\" \/>\n<meta property=\"og:type\" content=\"article\" \/>\n<meta property=\"og:title\" content=\"Destornillador Extra Corto PH - Bianditz Group\" \/>\n<meta property=\"og:description\" content=\"Para tornillos Phillips. Los destornilladores de la serie Guepard est\u00e1n dise\u00f1ados y fabricados para un uso profesional intensivo de alto rendimiento. Son extremadamente robustos y combinan aspectos fundamentales de dureza y tenacidad. Estos atributos permiten a los destornilladores de la serie Guepard de Bianditz un alt\u00edsimo nivel de resistencia al desgaste, aumentando su productividad, incrementando su vida \u00fatil y por lo tanto reduciendo el costo de la inversi\u00f3n realizada. &nbsp; C\u00f3digo referencia: 230211 Tipo: Guepard extra corto Material: Varilla fabricada en acero con componentes de Molibdeno y Vanadio Dureza:\u00a058-61 HRC Mango: Fabricado en Polipropileno y Elast\u00f3mero resistentes al ataque de \u00e1cidos, aceite colas y grasas. Ergon\u00f3mico y antideslizante. Elast\u00f3mero con textura rugosa para m\u00e1ximos pares de torsi\u00f3n Aplicaci\u00f3n: Universal, materiales blandos, madera, materiales duros Medidas:\u00a0mango 58mm, varilla PH1x25mm\u00a0 \u00a0*disponibilidad de m\u00e1s medidas &nbsp; Cat\u00e1logo 2017 DEST-ACODADAS\" \/>\n<meta property=\"og:url\" content=\"https:\/\/bianditz.es\/producto\/destornillador-extra-corto-ph-phillips\/\" \/>\n<meta property=\"og:site_name\" content=\"Bianditz Group\" \/>\n<meta property=\"article:modified_time\" content=\"2024-05-17T08:58:45+00:00\" \/>\n<meta property=\"og:image\" content=\"https:\/\/bianditz.es\/wp-content\/uploads\/2023\/12\/dest-ph-stubbyl.jpg\" \/>\n\t<meta property=\"og:image:width\" content=\"1000\" \/>\n\t<meta property=\"og:image:height\" content=\"1000\" \/>\n\t<meta property=\"og:image:type\" content=\"image\/jpeg\" \/>\n<meta name=\"twitter:card\" content=\"summary_large_image\" \/>\n<meta name=\"twitter:label1\" content=\"Est. reading time\" \/>\n\t<meta name=\"twitter:data1\" content=\"1 minute\" \/>\n<script type=\"application\/ld+json\" class=\"yoast-schema-graph\">{\"@context\":\"https:\/\/schema.org\",\"@graph\":[{\"@type\":\"WebPage\",\"@id\":\"https:\/\/bianditz.es\/producto\/destornillador-extra-corto-ph-phillips\/\",\"url\":\"https:\/\/bianditz.es\/producto\/destornillador-extra-corto-ph-phillips\/\",\"name\":\"Destornillador Extra Corto PH - Bianditz Group\",\"isPartOf\":{\"@id\":\"https:\/\/bianditz.es\/#website\"},\"datePublished\":\"2023-12-20T08:59:23+00:00\",\"dateModified\":\"2024-05-17T08:58:45+00:00\",\"breadcrumb\":{\"@id\":\"https:\/\/bianditz.es\/producto\/destornillador-extra-corto-ph-phillips\/#breadcrumb\"},\"inLanguage\":\"en-US\",\"potentialAction\":[{\"@type\":\"ReadAction\",\"target\":[\"https:\/\/bianditz.es\/producto\/destornillador-extra-corto-ph-phillips\/\"]}]},{\"@type\":\"BreadcrumbList\",\"@id\":\"https:\/\/bianditz.es\/producto\/destornillador-extra-corto-ph-phillips\/#breadcrumb\",\"itemListElement\":[{\"@type\":\"ListItem\",\"position\":1,\"name\":\"Portada\",\"item\":\"https:\/\/bianditz.es\/en\/\"},{\"@type\":\"ListItem\",\"position\":2,\"name\":\"Online Catalogue\",\"item\":\"https:\/\/bianditz.es\/en\/online-catalogue\/\"},{\"@type\":\"ListItem\",\"position\":3,\"name\":\"Destornillador Extra Corto PH\"}]},{\"@type\":\"WebSite\",\"@id\":\"https:\/\/bianditz.es\/#website\",\"url\":\"https:\/\/bianditz.es\/\",\"name\":\"Bianditz Group\",\"description\":\"| Fabricante de herramientas de mano\",\"potentialAction\":[{\"@type\":\"SearchAction\",\"target\":{\"@type\":\"EntryPoint\",\"urlTemplate\":\"https:\/\/bianditz.es\/?s={search_term_string}\"},\"query-input\":\"required name=search_term_string\"}],\"inLanguage\":\"en-US\"}]}<\/script>\n<!-- \/ Yoast SEO plugin. -->","yoast_head_json":{"title":"Destornillador Extra Corto PH - Bianditz Group","robots":{"index":"index","follow":"follow","max-snippet":"max-snippet:-1","max-image-preview":"max-image-preview:large","max-video-preview":"max-video-preview:-1"},"canonical":"https:\/\/bianditz.es\/producto\/destornillador-extra-corto-ph-phillips\/","og_locale":"en_US","og_type":"article","og_title":"Destornillador Extra Corto PH - Bianditz Group","og_description":"Para tornillos Phillips. Los destornilladores de la serie Guepard est\u00e1n dise\u00f1ados y fabricados para un uso profesional intensivo de alto rendimiento. Son extremadamente robustos y combinan aspectos fundamentales de dureza y tenacidad. Estos atributos permiten a los destornilladores de la serie Guepard de Bianditz un alt\u00edsimo nivel de resistencia al desgaste, aumentando su productividad, incrementando su vida \u00fatil y por lo tanto reduciendo el costo de la inversi\u00f3n realizada. &nbsp; C\u00f3digo referencia: 230211 Tipo: Guepard extra corto Material: Varilla fabricada en acero con componentes de Molibdeno y Vanadio Dureza:\u00a058-61 HRC Mango: Fabricado en Polipropileno y Elast\u00f3mero resistentes al ataque de \u00e1cidos, aceite colas y grasas. Ergon\u00f3mico y antideslizante. Elast\u00f3mero con textura rugosa para m\u00e1ximos pares de torsi\u00f3n Aplicaci\u00f3n: Universal, materiales blandos, madera, materiales duros Medidas:\u00a0mango 58mm, varilla PH1x25mm\u00a0 \u00a0*disponibilidad de m\u00e1s medidas &nbsp; Cat\u00e1logo 2017 DEST-ACODADAS","og_url":"https:\/\/bianditz.es\/producto\/destornillador-extra-corto-ph-phillips\/","og_site_name":"Bianditz Group","article_modified_time":"2024-05-17T08:58:45+00:00","og_image":[{"width":1000,"height":1000,"url":"https:\/\/bianditz.es\/wp-content\/uploads\/2023\/12\/dest-ph-stubbyl.jpg","type":"image\/jpeg"}],"twitter_card":"summary_large_image","twitter_misc":{"Est. reading time":"1 minute"},"schema":{"@context":"https:\/\/schema.org","@graph":[{"@type":"WebPage","@id":"https:\/\/bianditz.es\/producto\/destornillador-extra-corto-ph-phillips\/","url":"https:\/\/bianditz.es\/producto\/destornillador-extra-corto-ph-phillips\/","name":"Destornillador Extra Corto PH - Bianditz Group","isPartOf":{"@id":"https:\/\/bianditz.es\/#website"},"datePublished":"2023-12-20T08:59:23+00:00","dateModified":"2024-05-17T08:58:45+00:00","breadcrumb":{"@id":"https:\/\/bianditz.es\/producto\/destornillador-extra-corto-ph-phillips\/#breadcrumb"},"inLanguage":"en-US","potentialAction":[{"@type":"ReadAction","target":["https:\/\/bianditz.es\/producto\/destornillador-extra-corto-ph-phillips\/"]}]},{"@type":"BreadcrumbList","@id":"https:\/\/bianditz.es\/producto\/destornillador-extra-corto-ph-phillips\/#breadcrumb","itemListElement":[{"@type":"ListItem","position":1,"name":"Portada","item":"https:\/\/bianditz.es\/en\/"},{"@type":"ListItem","position":2,"name":"Online Catalogue","item":"https:\/\/bianditz.es\/en\/online-catalogue\/"},{"@type":"ListItem","position":3,"name":"Destornillador Extra Corto PH"}]},{"@type":"WebSite","@id":"https:\/\/bianditz.es\/#website","url":"https:\/\/bianditz.es\/","name":"Bianditz Group","description":"| Fabricante de herramientas de mano","potentialAction":[{"@type":"SearchAction","target":{"@type":"EntryPoint","urlTemplate":"https:\/\/bianditz.es\/?s={search_term_string}"},"query-input":"required name=search_term_string"}],"inLanguage":"en-US"}]}},"_links":{"self":[{"href":"https:\/\/bianditz.es\/en\/wp-json\/wp\/v2\/product\/10428","targetHints":{"allow":["GET"]}}],"collection":[{"href":"https:\/\/bianditz.es\/en\/wp-json\/wp\/v2\/product"}],"about":[{"href":"https:\/\/bianditz.es\/en\/wp-json\/wp\/v2\/types\/product"}],"replies":[{"embeddable":true,"href":"https:\/\/bianditz.es\/en\/wp-json\/wp\/v2\/comments?post=10428"}],"version-history":[{"count":6,"href":"https:\/\/bianditz.es\/en\/wp-json\/wp\/v2\/product\/10428\/revisions"}],"predecessor-version":[{"id":13253,"href":"https:\/\/bianditz.es\/en\/wp-json\/wp\/v2\/product\/10428\/revisions\/13253"}],"wp:featuredmedia":[{"embeddable":true,"href":"https:\/\/bianditz.es\/en\/wp-json\/wp\/v2\/media\/8444"}],"wp:attachment":[{"href":"https:\/\/bianditz.es\/en\/wp-json\/wp\/v2\/media?parent=10428"}],"wp:term":[{"taxonomy":"product_cat","embeddable":true,"href":"https:\/\/bianditz.es\/en\/wp-json\/wp\/v2\/product_cat?post=10428"},{"taxonomy":"product_tag","embeddable":true,"href":"https:\/\/bianditz.es\/en\/wp-json\/wp\/v2\/product_tag?post=10428"}],"curies":[{"name":"wp","href":"https:\/\/api.w.org\/{rel}","templated":true}]}}