{"id":10437,"date":"2023-12-20T08:59:24","date_gmt":"2023-12-20T08:59:24","guid":{"rendered":"https:\/\/bianditz.es\/?post_type=product&#038;p=10437"},"modified":"2024-05-06T11:46:30","modified_gmt":"2024-05-06T11:46:30","slug":"destornilladores-boca-cuadrada","status":"publish","type":"product","link":"https:\/\/bianditz.es\/en\/producto\/destornilladores-boca-cuadrada\/","title":{"rendered":"Destornillador Boca Cuadrada"},"content":{"rendered":"<p>Los destornilladores de la serie Guepard est\u00e1n dise\u00f1ados y fabricados para un uso profesional intensivo de alto rendimiento. Son extremadamente robustos y combinan aspectos fundamentales de dureza y tenacidad. Estos atributos permiten a los destornilladores de la serie Guepard de Bianditz un alt\u00edsimo nivel de resistencia al desgaste, aumentando su productividad, incrementando su vida \u00fatil y por lo tanto reduciendo el costo de la inversi\u00f3n realizada. Para tornillos cuadrados.<\/p>\n<p>&nbsp;<\/p>\n<ul>\n<li><strong>C\u00f3digo referencia: <\/strong>230521<\/li>\n<li><strong>Tipo<\/strong>: Guepard boca cuadrada<\/li>\n<li><b>Material: <\/b>Varilla fabricada en acero con componentes de Molibdeno y Vanadio<\/li>\n<li><b>Dureza: <\/b>58-61 HRC<\/li>\n<li><b>Mango:<\/b> Fabricado en Polipropileno y Elast\u00f3mero resistentes al ataque de \u00e1cidos, aceite colas y grasas. Ergon\u00f3mico y antideslizante. Elast\u00f3mero con textura rugosa para m\u00e1ximos pares de torsi\u00f3n<\/li>\n<li><b>Aplicaci\u00f3n:<\/b> Universal, materiales blandos, madera, materiales duros<\/li>\n<li><strong>Medidas: <\/strong>mango 121mm, varilla R1 x 150mm\u00a0 \u00a0 *disponibilidad de m\u00e1s medidas<\/li>\n<\/ul>\n<p>&nbsp;<\/p>\n<p style=\"text-align: right;\"><a href=\"http:\/\/bianditz.es\/wp-content\/uploads\/2016\/05\/APRIETE.pdf\" rel=\"\">Cat\u00e1logo DEST-ACODADAS<\/a><\/p>\n","protected":false},"excerpt":{"rendered":"<p>Los destornilladores de la serie Guepard est\u00e1n dise\u00f1ados y fabricados para un uso profesional intensivo de alto rendimiento. Son extremadamente robustos y combinan aspectos fundamentales de dureza y tenacidad. Estos atributos permiten a los destornilladores de la serie Guepard de Bianditz un alt\u00edsimo nivel de resistencia al desgaste, aumentando su productividad, incrementando su vida \u00fatil y por lo tanto reduciendo el costo de la inversi\u00f3n realizada. Para tornillos cuadrados.<\/p>\n<p>&nbsp;<\/p>\n<ul>\n<li>C\u00f3digo referencia: 230521<\/li>\n<li>Tipo: Guepard boca cuadrada<\/li>\n<li><b>Material: <\/b>Varilla fabricada en acero con componentes de Molibdeno y Vanadio<\/li>\n<li><b>Dureza: <\/b>58-61 HRC<\/li>\n<li><b>Mango:<\/b> Fabricado en Polipropileno y Elast\u00f3mero resistentes al ataque de \u00e1cidos, aceite colas y grasas. Ergon\u00f3mico y antideslizante. Elast\u00f3mero con textura rugosa para m\u00e1ximos pares de torsi\u00f3n<\/li>\n<li><b>Aplicaci\u00f3n:<\/b> Universal, materiales blandos, madera, materiales duros<\/li>\n<li>Medidas: mango 121mm, varilla R1 x 150mm\u00a0 \u00a0 *disponibilidad de m\u00e1s medidas<\/li>\n<\/ul>\n<p>&nbsp;<\/p>\n<p style=\"text-align: right;\"><a href=\"http:\/\/bianditz.es\/wp-content\/uploads\/2016\/05\/APRIETE.pdf\" rel=\"\">Cat\u00e1logo DEST-ACODADAS<\/a><\/p>\n","protected":false},"featured_media":8452,"comment_status":"open","ping_status":"closed","template":"","meta":[],"product_cat":[1202],"product_tag":[258,259],"class_list":{"0":"post-10437","1":"product","2":"type-product","3":"status-publish","4":"has-post-thumbnail","6":"product_cat-destornilladores","7":"product_tag-destornillador-boca-cuadrada","8":"product_tag-destornillador-robertson","10":"first","11":"instock","12":"shipping-taxable","13":"product-type-simple"},"yoast_head":"<!-- This site is optimized with the Yoast SEO plugin v22.0 - https:\/\/yoast.com\/wordpress\/plugins\/seo\/ -->\n<title>Destornillador Boca Cuadrada - Bianditz Group<\/title>\n<meta name=\"robots\" content=\"index, follow, max-snippet:-1, max-image-preview:large, max-video-preview:-1\" \/>\n<link rel=\"canonical\" href=\"https:\/\/bianditz.es\/producto\/destornilladores-boca-cuadrada\/\" \/>\n<meta property=\"og:locale\" content=\"en_US\" \/>\n<meta property=\"og:type\" content=\"article\" \/>\n<meta property=\"og:title\" content=\"Destornillador Boca Cuadrada - Bianditz Group\" \/>\n<meta property=\"og:description\" content=\"Los destornilladores de la serie Guepard est\u00e1n dise\u00f1ados y fabricados para un uso profesional intensivo de alto rendimiento. Son extremadamente robustos y combinan aspectos fundamentales de dureza y tenacidad. Estos atributos permiten a los destornilladores de la serie Guepard de Bianditz un alt\u00edsimo nivel de resistencia al desgaste, aumentando su productividad, incrementando su vida \u00fatil y por lo tanto reduciendo el costo de la inversi\u00f3n realizada. Para tornillos cuadrados. &nbsp; C\u00f3digo referencia: 230521 Tipo: Guepard boca cuadrada Material: Varilla fabricada en acero con componentes de Molibdeno y Vanadio Dureza: 58-61 HRC Mango: Fabricado en Polipropileno y Elast\u00f3mero resistentes al ataque de \u00e1cidos, aceite colas y grasas. Ergon\u00f3mico y antideslizante. Elast\u00f3mero con textura rugosa para m\u00e1ximos pares de torsi\u00f3n Aplicaci\u00f3n: Universal, materiales blandos, madera, materiales duros Medidas: mango 121mm, varilla R1 x 150mm\u00a0 \u00a0 *disponibilidad de m\u00e1s medidas &nbsp; Cat\u00e1logo DEST-ACODADAS\" \/>\n<meta property=\"og:url\" content=\"https:\/\/bianditz.es\/producto\/destornilladores-boca-cuadrada\/\" \/>\n<meta property=\"og:site_name\" content=\"Bianditz Group\" \/>\n<meta property=\"article:modified_time\" content=\"2024-05-06T11:46:30+00:00\" \/>\n<meta property=\"og:image\" content=\"https:\/\/bianditz.es\/wp-content\/uploads\/2023\/12\/dest-cuadrado.jpg\" \/>\n\t<meta property=\"og:image:width\" content=\"1000\" \/>\n\t<meta property=\"og:image:height\" content=\"1000\" \/>\n\t<meta property=\"og:image:type\" content=\"image\/jpeg\" \/>\n<meta name=\"twitter:card\" content=\"summary_large_image\" \/>\n<meta name=\"twitter:label1\" content=\"Est. reading time\" \/>\n\t<meta name=\"twitter:data1\" content=\"1 minute\" \/>\n<script type=\"application\/ld+json\" class=\"yoast-schema-graph\">{\"@context\":\"https:\/\/schema.org\",\"@graph\":[{\"@type\":\"WebPage\",\"@id\":\"https:\/\/bianditz.es\/producto\/destornilladores-boca-cuadrada\/\",\"url\":\"https:\/\/bianditz.es\/producto\/destornilladores-boca-cuadrada\/\",\"name\":\"Destornillador Boca Cuadrada - Bianditz Group\",\"isPartOf\":{\"@id\":\"https:\/\/bianditz.es\/#website\"},\"datePublished\":\"2023-12-20T08:59:24+00:00\",\"dateModified\":\"2024-05-06T11:46:30+00:00\",\"breadcrumb\":{\"@id\":\"https:\/\/bianditz.es\/producto\/destornilladores-boca-cuadrada\/#breadcrumb\"},\"inLanguage\":\"en-US\",\"potentialAction\":[{\"@type\":\"ReadAction\",\"target\":[\"https:\/\/bianditz.es\/producto\/destornilladores-boca-cuadrada\/\"]}]},{\"@type\":\"BreadcrumbList\",\"@id\":\"https:\/\/bianditz.es\/producto\/destornilladores-boca-cuadrada\/#breadcrumb\",\"itemListElement\":[{\"@type\":\"ListItem\",\"position\":1,\"name\":\"Portada\",\"item\":\"https:\/\/bianditz.es\/en\/\"},{\"@type\":\"ListItem\",\"position\":2,\"name\":\"Online Catalogue\",\"item\":\"https:\/\/bianditz.es\/en\/online-catalogue\/\"},{\"@type\":\"ListItem\",\"position\":3,\"name\":\"Destornillador Boca Cuadrada\"}]},{\"@type\":\"WebSite\",\"@id\":\"https:\/\/bianditz.es\/#website\",\"url\":\"https:\/\/bianditz.es\/\",\"name\":\"Bianditz Group\",\"description\":\"| Fabricante de herramientas de mano\",\"potentialAction\":[{\"@type\":\"SearchAction\",\"target\":{\"@type\":\"EntryPoint\",\"urlTemplate\":\"https:\/\/bianditz.es\/?s={search_term_string}\"},\"query-input\":\"required name=search_term_string\"}],\"inLanguage\":\"en-US\"}]}<\/script>\n<!-- \/ Yoast SEO plugin. -->","yoast_head_json":{"title":"Destornillador Boca Cuadrada - Bianditz Group","robots":{"index":"index","follow":"follow","max-snippet":"max-snippet:-1","max-image-preview":"max-image-preview:large","max-video-preview":"max-video-preview:-1"},"canonical":"https:\/\/bianditz.es\/producto\/destornilladores-boca-cuadrada\/","og_locale":"en_US","og_type":"article","og_title":"Destornillador Boca Cuadrada - Bianditz Group","og_description":"Los destornilladores de la serie Guepard est\u00e1n dise\u00f1ados y fabricados para un uso profesional intensivo de alto rendimiento. Son extremadamente robustos y combinan aspectos fundamentales de dureza y tenacidad. Estos atributos permiten a los destornilladores de la serie Guepard de Bianditz un alt\u00edsimo nivel de resistencia al desgaste, aumentando su productividad, incrementando su vida \u00fatil y por lo tanto reduciendo el costo de la inversi\u00f3n realizada. Para tornillos cuadrados. &nbsp; C\u00f3digo referencia: 230521 Tipo: Guepard boca cuadrada Material: Varilla fabricada en acero con componentes de Molibdeno y Vanadio Dureza: 58-61 HRC Mango: Fabricado en Polipropileno y Elast\u00f3mero resistentes al ataque de \u00e1cidos, aceite colas y grasas. Ergon\u00f3mico y antideslizante. Elast\u00f3mero con textura rugosa para m\u00e1ximos pares de torsi\u00f3n Aplicaci\u00f3n: Universal, materiales blandos, madera, materiales duros Medidas: mango 121mm, varilla R1 x 150mm\u00a0 \u00a0 *disponibilidad de m\u00e1s medidas &nbsp; Cat\u00e1logo DEST-ACODADAS","og_url":"https:\/\/bianditz.es\/producto\/destornilladores-boca-cuadrada\/","og_site_name":"Bianditz Group","article_modified_time":"2024-05-06T11:46:30+00:00","og_image":[{"width":1000,"height":1000,"url":"https:\/\/bianditz.es\/wp-content\/uploads\/2023\/12\/dest-cuadrado.jpg","type":"image\/jpeg"}],"twitter_card":"summary_large_image","twitter_misc":{"Est. reading time":"1 minute"},"schema":{"@context":"https:\/\/schema.org","@graph":[{"@type":"WebPage","@id":"https:\/\/bianditz.es\/producto\/destornilladores-boca-cuadrada\/","url":"https:\/\/bianditz.es\/producto\/destornilladores-boca-cuadrada\/","name":"Destornillador Boca Cuadrada - Bianditz Group","isPartOf":{"@id":"https:\/\/bianditz.es\/#website"},"datePublished":"2023-12-20T08:59:24+00:00","dateModified":"2024-05-06T11:46:30+00:00","breadcrumb":{"@id":"https:\/\/bianditz.es\/producto\/destornilladores-boca-cuadrada\/#breadcrumb"},"inLanguage":"en-US","potentialAction":[{"@type":"ReadAction","target":["https:\/\/bianditz.es\/producto\/destornilladores-boca-cuadrada\/"]}]},{"@type":"BreadcrumbList","@id":"https:\/\/bianditz.es\/producto\/destornilladores-boca-cuadrada\/#breadcrumb","itemListElement":[{"@type":"ListItem","position":1,"name":"Portada","item":"https:\/\/bianditz.es\/en\/"},{"@type":"ListItem","position":2,"name":"Online Catalogue","item":"https:\/\/bianditz.es\/en\/online-catalogue\/"},{"@type":"ListItem","position":3,"name":"Destornillador Boca Cuadrada"}]},{"@type":"WebSite","@id":"https:\/\/bianditz.es\/#website","url":"https:\/\/bianditz.es\/","name":"Bianditz Group","description":"| Fabricante de herramientas de mano","potentialAction":[{"@type":"SearchAction","target":{"@type":"EntryPoint","urlTemplate":"https:\/\/bianditz.es\/?s={search_term_string}"},"query-input":"required name=search_term_string"}],"inLanguage":"en-US"}]}},"_links":{"self":[{"href":"https:\/\/bianditz.es\/en\/wp-json\/wp\/v2\/product\/10437","targetHints":{"allow":["GET"]}}],"collection":[{"href":"https:\/\/bianditz.es\/en\/wp-json\/wp\/v2\/product"}],"about":[{"href":"https:\/\/bianditz.es\/en\/wp-json\/wp\/v2\/types\/product"}],"replies":[{"embeddable":true,"href":"https:\/\/bianditz.es\/en\/wp-json\/wp\/v2\/comments?post=10437"}],"version-history":[{"count":4,"href":"https:\/\/bianditz.es\/en\/wp-json\/wp\/v2\/product\/10437\/revisions"}],"predecessor-version":[{"id":13097,"href":"https:\/\/bianditz.es\/en\/wp-json\/wp\/v2\/product\/10437\/revisions\/13097"}],"wp:featuredmedia":[{"embeddable":true,"href":"https:\/\/bianditz.es\/en\/wp-json\/wp\/v2\/media\/8452"}],"wp:attachment":[{"href":"https:\/\/bianditz.es\/en\/wp-json\/wp\/v2\/media?parent=10437"}],"wp:term":[{"taxonomy":"product_cat","embeddable":true,"href":"https:\/\/bianditz.es\/en\/wp-json\/wp\/v2\/product_cat?post=10437"},{"taxonomy":"product_tag","embeddable":true,"href":"https:\/\/bianditz.es\/en\/wp-json\/wp\/v2\/product_tag?post=10437"}],"curies":[{"name":"wp","href":"https:\/\/api.w.org\/{rel}","templated":true}]}}