{"id":10475,"date":"2023-12-20T08:59:27","date_gmt":"2023-12-20T08:59:27","guid":{"rendered":"https:\/\/bianditz.es\/?post_type=product&#038;p=10475"},"modified":"2024-05-10T10:23:40","modified_gmt":"2024-05-10T10:23:40","slug":"juegos-destornilladores-aislados","status":"publish","type":"product","link":"https:\/\/bianditz.es\/en\/producto\/juegos-destornilladores-aislados\/","title":{"rendered":"Juegos destornilladores Aislados"},"content":{"rendered":"<p>Los destornilladores de la serie Aislados est\u00e1n dise\u00f1ados y fabricados para trabajos en tensi\u00f3n hasta 1.000V. Corriente alterna y 1.500V corriente continua. Homologados por VDE, cumplen con las normas m\u00e1s exigentes de calidad Europeas EN60900 IEC60900:2004 en cuanto a ensayos de choque, diel\u00e9ctricos, de penetraci\u00f3n, de adherencia, no propagaci\u00f3n de llama y por supuesto ensayos mec\u00e1nicos. Juego de 7 destornilladores aislados: 3 de boca recta, 3 PZ y un destornillador buscapolos.<\/p>\n<p>&nbsp;<\/p>\n<ul>\n<li><strong>C\u00f3digo referencia:\u00a0<\/strong>230905<\/li>\n<li><strong>T<\/strong><strong>ipo<\/strong>: Aislados<\/li>\n<li><b>Material:<\/b> Varilla aislada y fabricada en acero con componentes de Molibdeno y Vanadio<\/li>\n<li><b>Dureza:<\/b> 58-61 HRC<\/li>\n<li><b>Mango:<\/b> Fabricado en Polipropileno y Elast\u00f3mero resistentes al ataque de \u00e1cidos, aceite colas y grasas. Ergon\u00f3mico y antideslizante. Elast\u00f3mero con textura rugosa para m\u00e1ximos pares de torsi\u00f3n<\/li>\n<li><b>Aplicaci\u00f3n:<\/b> Para trabajos en tensi\u00f3n<\/li>\n<li><strong>Medidas:<\/strong>\n<ul>\n<li>Boca recta: 3&#215;0,5x100mm + 4,0&#215;0,8x100mm + 5,5x1x125mm<\/li>\n<li>PH: PH0x60mm + PH1x80mm + PH2x100mm<\/li>\n<\/ul>\n<\/li>\n<\/ul>\n<p style=\"text-align: right;\"><a href=\"http:\/\/bianditz.es\/wp-content\/uploads\/2016\/05\/APRIETE.pdf\" rel=\"\">Cat\u00e1logo DEST-ACODADAS<\/a><\/p>\n","protected":false},"excerpt":{"rendered":"<p>Los destornilladores de la serie Aislados est\u00e1n dise\u00f1ados y fabricados para trabajos en tensi\u00f3n hasta 1.000V. Corriente alterna y 1.500V corriente continua. Homologados por VDE, cumplen con las normas m\u00e1s exigentes de calidad Europeas EN60900 IEC60900:2004 en cuanto a ensayos de choque, diel\u00e9ctricos, de penetraci\u00f3n, de adherencia, no propagaci\u00f3n de llama y por supuesto ensayos mec\u00e1nicos. Juego de 7 destornilladores aislados: 3 de boca recta, 3 PZ y un destornillador buscapolos.<\/p>\n<p>&nbsp;<\/p>\n<ul>\n<li>C\u00f3digo referencia:\u00a0230905<\/li>\n<li>Tipo: Aislados<\/li>\n<li><b>Material:<\/b> Varilla aislada y fabricada en acero con componentes de Molibdeno y Vanadio<\/li>\n<li><b>Dureza:<\/b> 58-61 HRC<\/li>\n<li><b>Mango:<\/b> Fabricado en Polipropileno y Elast\u00f3mero resistentes al ataque de \u00e1cidos, aceite colas y grasas. Ergon\u00f3mico y antideslizante. Elast\u00f3mero con textura rugosa para m\u00e1ximos pares de torsi\u00f3n<\/li>\n<li><b>Aplicaci\u00f3n:<\/b> Para trabajos en tensi\u00f3n<\/li>\n<li>Medidas:\n<ul>\n<li>Boca recta: 3&#215;0,5x100mm + 4,0&#215;0,8x100mm + 5,5x1x125mm<\/li>\n<li>PH: PH0x60mm + PH1x80mm + PH2x100mm<\/li>\n<\/ul>\n<\/li>\n<\/ul>\n<p style=\"text-align: right;\"><a href=\"http:\/\/bianditz.es\/wp-content\/uploads\/2016\/05\/APRIETE.pdf\" rel=\"\">Cat\u00e1logo DEST-ACODADAS<\/a><\/p>\n","protected":false},"featured_media":8479,"comment_status":"open","ping_status":"closed","template":"","meta":[],"product_cat":[1202],"product_tag":[262,240,236,241,244,278,264,265],"class_list":{"0":"post-10475","1":"product","2":"type-product","3":"status-publish","4":"has-post-thumbnail","6":"product_cat-destornilladores","7":"product_tag-1000v","8":"product_tag-destornillador-estrella","9":"product_tag-destornillador-phillips","10":"product_tag-destornillador-pozidriv","11":"product_tag-destornillador-torx","12":"product_tag-juego-destornilladores-aislados","13":"product_tag-mil-voltios","14":"product_tag-vde","16":"first","17":"instock","18":"shipping-taxable","19":"product-type-simple"},"yoast_head":"<!-- This site is optimized with the Yoast SEO plugin v22.0 - https:\/\/yoast.com\/wordpress\/plugins\/seo\/ -->\n<title>Juegos destornilladores Aislados - Bianditz Group<\/title>\n<meta name=\"robots\" content=\"index, follow, max-snippet:-1, max-image-preview:large, max-video-preview:-1\" \/>\n<link rel=\"canonical\" href=\"https:\/\/bianditz.es\/producto\/juegos-destornilladores-aislados\/\" \/>\n<meta property=\"og:locale\" content=\"en_US\" \/>\n<meta property=\"og:type\" content=\"article\" \/>\n<meta property=\"og:title\" content=\"Juegos destornilladores Aislados - Bianditz Group\" \/>\n<meta property=\"og:description\" content=\"Los destornilladores de la serie Aislados est\u00e1n dise\u00f1ados y fabricados para trabajos en tensi\u00f3n hasta 1.000V. Corriente alterna y 1.500V corriente continua. Homologados por VDE, cumplen con las normas m\u00e1s exigentes de calidad Europeas EN60900 IEC60900:2004 en cuanto a ensayos de choque, diel\u00e9ctricos, de penetraci\u00f3n, de adherencia, no propagaci\u00f3n de llama y por supuesto ensayos mec\u00e1nicos. Juego de 7 destornilladores aislados: 3 de boca recta, 3 PZ y un destornillador buscapolos. &nbsp; C\u00f3digo referencia:\u00a0230905 Tipo: Aislados Material: Varilla aislada y fabricada en acero con componentes de Molibdeno y Vanadio Dureza: 58-61 HRC Mango: Fabricado en Polipropileno y Elast\u00f3mero resistentes al ataque de \u00e1cidos, aceite colas y grasas. Ergon\u00f3mico y antideslizante. Elast\u00f3mero con textura rugosa para m\u00e1ximos pares de torsi\u00f3n Aplicaci\u00f3n: Para trabajos en tensi\u00f3n Medidas: Boca recta: 3&#215;0,5x100mm + 4,0&#215;0,8x100mm + 5,5x1x125mm PH: PH0x60mm + PH1x80mm + PH2x100mm  Cat\u00e1logo DEST-ACODADAS\" \/>\n<meta property=\"og:url\" content=\"https:\/\/bianditz.es\/producto\/juegos-destornilladores-aislados\/\" \/>\n<meta property=\"og:site_name\" content=\"Bianditz Group\" \/>\n<meta property=\"article:modified_time\" content=\"2024-05-10T10:23:40+00:00\" \/>\n<meta property=\"og:image\" content=\"https:\/\/bianditz.es\/wp-content\/uploads\/2023\/12\/juego-asilados.jpg\" \/>\n\t<meta property=\"og:image:width\" content=\"1000\" \/>\n\t<meta property=\"og:image:height\" content=\"1000\" \/>\n\t<meta property=\"og:image:type\" content=\"image\/jpeg\" \/>\n<meta name=\"twitter:card\" content=\"summary_large_image\" \/>\n<meta name=\"twitter:label1\" content=\"Est. reading time\" \/>\n\t<meta name=\"twitter:data1\" content=\"1 minute\" \/>\n<script type=\"application\/ld+json\" class=\"yoast-schema-graph\">{\"@context\":\"https:\/\/schema.org\",\"@graph\":[{\"@type\":\"WebPage\",\"@id\":\"https:\/\/bianditz.es\/producto\/juegos-destornilladores-aislados\/\",\"url\":\"https:\/\/bianditz.es\/producto\/juegos-destornilladores-aislados\/\",\"name\":\"Juegos destornilladores Aislados - Bianditz Group\",\"isPartOf\":{\"@id\":\"https:\/\/bianditz.es\/#website\"},\"datePublished\":\"2023-12-20T08:59:27+00:00\",\"dateModified\":\"2024-05-10T10:23:40+00:00\",\"breadcrumb\":{\"@id\":\"https:\/\/bianditz.es\/producto\/juegos-destornilladores-aislados\/#breadcrumb\"},\"inLanguage\":\"en-US\",\"potentialAction\":[{\"@type\":\"ReadAction\",\"target\":[\"https:\/\/bianditz.es\/producto\/juegos-destornilladores-aislados\/\"]}]},{\"@type\":\"BreadcrumbList\",\"@id\":\"https:\/\/bianditz.es\/producto\/juegos-destornilladores-aislados\/#breadcrumb\",\"itemListElement\":[{\"@type\":\"ListItem\",\"position\":1,\"name\":\"Portada\",\"item\":\"https:\/\/bianditz.es\/en\/\"},{\"@type\":\"ListItem\",\"position\":2,\"name\":\"Online Catalogue\",\"item\":\"https:\/\/bianditz.es\/en\/online-catalogue\/\"},{\"@type\":\"ListItem\",\"position\":3,\"name\":\"Juegos destornilladores Aislados\"}]},{\"@type\":\"WebSite\",\"@id\":\"https:\/\/bianditz.es\/#website\",\"url\":\"https:\/\/bianditz.es\/\",\"name\":\"Bianditz Group\",\"description\":\"| Fabricante de herramientas de mano\",\"potentialAction\":[{\"@type\":\"SearchAction\",\"target\":{\"@type\":\"EntryPoint\",\"urlTemplate\":\"https:\/\/bianditz.es\/?s={search_term_string}\"},\"query-input\":\"required name=search_term_string\"}],\"inLanguage\":\"en-US\"}]}<\/script>\n<!-- \/ Yoast SEO plugin. -->","yoast_head_json":{"title":"Juegos destornilladores Aislados - Bianditz Group","robots":{"index":"index","follow":"follow","max-snippet":"max-snippet:-1","max-image-preview":"max-image-preview:large","max-video-preview":"max-video-preview:-1"},"canonical":"https:\/\/bianditz.es\/producto\/juegos-destornilladores-aislados\/","og_locale":"en_US","og_type":"article","og_title":"Juegos destornilladores Aislados - Bianditz Group","og_description":"Los destornilladores de la serie Aislados est\u00e1n dise\u00f1ados y fabricados para trabajos en tensi\u00f3n hasta 1.000V. Corriente alterna y 1.500V corriente continua. Homologados por VDE, cumplen con las normas m\u00e1s exigentes de calidad Europeas EN60900 IEC60900:2004 en cuanto a ensayos de choque, diel\u00e9ctricos, de penetraci\u00f3n, de adherencia, no propagaci\u00f3n de llama y por supuesto ensayos mec\u00e1nicos. Juego de 7 destornilladores aislados: 3 de boca recta, 3 PZ y un destornillador buscapolos. &nbsp; C\u00f3digo referencia:\u00a0230905 Tipo: Aislados Material: Varilla aislada y fabricada en acero con componentes de Molibdeno y Vanadio Dureza: 58-61 HRC Mango: Fabricado en Polipropileno y Elast\u00f3mero resistentes al ataque de \u00e1cidos, aceite colas y grasas. Ergon\u00f3mico y antideslizante. Elast\u00f3mero con textura rugosa para m\u00e1ximos pares de torsi\u00f3n Aplicaci\u00f3n: Para trabajos en tensi\u00f3n Medidas: Boca recta: 3&#215;0,5x100mm + 4,0&#215;0,8x100mm + 5,5x1x125mm PH: PH0x60mm + PH1x80mm + PH2x100mm  Cat\u00e1logo DEST-ACODADAS","og_url":"https:\/\/bianditz.es\/producto\/juegos-destornilladores-aislados\/","og_site_name":"Bianditz Group","article_modified_time":"2024-05-10T10:23:40+00:00","og_image":[{"width":1000,"height":1000,"url":"https:\/\/bianditz.es\/wp-content\/uploads\/2023\/12\/juego-asilados.jpg","type":"image\/jpeg"}],"twitter_card":"summary_large_image","twitter_misc":{"Est. reading time":"1 minute"},"schema":{"@context":"https:\/\/schema.org","@graph":[{"@type":"WebPage","@id":"https:\/\/bianditz.es\/producto\/juegos-destornilladores-aislados\/","url":"https:\/\/bianditz.es\/producto\/juegos-destornilladores-aislados\/","name":"Juegos destornilladores Aislados - Bianditz Group","isPartOf":{"@id":"https:\/\/bianditz.es\/#website"},"datePublished":"2023-12-20T08:59:27+00:00","dateModified":"2024-05-10T10:23:40+00:00","breadcrumb":{"@id":"https:\/\/bianditz.es\/producto\/juegos-destornilladores-aislados\/#breadcrumb"},"inLanguage":"en-US","potentialAction":[{"@type":"ReadAction","target":["https:\/\/bianditz.es\/producto\/juegos-destornilladores-aislados\/"]}]},{"@type":"BreadcrumbList","@id":"https:\/\/bianditz.es\/producto\/juegos-destornilladores-aislados\/#breadcrumb","itemListElement":[{"@type":"ListItem","position":1,"name":"Portada","item":"https:\/\/bianditz.es\/en\/"},{"@type":"ListItem","position":2,"name":"Online Catalogue","item":"https:\/\/bianditz.es\/en\/online-catalogue\/"},{"@type":"ListItem","position":3,"name":"Juegos destornilladores Aislados"}]},{"@type":"WebSite","@id":"https:\/\/bianditz.es\/#website","url":"https:\/\/bianditz.es\/","name":"Bianditz Group","description":"| Fabricante de herramientas de mano","potentialAction":[{"@type":"SearchAction","target":{"@type":"EntryPoint","urlTemplate":"https:\/\/bianditz.es\/?s={search_term_string}"},"query-input":"required name=search_term_string"}],"inLanguage":"en-US"}]}},"_links":{"self":[{"href":"https:\/\/bianditz.es\/en\/wp-json\/wp\/v2\/product\/10475","targetHints":{"allow":["GET"]}}],"collection":[{"href":"https:\/\/bianditz.es\/en\/wp-json\/wp\/v2\/product"}],"about":[{"href":"https:\/\/bianditz.es\/en\/wp-json\/wp\/v2\/types\/product"}],"replies":[{"embeddable":true,"href":"https:\/\/bianditz.es\/en\/wp-json\/wp\/v2\/comments?post=10475"}],"version-history":[{"count":3,"href":"https:\/\/bianditz.es\/en\/wp-json\/wp\/v2\/product\/10475\/revisions"}],"predecessor-version":[{"id":13144,"href":"https:\/\/bianditz.es\/en\/wp-json\/wp\/v2\/product\/10475\/revisions\/13144"}],"wp:featuredmedia":[{"embeddable":true,"href":"https:\/\/bianditz.es\/en\/wp-json\/wp\/v2\/media\/8479"}],"wp:attachment":[{"href":"https:\/\/bianditz.es\/en\/wp-json\/wp\/v2\/media?parent=10475"}],"wp:term":[{"taxonomy":"product_cat","embeddable":true,"href":"https:\/\/bianditz.es\/en\/wp-json\/wp\/v2\/product_cat?post=10475"},{"taxonomy":"product_tag","embeddable":true,"href":"https:\/\/bianditz.es\/en\/wp-json\/wp\/v2\/product_tag?post=10475"}],"curies":[{"name":"wp","href":"https:\/\/api.w.org\/{rel}","templated":true}]}}