{"id":10487,"date":"2023-12-20T08:59:28","date_gmt":"2023-12-20T08:59:28","guid":{"rendered":"https:\/\/bianditz.es\/?post_type=product&#038;p=10487"},"modified":"2024-05-13T06:22:16","modified_gmt":"2024-05-13T06:22:16","slug":"navaja-multifuncion-hexagonal","status":"publish","type":"product","link":"https:\/\/bianditz.es\/en\/producto\/navaja-multifuncion-hexagonal\/","title":{"rendered":"Juego 7 llaves navaja multifunci\u00f3n Hex"},"content":{"rendered":"<p>Juego de 7 llaves navaja para tornillos hexagonales. Las navajas multifunci\u00f3n hexagonales Bianditz de calidad profesional proporcionan un par de torsi\u00f3n superior en un 20% a otras llaves similares.<\/p>\n<p>&nbsp;<\/p>\n<ul>\n<li><strong>C\u00f3digo referencia:\u00a0<\/strong>232006<\/li>\n<li><strong>Tipo<\/strong>: Llaves navaja<\/li>\n<li><b>Material:<\/b> Acero con componentes de Molibdeno y Vanadio<\/li>\n<li><b>Dureza:<\/b>\u00a058-60 HRC<\/li>\n<li><strong>Medidas: <\/strong>dos productos\n<ul>\n<li>232006: 2,5 &#8211; 3 &#8211; 4 &#8211; 5 &#8211; 6 &#8211; 8 &#8211; 10mm<\/li>\n<li>232007: 1,5 &#8211; 2 &#8211; 2,5 &#8211; 3 &#8211; 4 &#8211; 5 &#8211; 6mm<\/li>\n<\/ul>\n<\/li>\n<\/ul>\n<p style=\"text-align: right;\"><a href=\"http:\/\/bianditz.es\/wp-content\/uploads\/2016\/05\/APRIETE.pdf\" rel=\"\">Cat\u00e1logo DEST-ACODADAS<\/a><\/p>\n","protected":false},"excerpt":{"rendered":"<p>Juego de 7 llaves navaja para tornillos hexagonales. Las navajas multifunci\u00f3n hexagonales Bianditz de calidad profesional proporcionan un par de torsi\u00f3n superior en un 20% a otras llaves similares.<\/p>\n<p>&nbsp;<\/p>\n<ul>\n<li>C\u00f3digo referencia:\u00a0232006<\/li>\n<li>Tipo: Llaves navaja<\/li>\n<li><b>Material:<\/b> Acero con componentes de Molibdeno y Vanadio<\/li>\n<li><b>Dureza:<\/b>\u00a058-60 HRC<\/li>\n<li>Medidas: dos productos\n<ul>\n<li>232006: 2,5 &#8211; 3 &#8211; 4 &#8211; 5 &#8211; 6 &#8211; 8 &#8211; 10mm<\/li>\n<li>232007: 1,5 &#8211; 2 &#8211; 2,5 &#8211; 3 &#8211; 4 &#8211; 5 &#8211; 6mm<\/li>\n<\/ul>\n<\/li>\n<\/ul>\n<p style=\"text-align: right;\"><a href=\"http:\/\/bianditz.es\/wp-content\/uploads\/2016\/05\/APRIETE.pdf\" rel=\"\">Cat\u00e1logo DEST-ACODADAS<\/a><\/p>\n","protected":false},"featured_media":8504,"comment_status":"open","ping_status":"closed","template":"","meta":[],"product_cat":[1205],"product_tag":[281,201,284,310,311,255],"class_list":{"0":"post-10487","1":"product","2":"type-product","3":"status-publish","4":"has-post-thumbnail","6":"product_cat-navajas-multifuncion","7":"product_tag-allen","8":"product_tag-hexagonal","9":"product_tag-llave-bolsillo","10":"product_tag-llave-plegable","11":"product_tag-navaja-multifuncion","12":"product_tag-tornillo-hexagonal","14":"first","15":"instock","16":"shipping-taxable","17":"product-type-simple"},"yoast_head":"<!-- This site is optimized with the Yoast SEO plugin v22.0 - https:\/\/yoast.com\/wordpress\/plugins\/seo\/ -->\n<title>Juego 7 llaves navaja multifunci\u00f3n Hex - Bianditz Group<\/title>\n<meta name=\"robots\" content=\"index, follow, max-snippet:-1, max-image-preview:large, max-video-preview:-1\" \/>\n<link rel=\"canonical\" href=\"https:\/\/bianditz.es\/producto\/navaja-multifuncion-hexagonal\/\" \/>\n<meta property=\"og:locale\" content=\"en_US\" \/>\n<meta property=\"og:type\" content=\"article\" \/>\n<meta property=\"og:title\" content=\"Juego 7 llaves navaja multifunci\u00f3n Hex - Bianditz Group\" \/>\n<meta property=\"og:description\" content=\"Juego de 7 llaves navaja para tornillos hexagonales. Las navajas multifunci\u00f3n hexagonales Bianditz de calidad profesional proporcionan un par de torsi\u00f3n superior en un 20% a otras llaves similares. &nbsp; C\u00f3digo referencia:\u00a0232006 Tipo: Llaves navaja Material: Acero con componentes de Molibdeno y Vanadio Dureza:\u00a058-60 HRC Medidas: dos productos 232006: 2,5 &#8211; 3 &#8211; 4 &#8211; 5 &#8211; 6 &#8211; 8 &#8211; 10mm 232007: 1,5 &#8211; 2 &#8211; 2,5 &#8211; 3 &#8211; 4 &#8211; 5 &#8211; 6mm  Cat\u00e1logo DEST-ACODADAS\" \/>\n<meta property=\"og:url\" content=\"https:\/\/bianditz.es\/producto\/navaja-multifuncion-hexagonal\/\" \/>\n<meta property=\"og:site_name\" content=\"Bianditz Group\" \/>\n<meta property=\"article:modified_time\" content=\"2024-05-13T06:22:16+00:00\" \/>\n<meta property=\"og:image\" content=\"https:\/\/bianditz.es\/wp-content\/uploads\/2023\/12\/navaja-hex-small.jpg\" \/>\n\t<meta property=\"og:image:width\" content=\"1000\" \/>\n\t<meta property=\"og:image:height\" content=\"1000\" \/>\n\t<meta property=\"og:image:type\" content=\"image\/jpeg\" \/>\n<meta name=\"twitter:card\" content=\"summary_large_image\" \/>\n<meta name=\"twitter:label1\" content=\"Est. reading time\" \/>\n\t<meta name=\"twitter:data1\" content=\"1 minute\" \/>\n<script type=\"application\/ld+json\" class=\"yoast-schema-graph\">{\"@context\":\"https:\/\/schema.org\",\"@graph\":[{\"@type\":\"WebPage\",\"@id\":\"https:\/\/bianditz.es\/producto\/navaja-multifuncion-hexagonal\/\",\"url\":\"https:\/\/bianditz.es\/producto\/navaja-multifuncion-hexagonal\/\",\"name\":\"Juego 7 llaves navaja multifunci\u00f3n Hex - Bianditz Group\",\"isPartOf\":{\"@id\":\"https:\/\/bianditz.es\/#website\"},\"datePublished\":\"2023-12-20T08:59:28+00:00\",\"dateModified\":\"2024-05-13T06:22:16+00:00\",\"breadcrumb\":{\"@id\":\"https:\/\/bianditz.es\/producto\/navaja-multifuncion-hexagonal\/#breadcrumb\"},\"inLanguage\":\"en-US\",\"potentialAction\":[{\"@type\":\"ReadAction\",\"target\":[\"https:\/\/bianditz.es\/producto\/navaja-multifuncion-hexagonal\/\"]}]},{\"@type\":\"BreadcrumbList\",\"@id\":\"https:\/\/bianditz.es\/producto\/navaja-multifuncion-hexagonal\/#breadcrumb\",\"itemListElement\":[{\"@type\":\"ListItem\",\"position\":1,\"name\":\"Portada\",\"item\":\"https:\/\/bianditz.es\/en\/\"},{\"@type\":\"ListItem\",\"position\":2,\"name\":\"Online Catalogue\",\"item\":\"https:\/\/bianditz.es\/en\/online-catalogue\/\"},{\"@type\":\"ListItem\",\"position\":3,\"name\":\"Juego 7 llaves navaja multifunci\u00f3n Hex\"}]},{\"@type\":\"WebSite\",\"@id\":\"https:\/\/bianditz.es\/#website\",\"url\":\"https:\/\/bianditz.es\/\",\"name\":\"Bianditz Group\",\"description\":\"| Fabricante de herramientas de mano\",\"potentialAction\":[{\"@type\":\"SearchAction\",\"target\":{\"@type\":\"EntryPoint\",\"urlTemplate\":\"https:\/\/bianditz.es\/?s={search_term_string}\"},\"query-input\":\"required name=search_term_string\"}],\"inLanguage\":\"en-US\"}]}<\/script>\n<!-- \/ Yoast SEO plugin. -->","yoast_head_json":{"title":"Juego 7 llaves navaja multifunci\u00f3n Hex - Bianditz Group","robots":{"index":"index","follow":"follow","max-snippet":"max-snippet:-1","max-image-preview":"max-image-preview:large","max-video-preview":"max-video-preview:-1"},"canonical":"https:\/\/bianditz.es\/producto\/navaja-multifuncion-hexagonal\/","og_locale":"en_US","og_type":"article","og_title":"Juego 7 llaves navaja multifunci\u00f3n Hex - Bianditz Group","og_description":"Juego de 7 llaves navaja para tornillos hexagonales. Las navajas multifunci\u00f3n hexagonales Bianditz de calidad profesional proporcionan un par de torsi\u00f3n superior en un 20% a otras llaves similares. &nbsp; C\u00f3digo referencia:\u00a0232006 Tipo: Llaves navaja Material: Acero con componentes de Molibdeno y Vanadio Dureza:\u00a058-60 HRC Medidas: dos productos 232006: 2,5 &#8211; 3 &#8211; 4 &#8211; 5 &#8211; 6 &#8211; 8 &#8211; 10mm 232007: 1,5 &#8211; 2 &#8211; 2,5 &#8211; 3 &#8211; 4 &#8211; 5 &#8211; 6mm  Cat\u00e1logo DEST-ACODADAS","og_url":"https:\/\/bianditz.es\/producto\/navaja-multifuncion-hexagonal\/","og_site_name":"Bianditz Group","article_modified_time":"2024-05-13T06:22:16+00:00","og_image":[{"width":1000,"height":1000,"url":"https:\/\/bianditz.es\/wp-content\/uploads\/2023\/12\/navaja-hex-small.jpg","type":"image\/jpeg"}],"twitter_card":"summary_large_image","twitter_misc":{"Est. reading time":"1 minute"},"schema":{"@context":"https:\/\/schema.org","@graph":[{"@type":"WebPage","@id":"https:\/\/bianditz.es\/producto\/navaja-multifuncion-hexagonal\/","url":"https:\/\/bianditz.es\/producto\/navaja-multifuncion-hexagonal\/","name":"Juego 7 llaves navaja multifunci\u00f3n Hex - Bianditz Group","isPartOf":{"@id":"https:\/\/bianditz.es\/#website"},"datePublished":"2023-12-20T08:59:28+00:00","dateModified":"2024-05-13T06:22:16+00:00","breadcrumb":{"@id":"https:\/\/bianditz.es\/producto\/navaja-multifuncion-hexagonal\/#breadcrumb"},"inLanguage":"en-US","potentialAction":[{"@type":"ReadAction","target":["https:\/\/bianditz.es\/producto\/navaja-multifuncion-hexagonal\/"]}]},{"@type":"BreadcrumbList","@id":"https:\/\/bianditz.es\/producto\/navaja-multifuncion-hexagonal\/#breadcrumb","itemListElement":[{"@type":"ListItem","position":1,"name":"Portada","item":"https:\/\/bianditz.es\/en\/"},{"@type":"ListItem","position":2,"name":"Online Catalogue","item":"https:\/\/bianditz.es\/en\/online-catalogue\/"},{"@type":"ListItem","position":3,"name":"Juego 7 llaves navaja multifunci\u00f3n Hex"}]},{"@type":"WebSite","@id":"https:\/\/bianditz.es\/#website","url":"https:\/\/bianditz.es\/","name":"Bianditz Group","description":"| Fabricante de herramientas de mano","potentialAction":[{"@type":"SearchAction","target":{"@type":"EntryPoint","urlTemplate":"https:\/\/bianditz.es\/?s={search_term_string}"},"query-input":"required name=search_term_string"}],"inLanguage":"en-US"}]}},"_links":{"self":[{"href":"https:\/\/bianditz.es\/en\/wp-json\/wp\/v2\/product\/10487","targetHints":{"allow":["GET"]}}],"collection":[{"href":"https:\/\/bianditz.es\/en\/wp-json\/wp\/v2\/product"}],"about":[{"href":"https:\/\/bianditz.es\/en\/wp-json\/wp\/v2\/types\/product"}],"replies":[{"embeddable":true,"href":"https:\/\/bianditz.es\/en\/wp-json\/wp\/v2\/comments?post=10487"}],"version-history":[{"count":6,"href":"https:\/\/bianditz.es\/en\/wp-json\/wp\/v2\/product\/10487\/revisions"}],"predecessor-version":[{"id":13169,"href":"https:\/\/bianditz.es\/en\/wp-json\/wp\/v2\/product\/10487\/revisions\/13169"}],"wp:featuredmedia":[{"embeddable":true,"href":"https:\/\/bianditz.es\/en\/wp-json\/wp\/v2\/media\/8504"}],"wp:attachment":[{"href":"https:\/\/bianditz.es\/en\/wp-json\/wp\/v2\/media?parent=10487"}],"wp:term":[{"taxonomy":"product_cat","embeddable":true,"href":"https:\/\/bianditz.es\/en\/wp-json\/wp\/v2\/product_cat?post=10487"},{"taxonomy":"product_tag","embeddable":true,"href":"https:\/\/bianditz.es\/en\/wp-json\/wp\/v2\/product_tag?post=10487"}],"curies":[{"name":"wp","href":"https:\/\/api.w.org\/{rel}","templated":true}]}}