{"id":10491,"date":"2023-12-20T08:59:28","date_gmt":"2023-12-20T08:59:28","guid":{"rendered":"https:\/\/bianditz.es\/?post_type=product&#038;p=10491"},"modified":"2024-05-06T07:00:36","modified_gmt":"2024-05-06T07:00:36","slug":"adaptador-portapuntas-cambio-rapido","status":"publish","type":"product","link":"https:\/\/bianditz.es\/en\/producto\/adaptador-portapuntas-cambio-rapido\/","title":{"rendered":"Adaptador portapuntas Cambio R\u00e1pido"},"content":{"rendered":"<p>El adaptador portapuntas de cambio r\u00e1pido est\u00e1 imantado para facilitar la colocaci\u00f3n y retirada r\u00e1pida de la punta con un mecanismo autom\u00e1tico. Esto hace que el ajuste de la punta sea m\u00e1s seguro. Para puntas de \u00bc.<\/p>\n<p>&nbsp;<\/p>\n<ul>\n<li><strong>C\u00f3digo referencia:\u00a0<\/strong>238906<\/li>\n<li><strong>Tipo<\/strong>: Cambio r\u00e1pido<\/li>\n<li><b>Material:<\/b> Acero\u00a0Inoxidable<\/li>\n<li><strong>Medidas:\u00a0<\/strong>Di\u00e1metro 16 x 75mm<\/li>\n<\/ul>\n<p style=\"text-align: right;\"><a href=\"http:\/\/bianditz.es\/wp-content\/uploads\/2016\/05\/ADAPTACION-1.pdf\" rel=\"\">Cat\u00e1logo ADAPTADORES<\/a><\/p>\n","protected":false},"excerpt":{"rendered":"<p>El adaptador portapuntas de cambio r\u00e1pido est\u00e1 imantado para facilitar la colocaci\u00f3n y retirada r\u00e1pida de la punta con un mecanismo autom\u00e1tico. Esto hace que el ajuste de la punta sea m\u00e1s seguro. Para puntas de \u00bc.<\/p>\n<p>&nbsp;<\/p>\n<ul>\n<li>C\u00f3digo referencia:\u00a0238906<\/li>\n<li>Tipo: Cambio r\u00e1pido<\/li>\n<li><b>Material:<\/b> Acero\u00a0Inoxidable<\/li>\n<li>Medidas:\u00a0Di\u00e1metro 16 x 75mm<\/li>\n<\/ul>\n<p style=\"text-align: right;\"><a href=\"http:\/\/bianditz.es\/wp-content\/uploads\/2016\/05\/ADAPTACION-1.pdf\" rel=\"\">Cat\u00e1logo ADAPTADORES<\/a><\/p>\n","protected":false},"featured_media":8524,"comment_status":"open","ping_status":"closed","template":"","meta":[],"product_cat":[1206],"product_tag":[211,319,317,318,120],"class_list":{"0":"post-10491","1":"product","2":"type-product","3":"status-publish","4":"has-post-thumbnail","6":"product_cat-adaptadores-portapuntas","7":"product_tag-adaptador","8":"product_tag-cambio-rapido","9":"product_tag-imantado","10":"product_tag-magnetico","11":"product_tag-puntas-1-4","13":"first","14":"instock","15":"shipping-taxable","16":"product-type-simple"},"yoast_head":"<!-- This site is optimized with the Yoast SEO plugin v22.0 - https:\/\/yoast.com\/wordpress\/plugins\/seo\/ -->\n<title>Adaptador portapuntas Cambio R\u00e1pido - Bianditz Group<\/title>\n<meta name=\"robots\" content=\"index, follow, max-snippet:-1, max-image-preview:large, max-video-preview:-1\" \/>\n<link rel=\"canonical\" href=\"https:\/\/bianditz.es\/producto\/adaptador-portapuntas-cambio-rapido\/\" \/>\n<meta property=\"og:locale\" content=\"en_US\" \/>\n<meta property=\"og:type\" content=\"article\" \/>\n<meta property=\"og:title\" content=\"Adaptador portapuntas Cambio R\u00e1pido - Bianditz Group\" \/>\n<meta property=\"og:description\" content=\"El adaptador portapuntas de cambio r\u00e1pido est\u00e1 imantado para facilitar la colocaci\u00f3n y retirada r\u00e1pida de la punta con un mecanismo autom\u00e1tico. Esto hace que el ajuste de la punta sea m\u00e1s seguro. Para puntas de \u00bc. &nbsp; C\u00f3digo referencia:\u00a0238906 Tipo: Cambio r\u00e1pido Material: Acero\u00a0Inoxidable Medidas:\u00a0Di\u00e1metro 16 x 75mm Cat\u00e1logo ADAPTADORES\" \/>\n<meta property=\"og:url\" content=\"https:\/\/bianditz.es\/producto\/adaptador-portapuntas-cambio-rapido\/\" \/>\n<meta property=\"og:site_name\" content=\"Bianditz Group\" \/>\n<meta property=\"article:modified_time\" content=\"2024-05-06T07:00:36+00:00\" \/>\n<meta property=\"og:image\" content=\"https:\/\/bianditz.es\/wp-content\/uploads\/2023\/12\/cr.jpg\" \/>\n\t<meta property=\"og:image:width\" content=\"1000\" \/>\n\t<meta property=\"og:image:height\" content=\"1000\" \/>\n\t<meta property=\"og:image:type\" content=\"image\/jpeg\" \/>\n<meta name=\"twitter:card\" content=\"summary_large_image\" \/>\n<meta name=\"twitter:label1\" content=\"Est. reading time\" \/>\n\t<meta name=\"twitter:data1\" content=\"1 minute\" \/>\n<script type=\"application\/ld+json\" class=\"yoast-schema-graph\">{\"@context\":\"https:\/\/schema.org\",\"@graph\":[{\"@type\":\"WebPage\",\"@id\":\"https:\/\/bianditz.es\/producto\/adaptador-portapuntas-cambio-rapido\/\",\"url\":\"https:\/\/bianditz.es\/producto\/adaptador-portapuntas-cambio-rapido\/\",\"name\":\"Adaptador portapuntas Cambio R\u00e1pido - Bianditz Group\",\"isPartOf\":{\"@id\":\"https:\/\/bianditz.es\/#website\"},\"datePublished\":\"2023-12-20T08:59:28+00:00\",\"dateModified\":\"2024-05-06T07:00:36+00:00\",\"breadcrumb\":{\"@id\":\"https:\/\/bianditz.es\/producto\/adaptador-portapuntas-cambio-rapido\/#breadcrumb\"},\"inLanguage\":\"en-US\",\"potentialAction\":[{\"@type\":\"ReadAction\",\"target\":[\"https:\/\/bianditz.es\/producto\/adaptador-portapuntas-cambio-rapido\/\"]}]},{\"@type\":\"BreadcrumbList\",\"@id\":\"https:\/\/bianditz.es\/producto\/adaptador-portapuntas-cambio-rapido\/#breadcrumb\",\"itemListElement\":[{\"@type\":\"ListItem\",\"position\":1,\"name\":\"Portada\",\"item\":\"https:\/\/bianditz.es\/en\/\"},{\"@type\":\"ListItem\",\"position\":2,\"name\":\"Online Catalogue\",\"item\":\"https:\/\/bianditz.es\/en\/online-catalogue\/\"},{\"@type\":\"ListItem\",\"position\":3,\"name\":\"Adaptador portapuntas Cambio R\u00e1pido\"}]},{\"@type\":\"WebSite\",\"@id\":\"https:\/\/bianditz.es\/#website\",\"url\":\"https:\/\/bianditz.es\/\",\"name\":\"Bianditz Group\",\"description\":\"| Fabricante de herramientas de mano\",\"potentialAction\":[{\"@type\":\"SearchAction\",\"target\":{\"@type\":\"EntryPoint\",\"urlTemplate\":\"https:\/\/bianditz.es\/?s={search_term_string}\"},\"query-input\":\"required name=search_term_string\"}],\"inLanguage\":\"en-US\"}]}<\/script>\n<!-- \/ Yoast SEO plugin. -->","yoast_head_json":{"title":"Adaptador portapuntas Cambio R\u00e1pido - Bianditz Group","robots":{"index":"index","follow":"follow","max-snippet":"max-snippet:-1","max-image-preview":"max-image-preview:large","max-video-preview":"max-video-preview:-1"},"canonical":"https:\/\/bianditz.es\/producto\/adaptador-portapuntas-cambio-rapido\/","og_locale":"en_US","og_type":"article","og_title":"Adaptador portapuntas Cambio R\u00e1pido - Bianditz Group","og_description":"El adaptador portapuntas de cambio r\u00e1pido est\u00e1 imantado para facilitar la colocaci\u00f3n y retirada r\u00e1pida de la punta con un mecanismo autom\u00e1tico. Esto hace que el ajuste de la punta sea m\u00e1s seguro. Para puntas de \u00bc. &nbsp; C\u00f3digo referencia:\u00a0238906 Tipo: Cambio r\u00e1pido Material: Acero\u00a0Inoxidable Medidas:\u00a0Di\u00e1metro 16 x 75mm Cat\u00e1logo ADAPTADORES","og_url":"https:\/\/bianditz.es\/producto\/adaptador-portapuntas-cambio-rapido\/","og_site_name":"Bianditz Group","article_modified_time":"2024-05-06T07:00:36+00:00","og_image":[{"width":1000,"height":1000,"url":"https:\/\/bianditz.es\/wp-content\/uploads\/2023\/12\/cr.jpg","type":"image\/jpeg"}],"twitter_card":"summary_large_image","twitter_misc":{"Est. reading time":"1 minute"},"schema":{"@context":"https:\/\/schema.org","@graph":[{"@type":"WebPage","@id":"https:\/\/bianditz.es\/producto\/adaptador-portapuntas-cambio-rapido\/","url":"https:\/\/bianditz.es\/producto\/adaptador-portapuntas-cambio-rapido\/","name":"Adaptador portapuntas Cambio R\u00e1pido - Bianditz Group","isPartOf":{"@id":"https:\/\/bianditz.es\/#website"},"datePublished":"2023-12-20T08:59:28+00:00","dateModified":"2024-05-06T07:00:36+00:00","breadcrumb":{"@id":"https:\/\/bianditz.es\/producto\/adaptador-portapuntas-cambio-rapido\/#breadcrumb"},"inLanguage":"en-US","potentialAction":[{"@type":"ReadAction","target":["https:\/\/bianditz.es\/producto\/adaptador-portapuntas-cambio-rapido\/"]}]},{"@type":"BreadcrumbList","@id":"https:\/\/bianditz.es\/producto\/adaptador-portapuntas-cambio-rapido\/#breadcrumb","itemListElement":[{"@type":"ListItem","position":1,"name":"Portada","item":"https:\/\/bianditz.es\/en\/"},{"@type":"ListItem","position":2,"name":"Online Catalogue","item":"https:\/\/bianditz.es\/en\/online-catalogue\/"},{"@type":"ListItem","position":3,"name":"Adaptador portapuntas Cambio R\u00e1pido"}]},{"@type":"WebSite","@id":"https:\/\/bianditz.es\/#website","url":"https:\/\/bianditz.es\/","name":"Bianditz Group","description":"| Fabricante de herramientas de mano","potentialAction":[{"@type":"SearchAction","target":{"@type":"EntryPoint","urlTemplate":"https:\/\/bianditz.es\/?s={search_term_string}"},"query-input":"required name=search_term_string"}],"inLanguage":"en-US"}]}},"_links":{"self":[{"href":"https:\/\/bianditz.es\/en\/wp-json\/wp\/v2\/product\/10491","targetHints":{"allow":["GET"]}}],"collection":[{"href":"https:\/\/bianditz.es\/en\/wp-json\/wp\/v2\/product"}],"about":[{"href":"https:\/\/bianditz.es\/en\/wp-json\/wp\/v2\/types\/product"}],"replies":[{"embeddable":true,"href":"https:\/\/bianditz.es\/en\/wp-json\/wp\/v2\/comments?post=10491"}],"version-history":[{"count":3,"href":"https:\/\/bianditz.es\/en\/wp-json\/wp\/v2\/product\/10491\/revisions"}],"predecessor-version":[{"id":13079,"href":"https:\/\/bianditz.es\/en\/wp-json\/wp\/v2\/product\/10491\/revisions\/13079"}],"wp:featuredmedia":[{"embeddable":true,"href":"https:\/\/bianditz.es\/en\/wp-json\/wp\/v2\/media\/8524"}],"wp:attachment":[{"href":"https:\/\/bianditz.es\/en\/wp-json\/wp\/v2\/media?parent=10491"}],"wp:term":[{"taxonomy":"product_cat","embeddable":true,"href":"https:\/\/bianditz.es\/en\/wp-json\/wp\/v2\/product_cat?post=10491"},{"taxonomy":"product_tag","embeddable":true,"href":"https:\/\/bianditz.es\/en\/wp-json\/wp\/v2\/product_tag?post=10491"}],"curies":[{"name":"wp","href":"https:\/\/api.w.org\/{rel}","templated":true}]}}