{"id":10494,"date":"2023-12-20T08:59:28","date_gmt":"2023-12-20T08:59:28","guid":{"rendered":"https:\/\/bianditz.es\/?post_type=product&#038;p=10494"},"modified":"2024-05-03T11:54:11","modified_gmt":"2024-05-03T11:54:11","slug":"acoplamiento-magnetico-pulgadas","status":"publish","type":"product","link":"https:\/\/bianditz.es\/en\/producto\/acoplamiento-magnetico-pulgadas\/","title":{"rendered":"Acoplamiento magn\u00e9tico Pulgadas"},"content":{"rendered":"<p>El acoplamiento magn\u00e9tico en pulgadas es a soluci\u00f3n m\u00e1s adecuada para colocar tornillos de cabeza hexagonal. La cabeza hexagonal lobular se ha desarrollado para incrementar la superficie de contacto con la cabeza del tornillo. Sus lados ligeramente redondeados mejoran el agarre y no da\u00f1an el tornillo, de esta forma proporcionan una longevidad mayor a la herramienta. Con los perfiles lobulares los pares de torsi\u00f3n se incrementan un 20% m\u00e1s.<\/p>\n<p>&nbsp;<\/p>\n<ul>\n<li><strong>C\u00f3digo referencia:\u00a0<\/strong>237926<\/li>\n<li><strong>Tipo<\/strong>: Vaso hexagonal imantado en Pulgadas<\/li>\n<li><b>Material: <\/b>Cromo Vanadio, acabado niquelado<\/li>\n<li><strong>Medidas:\u00a0<\/strong>1\/4&#8243; x 65mm\u00a0 \u00a0 \u00a0 \u00a0 \u00a0*disponibilidad de m\u00e1s medidas<\/li>\n<\/ul>\n<p style=\"text-align: right;\"><a href=\"http:\/\/bianditz.es\/wp-content\/uploads\/2016\/05\/ADAPTACION-1.pdf\" rel=\"\">Cat\u00e1logo ADAPTADORES<\/a><\/p>\n","protected":false},"excerpt":{"rendered":"<p>El acoplamiento magn\u00e9tico en pulgadas es a soluci\u00f3n m\u00e1s adecuada para colocar tornillos de cabeza hexagonal. La cabeza hexagonal lobular se ha desarrollado para incrementar la superficie de contacto con la cabeza del tornillo. Sus lados ligeramente redondeados mejoran el agarre y no da\u00f1an el tornillo, de esta forma proporcionan una longevidad mayor a la herramienta. Con los perfiles lobulares los pares de torsi\u00f3n se incrementan un 20% m\u00e1s.<\/p>\n<p>&nbsp;<\/p>\n<ul>\n<li>C\u00f3digo referencia:\u00a0237926<\/li>\n<li>Tipo: Vaso hexagonal imantado en Pulgadas<\/li>\n<li><b>Material: <\/b>Cromo Vanadio, acabado niquelado<\/li>\n<li>Medidas:\u00a01\/4&#8243; x 65mm\u00a0 \u00a0 \u00a0 \u00a0 \u00a0*disponibilidad de m\u00e1s medidas<\/li>\n<\/ul>\n<p style=\"text-align: right;\"><a href=\"http:\/\/bianditz.es\/wp-content\/uploads\/2016\/05\/ADAPTACION-1.pdf\" rel=\"\">Cat\u00e1logo ADAPTADORES<\/a><\/p>\n","protected":false},"featured_media":8529,"comment_status":"open","ping_status":"closed","template":"","meta":[],"product_cat":[1206],"product_tag":[201,318,295,320,321],"class_list":{"0":"post-10494","1":"product","2":"type-product","3":"status-publish","4":"has-post-thumbnail","6":"product_cat-adaptadores-portapuntas","7":"product_tag-hexagonal","8":"product_tag-magnetico","9":"product_tag-pulgadas","10":"product_tag-tornillos-hexagonales","11":"product_tag-vaso-hexagonal","13":"first","14":"instock","15":"shipping-taxable","16":"product-type-simple"},"yoast_head":"<!-- This site is optimized with the Yoast SEO plugin v22.0 - https:\/\/yoast.com\/wordpress\/plugins\/seo\/ -->\n<title>Acoplamiento magn\u00e9tico Pulgadas - Bianditz Group<\/title>\n<meta name=\"robots\" content=\"index, follow, max-snippet:-1, max-image-preview:large, max-video-preview:-1\" \/>\n<link rel=\"canonical\" href=\"https:\/\/bianditz.es\/producto\/acoplamiento-magnetico-pulgadas\/\" \/>\n<meta property=\"og:locale\" content=\"en_US\" \/>\n<meta property=\"og:type\" content=\"article\" \/>\n<meta property=\"og:title\" content=\"Acoplamiento magn\u00e9tico Pulgadas - Bianditz Group\" \/>\n<meta property=\"og:description\" content=\"El acoplamiento magn\u00e9tico en pulgadas es a soluci\u00f3n m\u00e1s adecuada para colocar tornillos de cabeza hexagonal. La cabeza hexagonal lobular se ha desarrollado para incrementar la superficie de contacto con la cabeza del tornillo. Sus lados ligeramente redondeados mejoran el agarre y no da\u00f1an el tornillo, de esta forma proporcionan una longevidad mayor a la herramienta. Con los perfiles lobulares los pares de torsi\u00f3n se incrementan un 20% m\u00e1s. &nbsp; C\u00f3digo referencia:\u00a0237926 Tipo: Vaso hexagonal imantado en Pulgadas Material: Cromo Vanadio, acabado niquelado Medidas:\u00a01\/4&#8243; x 65mm\u00a0 \u00a0 \u00a0 \u00a0 \u00a0*disponibilidad de m\u00e1s medidas Cat\u00e1logo ADAPTADORES\" \/>\n<meta property=\"og:url\" content=\"https:\/\/bianditz.es\/producto\/acoplamiento-magnetico-pulgadas\/\" \/>\n<meta property=\"og:site_name\" content=\"Bianditz Group\" \/>\n<meta property=\"article:modified_time\" content=\"2024-05-03T11:54:11+00:00\" \/>\n<meta property=\"og:image\" content=\"https:\/\/bianditz.es\/wp-content\/uploads\/2023\/12\/acopla.jpg\" \/>\n\t<meta property=\"og:image:width\" content=\"1000\" \/>\n\t<meta property=\"og:image:height\" content=\"1000\" \/>\n\t<meta property=\"og:image:type\" content=\"image\/jpeg\" \/>\n<meta name=\"twitter:card\" content=\"summary_large_image\" \/>\n<meta name=\"twitter:label1\" content=\"Est. reading time\" \/>\n\t<meta name=\"twitter:data1\" content=\"1 minute\" \/>\n<script type=\"application\/ld+json\" class=\"yoast-schema-graph\">{\"@context\":\"https:\/\/schema.org\",\"@graph\":[{\"@type\":\"WebPage\",\"@id\":\"https:\/\/bianditz.es\/producto\/acoplamiento-magnetico-pulgadas\/\",\"url\":\"https:\/\/bianditz.es\/producto\/acoplamiento-magnetico-pulgadas\/\",\"name\":\"Acoplamiento magn\u00e9tico Pulgadas - Bianditz Group\",\"isPartOf\":{\"@id\":\"https:\/\/bianditz.es\/#website\"},\"datePublished\":\"2023-12-20T08:59:28+00:00\",\"dateModified\":\"2024-05-03T11:54:11+00:00\",\"breadcrumb\":{\"@id\":\"https:\/\/bianditz.es\/producto\/acoplamiento-magnetico-pulgadas\/#breadcrumb\"},\"inLanguage\":\"en-US\",\"potentialAction\":[{\"@type\":\"ReadAction\",\"target\":[\"https:\/\/bianditz.es\/producto\/acoplamiento-magnetico-pulgadas\/\"]}]},{\"@type\":\"BreadcrumbList\",\"@id\":\"https:\/\/bianditz.es\/producto\/acoplamiento-magnetico-pulgadas\/#breadcrumb\",\"itemListElement\":[{\"@type\":\"ListItem\",\"position\":1,\"name\":\"Portada\",\"item\":\"https:\/\/bianditz.es\/en\/\"},{\"@type\":\"ListItem\",\"position\":2,\"name\":\"Online Catalogue\",\"item\":\"https:\/\/bianditz.es\/en\/online-catalogue\/\"},{\"@type\":\"ListItem\",\"position\":3,\"name\":\"Acoplamiento magn\u00e9tico Pulgadas\"}]},{\"@type\":\"WebSite\",\"@id\":\"https:\/\/bianditz.es\/#website\",\"url\":\"https:\/\/bianditz.es\/\",\"name\":\"Bianditz Group\",\"description\":\"| Fabricante de herramientas de mano\",\"potentialAction\":[{\"@type\":\"SearchAction\",\"target\":{\"@type\":\"EntryPoint\",\"urlTemplate\":\"https:\/\/bianditz.es\/?s={search_term_string}\"},\"query-input\":\"required name=search_term_string\"}],\"inLanguage\":\"en-US\"}]}<\/script>\n<!-- \/ Yoast SEO plugin. -->","yoast_head_json":{"title":"Acoplamiento magn\u00e9tico Pulgadas - Bianditz Group","robots":{"index":"index","follow":"follow","max-snippet":"max-snippet:-1","max-image-preview":"max-image-preview:large","max-video-preview":"max-video-preview:-1"},"canonical":"https:\/\/bianditz.es\/producto\/acoplamiento-magnetico-pulgadas\/","og_locale":"en_US","og_type":"article","og_title":"Acoplamiento magn\u00e9tico Pulgadas - Bianditz Group","og_description":"El acoplamiento magn\u00e9tico en pulgadas es a soluci\u00f3n m\u00e1s adecuada para colocar tornillos de cabeza hexagonal. La cabeza hexagonal lobular se ha desarrollado para incrementar la superficie de contacto con la cabeza del tornillo. Sus lados ligeramente redondeados mejoran el agarre y no da\u00f1an el tornillo, de esta forma proporcionan una longevidad mayor a la herramienta. Con los perfiles lobulares los pares de torsi\u00f3n se incrementan un 20% m\u00e1s. &nbsp; C\u00f3digo referencia:\u00a0237926 Tipo: Vaso hexagonal imantado en Pulgadas Material: Cromo Vanadio, acabado niquelado Medidas:\u00a01\/4&#8243; x 65mm\u00a0 \u00a0 \u00a0 \u00a0 \u00a0*disponibilidad de m\u00e1s medidas Cat\u00e1logo ADAPTADORES","og_url":"https:\/\/bianditz.es\/producto\/acoplamiento-magnetico-pulgadas\/","og_site_name":"Bianditz Group","article_modified_time":"2024-05-03T11:54:11+00:00","og_image":[{"width":1000,"height":1000,"url":"https:\/\/bianditz.es\/wp-content\/uploads\/2023\/12\/acopla.jpg","type":"image\/jpeg"}],"twitter_card":"summary_large_image","twitter_misc":{"Est. reading time":"1 minute"},"schema":{"@context":"https:\/\/schema.org","@graph":[{"@type":"WebPage","@id":"https:\/\/bianditz.es\/producto\/acoplamiento-magnetico-pulgadas\/","url":"https:\/\/bianditz.es\/producto\/acoplamiento-magnetico-pulgadas\/","name":"Acoplamiento magn\u00e9tico Pulgadas - Bianditz Group","isPartOf":{"@id":"https:\/\/bianditz.es\/#website"},"datePublished":"2023-12-20T08:59:28+00:00","dateModified":"2024-05-03T11:54:11+00:00","breadcrumb":{"@id":"https:\/\/bianditz.es\/producto\/acoplamiento-magnetico-pulgadas\/#breadcrumb"},"inLanguage":"en-US","potentialAction":[{"@type":"ReadAction","target":["https:\/\/bianditz.es\/producto\/acoplamiento-magnetico-pulgadas\/"]}]},{"@type":"BreadcrumbList","@id":"https:\/\/bianditz.es\/producto\/acoplamiento-magnetico-pulgadas\/#breadcrumb","itemListElement":[{"@type":"ListItem","position":1,"name":"Portada","item":"https:\/\/bianditz.es\/en\/"},{"@type":"ListItem","position":2,"name":"Online Catalogue","item":"https:\/\/bianditz.es\/en\/online-catalogue\/"},{"@type":"ListItem","position":3,"name":"Acoplamiento magn\u00e9tico Pulgadas"}]},{"@type":"WebSite","@id":"https:\/\/bianditz.es\/#website","url":"https:\/\/bianditz.es\/","name":"Bianditz Group","description":"| Fabricante de herramientas de mano","potentialAction":[{"@type":"SearchAction","target":{"@type":"EntryPoint","urlTemplate":"https:\/\/bianditz.es\/?s={search_term_string}"},"query-input":"required name=search_term_string"}],"inLanguage":"en-US"}]}},"_links":{"self":[{"href":"https:\/\/bianditz.es\/en\/wp-json\/wp\/v2\/product\/10494","targetHints":{"allow":["GET"]}}],"collection":[{"href":"https:\/\/bianditz.es\/en\/wp-json\/wp\/v2\/product"}],"about":[{"href":"https:\/\/bianditz.es\/en\/wp-json\/wp\/v2\/types\/product"}],"replies":[{"embeddable":true,"href":"https:\/\/bianditz.es\/en\/wp-json\/wp\/v2\/comments?post=10494"}],"version-history":[{"count":3,"href":"https:\/\/bianditz.es\/en\/wp-json\/wp\/v2\/product\/10494\/revisions"}],"predecessor-version":[{"id":13071,"href":"https:\/\/bianditz.es\/en\/wp-json\/wp\/v2\/product\/10494\/revisions\/13071"}],"wp:featuredmedia":[{"embeddable":true,"href":"https:\/\/bianditz.es\/en\/wp-json\/wp\/v2\/media\/8529"}],"wp:attachment":[{"href":"https:\/\/bianditz.es\/en\/wp-json\/wp\/v2\/media?parent=10494"}],"wp:term":[{"taxonomy":"product_cat","embeddable":true,"href":"https:\/\/bianditz.es\/en\/wp-json\/wp\/v2\/product_cat?post=10494"},{"taxonomy":"product_tag","embeddable":true,"href":"https:\/\/bianditz.es\/en\/wp-json\/wp\/v2\/product_tag?post=10494"}],"curies":[{"name":"wp","href":"https:\/\/api.w.org\/{rel}","templated":true}]}}