{"id":10497,"date":"2023-12-20T08:59:28","date_gmt":"2023-12-20T08:59:28","guid":{"rendered":"https:\/\/bianditz.es\/?post_type=product&#038;p=10497"},"modified":"2024-05-06T06:35:24","modified_gmt":"2024-05-06T06:35:24","slug":"adaptador-pladur","status":"publish","type":"product","link":"https:\/\/bianditz.es\/en\/producto\/adaptador-pladur\/","title":{"rendered":"Adaptador Pladur"},"content":{"rendered":"<p>El adaptador para pladur es una opci\u00f3n muy sencilla para poder colocar todos los tirafondos a la misma medida de profundidad sin estropear la placa de yeso. Su anilla de tefl\u00f3n evita da\u00f1ar la superficie de trabajo y adem\u00e1s su\u00a0 punta imantada sujeta el tornillo de manera que permite trabajar con una mano. Incluye un muelle de retroceso a modo de embrague. Para puntas de \u00bc.<\/p>\n<p>&nbsp;<\/p>\n<ul>\n<li><strong>C\u00f3digo referencia:<\/strong> 238999<\/li>\n<li><strong>Tipo<\/strong>: Pladur<\/li>\n<li><b>Material:<\/b> Acero\u00a0Cromo Vanadio<\/li>\n<li><strong>Medidas:\u00a0<\/strong>Di\u00e1metro 24 x 59mm<\/li>\n<\/ul>\n<p style=\"text-align: right;\"><a href=\"http:\/\/bianditz.es\/wp-content\/uploads\/2016\/05\/ADAPTACION-1.pdf\" rel=\"\">Cat\u00e1logo ADAPTADORES<\/a><\/p>\n","protected":false},"excerpt":{"rendered":"<p>El adaptador para pladur es una opci\u00f3n muy sencilla para poder colocar todos los tirafondos a la misma medida de profundidad sin estropear la placa de yeso. Su anilla de tefl\u00f3n evita da\u00f1ar la superficie de trabajo y adem\u00e1s su\u00a0 punta imantada sujeta el tornillo de manera que permite trabajar con una mano. Incluye un muelle de retroceso a modo de embrague. Para puntas de \u00bc.<\/p>\n<p>&nbsp;<\/p>\n<ul>\n<li>C\u00f3digo referencia: 238999<\/li>\n<li>Tipo: Pladur<\/li>\n<li><b>Material:<\/b> Acero\u00a0Cromo Vanadio<\/li>\n<li>Medidas:\u00a0Di\u00e1metro 24 x 59mm<\/li>\n<\/ul>\n<p style=\"text-align: right;\"><a href=\"http:\/\/bianditz.es\/wp-content\/uploads\/2016\/05\/ADAPTACION-1.pdf\" rel=\"\">Cat\u00e1logo ADAPTADORES<\/a><\/p>\n","protected":false},"featured_media":12691,"comment_status":"open","ping_status":"closed","template":"","meta":[],"product_cat":[1206],"product_tag":[211,333,120,334],"class_list":{"0":"post-10497","1":"product","2":"type-product","3":"status-publish","4":"has-post-thumbnail","6":"product_cat-adaptadores-portapuntas","7":"product_tag-adaptador","8":"product_tag-pladur","9":"product_tag-puntas-1-4","10":"product_tag-regulador-de-profundidad","12":"first","13":"instock","14":"shipping-taxable","15":"product-type-simple"},"yoast_head":"<!-- This site is optimized with the Yoast SEO plugin v22.0 - https:\/\/yoast.com\/wordpress\/plugins\/seo\/ -->\n<title>Adaptador Pladur - Bianditz Group<\/title>\n<meta name=\"robots\" content=\"index, follow, max-snippet:-1, max-image-preview:large, max-video-preview:-1\" \/>\n<link rel=\"canonical\" href=\"https:\/\/bianditz.es\/producto\/adaptador-pladur\/\" \/>\n<meta property=\"og:locale\" content=\"en_US\" \/>\n<meta property=\"og:type\" content=\"article\" \/>\n<meta property=\"og:title\" content=\"Adaptador Pladur - Bianditz Group\" \/>\n<meta property=\"og:description\" content=\"El adaptador para pladur es una opci\u00f3n muy sencilla para poder colocar todos los tirafondos a la misma medida de profundidad sin estropear la placa de yeso. Su anilla de tefl\u00f3n evita da\u00f1ar la superficie de trabajo y adem\u00e1s su\u00a0 punta imantada sujeta el tornillo de manera que permite trabajar con una mano. Incluye un muelle de retroceso a modo de embrague. Para puntas de \u00bc. &nbsp; C\u00f3digo referencia: 238999 Tipo: Pladur Material: Acero\u00a0Cromo Vanadio Medidas:\u00a0Di\u00e1metro 24 x 59mm Cat\u00e1logo ADAPTADORES\" \/>\n<meta property=\"og:url\" content=\"https:\/\/bianditz.es\/producto\/adaptador-pladur\/\" \/>\n<meta property=\"og:site_name\" content=\"Bianditz Group\" \/>\n<meta property=\"article:modified_time\" content=\"2024-05-06T06:35:24+00:00\" \/>\n<meta property=\"og:image\" content=\"https:\/\/bianditz.es\/wp-content\/uploads\/2023\/12\/238999.jpg\" \/>\n\t<meta property=\"og:image:width\" content=\"1500\" \/>\n\t<meta property=\"og:image:height\" content=\"1000\" \/>\n\t<meta property=\"og:image:type\" content=\"image\/jpeg\" \/>\n<meta name=\"twitter:card\" content=\"summary_large_image\" \/>\n<meta name=\"twitter:label1\" content=\"Est. reading time\" \/>\n\t<meta name=\"twitter:data1\" content=\"1 minute\" \/>\n<script type=\"application\/ld+json\" class=\"yoast-schema-graph\">{\"@context\":\"https:\/\/schema.org\",\"@graph\":[{\"@type\":\"WebPage\",\"@id\":\"https:\/\/bianditz.es\/producto\/adaptador-pladur\/\",\"url\":\"https:\/\/bianditz.es\/producto\/adaptador-pladur\/\",\"name\":\"Adaptador Pladur - Bianditz Group\",\"isPartOf\":{\"@id\":\"https:\/\/bianditz.es\/#website\"},\"datePublished\":\"2023-12-20T08:59:28+00:00\",\"dateModified\":\"2024-05-06T06:35:24+00:00\",\"breadcrumb\":{\"@id\":\"https:\/\/bianditz.es\/producto\/adaptador-pladur\/#breadcrumb\"},\"inLanguage\":\"en-US\",\"potentialAction\":[{\"@type\":\"ReadAction\",\"target\":[\"https:\/\/bianditz.es\/producto\/adaptador-pladur\/\"]}]},{\"@type\":\"BreadcrumbList\",\"@id\":\"https:\/\/bianditz.es\/producto\/adaptador-pladur\/#breadcrumb\",\"itemListElement\":[{\"@type\":\"ListItem\",\"position\":1,\"name\":\"Portada\",\"item\":\"https:\/\/bianditz.es\/en\/\"},{\"@type\":\"ListItem\",\"position\":2,\"name\":\"Online Catalogue\",\"item\":\"https:\/\/bianditz.es\/en\/online-catalogue\/\"},{\"@type\":\"ListItem\",\"position\":3,\"name\":\"Adaptador Pladur\"}]},{\"@type\":\"WebSite\",\"@id\":\"https:\/\/bianditz.es\/#website\",\"url\":\"https:\/\/bianditz.es\/\",\"name\":\"Bianditz Group\",\"description\":\"| Fabricante de herramientas de mano\",\"potentialAction\":[{\"@type\":\"SearchAction\",\"target\":{\"@type\":\"EntryPoint\",\"urlTemplate\":\"https:\/\/bianditz.es\/?s={search_term_string}\"},\"query-input\":\"required name=search_term_string\"}],\"inLanguage\":\"en-US\"}]}<\/script>\n<!-- \/ Yoast SEO plugin. -->","yoast_head_json":{"title":"Adaptador Pladur - Bianditz Group","robots":{"index":"index","follow":"follow","max-snippet":"max-snippet:-1","max-image-preview":"max-image-preview:large","max-video-preview":"max-video-preview:-1"},"canonical":"https:\/\/bianditz.es\/producto\/adaptador-pladur\/","og_locale":"en_US","og_type":"article","og_title":"Adaptador Pladur - Bianditz Group","og_description":"El adaptador para pladur es una opci\u00f3n muy sencilla para poder colocar todos los tirafondos a la misma medida de profundidad sin estropear la placa de yeso. Su anilla de tefl\u00f3n evita da\u00f1ar la superficie de trabajo y adem\u00e1s su\u00a0 punta imantada sujeta el tornillo de manera que permite trabajar con una mano. Incluye un muelle de retroceso a modo de embrague. Para puntas de \u00bc. &nbsp; C\u00f3digo referencia: 238999 Tipo: Pladur Material: Acero\u00a0Cromo Vanadio Medidas:\u00a0Di\u00e1metro 24 x 59mm Cat\u00e1logo ADAPTADORES","og_url":"https:\/\/bianditz.es\/producto\/adaptador-pladur\/","og_site_name":"Bianditz Group","article_modified_time":"2024-05-06T06:35:24+00:00","og_image":[{"width":1500,"height":1000,"url":"https:\/\/bianditz.es\/wp-content\/uploads\/2023\/12\/238999.jpg","type":"image\/jpeg"}],"twitter_card":"summary_large_image","twitter_misc":{"Est. reading time":"1 minute"},"schema":{"@context":"https:\/\/schema.org","@graph":[{"@type":"WebPage","@id":"https:\/\/bianditz.es\/producto\/adaptador-pladur\/","url":"https:\/\/bianditz.es\/producto\/adaptador-pladur\/","name":"Adaptador Pladur - Bianditz Group","isPartOf":{"@id":"https:\/\/bianditz.es\/#website"},"datePublished":"2023-12-20T08:59:28+00:00","dateModified":"2024-05-06T06:35:24+00:00","breadcrumb":{"@id":"https:\/\/bianditz.es\/producto\/adaptador-pladur\/#breadcrumb"},"inLanguage":"en-US","potentialAction":[{"@type":"ReadAction","target":["https:\/\/bianditz.es\/producto\/adaptador-pladur\/"]}]},{"@type":"BreadcrumbList","@id":"https:\/\/bianditz.es\/producto\/adaptador-pladur\/#breadcrumb","itemListElement":[{"@type":"ListItem","position":1,"name":"Portada","item":"https:\/\/bianditz.es\/en\/"},{"@type":"ListItem","position":2,"name":"Online Catalogue","item":"https:\/\/bianditz.es\/en\/online-catalogue\/"},{"@type":"ListItem","position":3,"name":"Adaptador Pladur"}]},{"@type":"WebSite","@id":"https:\/\/bianditz.es\/#website","url":"https:\/\/bianditz.es\/","name":"Bianditz Group","description":"| Fabricante de herramientas de mano","potentialAction":[{"@type":"SearchAction","target":{"@type":"EntryPoint","urlTemplate":"https:\/\/bianditz.es\/?s={search_term_string}"},"query-input":"required name=search_term_string"}],"inLanguage":"en-US"}]}},"_links":{"self":[{"href":"https:\/\/bianditz.es\/en\/wp-json\/wp\/v2\/product\/10497","targetHints":{"allow":["GET"]}}],"collection":[{"href":"https:\/\/bianditz.es\/en\/wp-json\/wp\/v2\/product"}],"about":[{"href":"https:\/\/bianditz.es\/en\/wp-json\/wp\/v2\/types\/product"}],"replies":[{"embeddable":true,"href":"https:\/\/bianditz.es\/en\/wp-json\/wp\/v2\/comments?post=10497"}],"version-history":[{"count":4,"href":"https:\/\/bianditz.es\/en\/wp-json\/wp\/v2\/product\/10497\/revisions"}],"predecessor-version":[{"id":13077,"href":"https:\/\/bianditz.es\/en\/wp-json\/wp\/v2\/product\/10497\/revisions\/13077"}],"wp:featuredmedia":[{"embeddable":true,"href":"https:\/\/bianditz.es\/en\/wp-json\/wp\/v2\/media\/12691"}],"wp:attachment":[{"href":"https:\/\/bianditz.es\/en\/wp-json\/wp\/v2\/media?parent=10497"}],"wp:term":[{"taxonomy":"product_cat","embeddable":true,"href":"https:\/\/bianditz.es\/en\/wp-json\/wp\/v2\/product_cat?post=10497"},{"taxonomy":"product_tag","embeddable":true,"href":"https:\/\/bianditz.es\/en\/wp-json\/wp\/v2\/product_tag?post=10497"}],"curies":[{"name":"wp","href":"https:\/\/api.w.org\/{rel}","templated":true}]}}