{"id":10498,"date":"2023-12-20T08:59:28","date_gmt":"2023-12-20T08:59:28","guid":{"rendered":"https:\/\/bianditz.es\/?post_type=product&#038;p=10498"},"modified":"2024-05-06T06:28:18","modified_gmt":"2024-05-06T06:28:18","slug":"adaptador-cri","status":"publish","type":"product","link":"https:\/\/bianditz.es\/en\/producto\/adaptador-cri\/","title":{"rendered":"Cambio r\u00e1pido CRI 150mm"},"content":{"rendered":"<p>Adaptador de cambio r\u00e1pido extra fino imantado para poder acceder a sitios de dif\u00edcil acceso. Ajuste m\u00e1s seguro de la punta. Para puntas de \u00bc.<\/p>\n<p>&nbsp;<\/p>\n<ul>\n<li><strong>C\u00f3digo referencia:\u00a0<\/strong>239916<\/li>\n<li><strong>Tipo<\/strong>: Cambio R\u00e1pido Extra Fino<\/li>\n<li><b><\/b><strong>Material:<\/strong> Acero Inoxidable<\/li>\n<li><strong>Medidas:<\/strong> Di\u00e1metro 11 x 150mm<\/li>\n<\/ul>\n<p style=\"text-align: right;\"><a href=\"http:\/\/bianditz.es\/wp-content\/uploads\/2016\/05\/ADAPTACION-1.pdf\" rel=\"\">Cat\u00e1logo ADAPTADORES<\/a><\/p>\n","protected":false},"excerpt":{"rendered":"<p>Adaptador de cambio r\u00e1pido extra fino imantado para poder acceder a sitios de dif\u00edcil acceso. Ajuste m\u00e1s seguro de la punta. Para puntas de \u00bc.<\/p>\n<p>&nbsp;<\/p>\n<ul>\n<li>C\u00f3digo referencia:\u00a0239916<\/li>\n<li>Tipo: Cambio R\u00e1pido Extra Fino<\/li>\n<li><b><\/b>Material: Acero Inoxidable<\/li>\n<li>Medidas: Di\u00e1metro 11 x 150mm<\/li>\n<\/ul>\n<p style=\"text-align: right;\"><a href=\"http:\/\/bianditz.es\/wp-content\/uploads\/2016\/05\/ADAPTACION-1.pdf\" rel=\"\">Cat\u00e1logo ADAPTADORES<\/a><\/p>\n","protected":false},"featured_media":12841,"comment_status":"open","ping_status":"closed","template":"","meta":[],"product_cat":[1206],"product_tag":[211,319,335,120],"class_list":{"0":"post-10498","1":"product","2":"type-product","3":"status-publish","4":"has-post-thumbnail","6":"product_cat-adaptadores-portapuntas","7":"product_tag-adaptador","8":"product_tag-cambio-rapido","9":"product_tag-extra-fino","10":"product_tag-puntas-1-4","12":"first","13":"instock","14":"shipping-taxable","15":"product-type-simple"},"yoast_head":"<!-- This site is optimized with the Yoast SEO plugin v22.0 - https:\/\/yoast.com\/wordpress\/plugins\/seo\/ -->\n<title>Cambio r\u00e1pido CRI 150mm - Bianditz Group<\/title>\n<meta name=\"robots\" content=\"index, follow, max-snippet:-1, max-image-preview:large, max-video-preview:-1\" \/>\n<link rel=\"canonical\" href=\"https:\/\/bianditz.es\/producto\/adaptador-cri\/\" \/>\n<meta property=\"og:locale\" content=\"en_US\" \/>\n<meta property=\"og:type\" content=\"article\" \/>\n<meta property=\"og:title\" content=\"Cambio r\u00e1pido CRI 150mm - Bianditz Group\" \/>\n<meta property=\"og:description\" content=\"Adaptador de cambio r\u00e1pido extra fino imantado para poder acceder a sitios de dif\u00edcil acceso. Ajuste m\u00e1s seguro de la punta. Para puntas de \u00bc. &nbsp; C\u00f3digo referencia:\u00a0239916 Tipo: Cambio R\u00e1pido Extra Fino Material: Acero Inoxidable Medidas: Di\u00e1metro 11 x 150mm Cat\u00e1logo ADAPTADORES\" \/>\n<meta property=\"og:url\" content=\"https:\/\/bianditz.es\/producto\/adaptador-cri\/\" \/>\n<meta property=\"og:site_name\" content=\"Bianditz Group\" \/>\n<meta property=\"article:modified_time\" content=\"2024-05-06T06:28:18+00:00\" \/>\n<meta property=\"og:image\" content=\"https:\/\/bianditz.es\/wp-content\/uploads\/2023\/12\/CRI150-300x300-1.jpg\" \/>\n\t<meta property=\"og:image:width\" content=\"300\" \/>\n\t<meta property=\"og:image:height\" content=\"300\" \/>\n\t<meta property=\"og:image:type\" content=\"image\/jpeg\" \/>\n<meta name=\"twitter:card\" content=\"summary_large_image\" \/>\n<meta name=\"twitter:label1\" content=\"Est. reading time\" \/>\n\t<meta name=\"twitter:data1\" content=\"1 minute\" \/>\n<script type=\"application\/ld+json\" class=\"yoast-schema-graph\">{\"@context\":\"https:\/\/schema.org\",\"@graph\":[{\"@type\":\"WebPage\",\"@id\":\"https:\/\/bianditz.es\/producto\/adaptador-cri\/\",\"url\":\"https:\/\/bianditz.es\/producto\/adaptador-cri\/\",\"name\":\"Cambio r\u00e1pido CRI 150mm - Bianditz Group\",\"isPartOf\":{\"@id\":\"https:\/\/bianditz.es\/#website\"},\"datePublished\":\"2023-12-20T08:59:28+00:00\",\"dateModified\":\"2024-05-06T06:28:18+00:00\",\"breadcrumb\":{\"@id\":\"https:\/\/bianditz.es\/producto\/adaptador-cri\/#breadcrumb\"},\"inLanguage\":\"en-US\",\"potentialAction\":[{\"@type\":\"ReadAction\",\"target\":[\"https:\/\/bianditz.es\/producto\/adaptador-cri\/\"]}]},{\"@type\":\"BreadcrumbList\",\"@id\":\"https:\/\/bianditz.es\/producto\/adaptador-cri\/#breadcrumb\",\"itemListElement\":[{\"@type\":\"ListItem\",\"position\":1,\"name\":\"Portada\",\"item\":\"https:\/\/bianditz.es\/en\/\"},{\"@type\":\"ListItem\",\"position\":2,\"name\":\"Online Catalogue\",\"item\":\"https:\/\/bianditz.es\/en\/online-catalogue\/\"},{\"@type\":\"ListItem\",\"position\":3,\"name\":\"Cambio r\u00e1pido CRI 150mm\"}]},{\"@type\":\"WebSite\",\"@id\":\"https:\/\/bianditz.es\/#website\",\"url\":\"https:\/\/bianditz.es\/\",\"name\":\"Bianditz Group\",\"description\":\"| Fabricante de herramientas de mano\",\"potentialAction\":[{\"@type\":\"SearchAction\",\"target\":{\"@type\":\"EntryPoint\",\"urlTemplate\":\"https:\/\/bianditz.es\/?s={search_term_string}\"},\"query-input\":\"required name=search_term_string\"}],\"inLanguage\":\"en-US\"}]}<\/script>\n<!-- \/ Yoast SEO plugin. -->","yoast_head_json":{"title":"Cambio r\u00e1pido CRI 150mm - Bianditz Group","robots":{"index":"index","follow":"follow","max-snippet":"max-snippet:-1","max-image-preview":"max-image-preview:large","max-video-preview":"max-video-preview:-1"},"canonical":"https:\/\/bianditz.es\/producto\/adaptador-cri\/","og_locale":"en_US","og_type":"article","og_title":"Cambio r\u00e1pido CRI 150mm - Bianditz Group","og_description":"Adaptador de cambio r\u00e1pido extra fino imantado para poder acceder a sitios de dif\u00edcil acceso. Ajuste m\u00e1s seguro de la punta. Para puntas de \u00bc. &nbsp; C\u00f3digo referencia:\u00a0239916 Tipo: Cambio R\u00e1pido Extra Fino Material: Acero Inoxidable Medidas: Di\u00e1metro 11 x 150mm Cat\u00e1logo ADAPTADORES","og_url":"https:\/\/bianditz.es\/producto\/adaptador-cri\/","og_site_name":"Bianditz Group","article_modified_time":"2024-05-06T06:28:18+00:00","og_image":[{"width":300,"height":300,"url":"https:\/\/bianditz.es\/wp-content\/uploads\/2023\/12\/CRI150-300x300-1.jpg","type":"image\/jpeg"}],"twitter_card":"summary_large_image","twitter_misc":{"Est. reading time":"1 minute"},"schema":{"@context":"https:\/\/schema.org","@graph":[{"@type":"WebPage","@id":"https:\/\/bianditz.es\/producto\/adaptador-cri\/","url":"https:\/\/bianditz.es\/producto\/adaptador-cri\/","name":"Cambio r\u00e1pido CRI 150mm - Bianditz Group","isPartOf":{"@id":"https:\/\/bianditz.es\/#website"},"datePublished":"2023-12-20T08:59:28+00:00","dateModified":"2024-05-06T06:28:18+00:00","breadcrumb":{"@id":"https:\/\/bianditz.es\/producto\/adaptador-cri\/#breadcrumb"},"inLanguage":"en-US","potentialAction":[{"@type":"ReadAction","target":["https:\/\/bianditz.es\/producto\/adaptador-cri\/"]}]},{"@type":"BreadcrumbList","@id":"https:\/\/bianditz.es\/producto\/adaptador-cri\/#breadcrumb","itemListElement":[{"@type":"ListItem","position":1,"name":"Portada","item":"https:\/\/bianditz.es\/en\/"},{"@type":"ListItem","position":2,"name":"Online Catalogue","item":"https:\/\/bianditz.es\/en\/online-catalogue\/"},{"@type":"ListItem","position":3,"name":"Cambio r\u00e1pido CRI 150mm"}]},{"@type":"WebSite","@id":"https:\/\/bianditz.es\/#website","url":"https:\/\/bianditz.es\/","name":"Bianditz Group","description":"| Fabricante de herramientas de mano","potentialAction":[{"@type":"SearchAction","target":{"@type":"EntryPoint","urlTemplate":"https:\/\/bianditz.es\/?s={search_term_string}"},"query-input":"required name=search_term_string"}],"inLanguage":"en-US"}]}},"_links":{"self":[{"href":"https:\/\/bianditz.es\/en\/wp-json\/wp\/v2\/product\/10498","targetHints":{"allow":["GET"]}}],"collection":[{"href":"https:\/\/bianditz.es\/en\/wp-json\/wp\/v2\/product"}],"about":[{"href":"https:\/\/bianditz.es\/en\/wp-json\/wp\/v2\/types\/product"}],"replies":[{"embeddable":true,"href":"https:\/\/bianditz.es\/en\/wp-json\/wp\/v2\/comments?post=10498"}],"version-history":[{"count":5,"href":"https:\/\/bianditz.es\/en\/wp-json\/wp\/v2\/product\/10498\/revisions"}],"predecessor-version":[{"id":13076,"href":"https:\/\/bianditz.es\/en\/wp-json\/wp\/v2\/product\/10498\/revisions\/13076"}],"wp:featuredmedia":[{"embeddable":true,"href":"https:\/\/bianditz.es\/en\/wp-json\/wp\/v2\/media\/12841"}],"wp:attachment":[{"href":"https:\/\/bianditz.es\/en\/wp-json\/wp\/v2\/media?parent=10498"}],"wp:term":[{"taxonomy":"product_cat","embeddable":true,"href":"https:\/\/bianditz.es\/en\/wp-json\/wp\/v2\/product_cat?post=10498"},{"taxonomy":"product_tag","embeddable":true,"href":"https:\/\/bianditz.es\/en\/wp-json\/wp\/v2\/product_tag?post=10498"}],"curies":[{"name":"wp","href":"https:\/\/api.w.org\/{rel}","templated":true}]}}