{"id":10500,"date":"2023-12-20T08:59:29","date_gmt":"2023-12-20T08:59:29","guid":{"rendered":"https:\/\/bianditz.es\/?post_type=product&#038;p=10500"},"modified":"2024-05-03T11:46:17","modified_gmt":"2024-05-03T11:46:17","slug":"acoplamiento-hueco-x-largo","status":"publish","type":"product","link":"https:\/\/bianditz.es\/en\/producto\/acoplamiento-hueco-x-largo\/","title":{"rendered":"Acoplamiento Hex Extra Largo hueco"},"content":{"rendered":"<p>El acoplamiento hexagonal extra largo hueco es la soluci\u00f3n m\u00e1s adecuada para colocar tuercas en esp\u00e1rragos largos. La cabeza hexagonal permite sujetar la tuerca mientras el esp\u00e1rrago va avanzando por el interior del acoplamiento hasta su final.<\/p>\n<ul>\n<li><strong>C\u00f3digo referencia:\u00a0<\/strong>236906<\/li>\n<li><strong>Tipo<\/strong>: Vaso hexagonal hueco<\/li>\n<li><b>Material:<\/b> Cromo Vanadio, acabado niquelado<\/li>\n<li><strong>Medidas:<\/strong> 6 x 150mm &#8211; 75mm, para tornillos de m\u00e9trica M3,5\u00a0 \u00a0 \u00a0 \u00a0 *disponibilidad de m\u00e1s medidas<\/li>\n<\/ul>\n<p style=\"text-align: right;\"><a href=\"http:\/\/bianditz.es\/wp-content\/uploads\/2016\/05\/ADAPTACION-1.pdf\" rel=\"\">Cat\u00e1logo ADAPTADORES<\/a><\/p>\n","protected":false},"excerpt":{"rendered":"<p>El acoplamiento hexagonal extra largo hueco es la soluci\u00f3n m\u00e1s adecuada para colocar tuercas en esp\u00e1rragos largos. La cabeza hexagonal permite sujetar la tuerca mientras el esp\u00e1rrago va avanzando por el interior del acoplamiento hasta su final.<\/p>\n<ul>\n<li>C\u00f3digo referencia:\u00a0236906<\/li>\n<li>Tipo: Vaso hexagonal hueco<\/li>\n<li><b>Material:<\/b> Cromo Vanadio, acabado niquelado<\/li>\n<li>Medidas: 6 x 150mm &#8211; 75mm, para tornillos de m\u00e9trica M3,5\u00a0 \u00a0 \u00a0 \u00a0 *disponibilidad de m\u00e1s medidas<\/li>\n<\/ul>\n<p style=\"text-align: right;\"><a href=\"http:\/\/bianditz.es\/wp-content\/uploads\/2016\/05\/ADAPTACION-1.pdf\" rel=\"\">Cat\u00e1logo ADAPTADORES<\/a><\/p>\n","protected":false},"featured_media":8538,"comment_status":"open","ping_status":"closed","template":"","meta":[],"product_cat":[1206],"product_tag":[339,342,343,344,345],"class_list":{"0":"post-10500","1":"product","2":"type-product","3":"status-publish","4":"has-post-thumbnail","6":"product_cat-adaptadores-portapuntas","7":"product_tag-esparragos-roscados","8":"product_tag-llave-roscada","9":"product_tag-roscar-tuercas","10":"product_tag-tornillo-grifo","11":"product_tag-varillas-roscadas","13":"first","14":"instock","15":"shipping-taxable","16":"product-type-simple"},"yoast_head":"<!-- This site is optimized with the Yoast SEO plugin v22.0 - https:\/\/yoast.com\/wordpress\/plugins\/seo\/ -->\n<title>Acoplamiento Hex Extra Largo hueco - Bianditz Group<\/title>\n<meta name=\"robots\" content=\"index, follow, max-snippet:-1, max-image-preview:large, max-video-preview:-1\" \/>\n<link rel=\"canonical\" href=\"https:\/\/bianditz.es\/producto\/acoplamiento-hueco-x-largo\/\" \/>\n<meta property=\"og:locale\" content=\"en_US\" \/>\n<meta property=\"og:type\" content=\"article\" \/>\n<meta property=\"og:title\" content=\"Acoplamiento Hex Extra Largo hueco - Bianditz Group\" \/>\n<meta property=\"og:description\" content=\"El acoplamiento hexagonal extra largo hueco es la soluci\u00f3n m\u00e1s adecuada para colocar tuercas en esp\u00e1rragos largos. La cabeza hexagonal permite sujetar la tuerca mientras el esp\u00e1rrago va avanzando por el interior del acoplamiento hasta su final. C\u00f3digo referencia:\u00a0236906 Tipo: Vaso hexagonal hueco Material: Cromo Vanadio, acabado niquelado Medidas: 6 x 150mm &#8211; 75mm, para tornillos de m\u00e9trica M3,5\u00a0 \u00a0 \u00a0 \u00a0 *disponibilidad de m\u00e1s medidas Cat\u00e1logo ADAPTADORES\" \/>\n<meta property=\"og:url\" content=\"https:\/\/bianditz.es\/producto\/acoplamiento-hueco-x-largo\/\" \/>\n<meta property=\"og:site_name\" content=\"Bianditz Group\" \/>\n<meta property=\"article:modified_time\" content=\"2024-05-03T11:46:17+00:00\" \/>\n<meta property=\"og:image\" content=\"https:\/\/bianditz.es\/wp-content\/uploads\/2023\/12\/ACOPL-HUECO.jpg\" \/>\n\t<meta property=\"og:image:width\" content=\"1000\" \/>\n\t<meta property=\"og:image:height\" content=\"1000\" \/>\n\t<meta property=\"og:image:type\" content=\"image\/jpeg\" \/>\n<meta name=\"twitter:card\" content=\"summary_large_image\" \/>\n<meta name=\"twitter:label1\" content=\"Est. reading time\" \/>\n\t<meta name=\"twitter:data1\" content=\"1 minute\" \/>\n<script type=\"application\/ld+json\" class=\"yoast-schema-graph\">{\"@context\":\"https:\/\/schema.org\",\"@graph\":[{\"@type\":\"WebPage\",\"@id\":\"https:\/\/bianditz.es\/producto\/acoplamiento-hueco-x-largo\/\",\"url\":\"https:\/\/bianditz.es\/producto\/acoplamiento-hueco-x-largo\/\",\"name\":\"Acoplamiento Hex Extra Largo hueco - Bianditz Group\",\"isPartOf\":{\"@id\":\"https:\/\/bianditz.es\/#website\"},\"datePublished\":\"2023-12-20T08:59:29+00:00\",\"dateModified\":\"2024-05-03T11:46:17+00:00\",\"breadcrumb\":{\"@id\":\"https:\/\/bianditz.es\/producto\/acoplamiento-hueco-x-largo\/#breadcrumb\"},\"inLanguage\":\"en-US\",\"potentialAction\":[{\"@type\":\"ReadAction\",\"target\":[\"https:\/\/bianditz.es\/producto\/acoplamiento-hueco-x-largo\/\"]}]},{\"@type\":\"BreadcrumbList\",\"@id\":\"https:\/\/bianditz.es\/producto\/acoplamiento-hueco-x-largo\/#breadcrumb\",\"itemListElement\":[{\"@type\":\"ListItem\",\"position\":1,\"name\":\"Portada\",\"item\":\"https:\/\/bianditz.es\/en\/\"},{\"@type\":\"ListItem\",\"position\":2,\"name\":\"Online Catalogue\",\"item\":\"https:\/\/bianditz.es\/en\/online-catalogue\/\"},{\"@type\":\"ListItem\",\"position\":3,\"name\":\"Acoplamiento Hex Extra Largo hueco\"}]},{\"@type\":\"WebSite\",\"@id\":\"https:\/\/bianditz.es\/#website\",\"url\":\"https:\/\/bianditz.es\/\",\"name\":\"Bianditz Group\",\"description\":\"| Fabricante de herramientas de mano\",\"potentialAction\":[{\"@type\":\"SearchAction\",\"target\":{\"@type\":\"EntryPoint\",\"urlTemplate\":\"https:\/\/bianditz.es\/?s={search_term_string}\"},\"query-input\":\"required name=search_term_string\"}],\"inLanguage\":\"en-US\"}]}<\/script>\n<!-- \/ Yoast SEO plugin. -->","yoast_head_json":{"title":"Acoplamiento Hex Extra Largo hueco - Bianditz Group","robots":{"index":"index","follow":"follow","max-snippet":"max-snippet:-1","max-image-preview":"max-image-preview:large","max-video-preview":"max-video-preview:-1"},"canonical":"https:\/\/bianditz.es\/producto\/acoplamiento-hueco-x-largo\/","og_locale":"en_US","og_type":"article","og_title":"Acoplamiento Hex Extra Largo hueco - Bianditz Group","og_description":"El acoplamiento hexagonal extra largo hueco es la soluci\u00f3n m\u00e1s adecuada para colocar tuercas en esp\u00e1rragos largos. La cabeza hexagonal permite sujetar la tuerca mientras el esp\u00e1rrago va avanzando por el interior del acoplamiento hasta su final. C\u00f3digo referencia:\u00a0236906 Tipo: Vaso hexagonal hueco Material: Cromo Vanadio, acabado niquelado Medidas: 6 x 150mm &#8211; 75mm, para tornillos de m\u00e9trica M3,5\u00a0 \u00a0 \u00a0 \u00a0 *disponibilidad de m\u00e1s medidas Cat\u00e1logo ADAPTADORES","og_url":"https:\/\/bianditz.es\/producto\/acoplamiento-hueco-x-largo\/","og_site_name":"Bianditz Group","article_modified_time":"2024-05-03T11:46:17+00:00","og_image":[{"width":1000,"height":1000,"url":"https:\/\/bianditz.es\/wp-content\/uploads\/2023\/12\/ACOPL-HUECO.jpg","type":"image\/jpeg"}],"twitter_card":"summary_large_image","twitter_misc":{"Est. reading time":"1 minute"},"schema":{"@context":"https:\/\/schema.org","@graph":[{"@type":"WebPage","@id":"https:\/\/bianditz.es\/producto\/acoplamiento-hueco-x-largo\/","url":"https:\/\/bianditz.es\/producto\/acoplamiento-hueco-x-largo\/","name":"Acoplamiento Hex Extra Largo hueco - Bianditz Group","isPartOf":{"@id":"https:\/\/bianditz.es\/#website"},"datePublished":"2023-12-20T08:59:29+00:00","dateModified":"2024-05-03T11:46:17+00:00","breadcrumb":{"@id":"https:\/\/bianditz.es\/producto\/acoplamiento-hueco-x-largo\/#breadcrumb"},"inLanguage":"en-US","potentialAction":[{"@type":"ReadAction","target":["https:\/\/bianditz.es\/producto\/acoplamiento-hueco-x-largo\/"]}]},{"@type":"BreadcrumbList","@id":"https:\/\/bianditz.es\/producto\/acoplamiento-hueco-x-largo\/#breadcrumb","itemListElement":[{"@type":"ListItem","position":1,"name":"Portada","item":"https:\/\/bianditz.es\/en\/"},{"@type":"ListItem","position":2,"name":"Online Catalogue","item":"https:\/\/bianditz.es\/en\/online-catalogue\/"},{"@type":"ListItem","position":3,"name":"Acoplamiento Hex Extra Largo hueco"}]},{"@type":"WebSite","@id":"https:\/\/bianditz.es\/#website","url":"https:\/\/bianditz.es\/","name":"Bianditz Group","description":"| Fabricante de herramientas de mano","potentialAction":[{"@type":"SearchAction","target":{"@type":"EntryPoint","urlTemplate":"https:\/\/bianditz.es\/?s={search_term_string}"},"query-input":"required name=search_term_string"}],"inLanguage":"en-US"}]}},"_links":{"self":[{"href":"https:\/\/bianditz.es\/en\/wp-json\/wp\/v2\/product\/10500","targetHints":{"allow":["GET"]}}],"collection":[{"href":"https:\/\/bianditz.es\/en\/wp-json\/wp\/v2\/product"}],"about":[{"href":"https:\/\/bianditz.es\/en\/wp-json\/wp\/v2\/types\/product"}],"replies":[{"embeddable":true,"href":"https:\/\/bianditz.es\/en\/wp-json\/wp\/v2\/comments?post=10500"}],"version-history":[{"count":4,"href":"https:\/\/bianditz.es\/en\/wp-json\/wp\/v2\/product\/10500\/revisions"}],"predecessor-version":[{"id":13067,"href":"https:\/\/bianditz.es\/en\/wp-json\/wp\/v2\/product\/10500\/revisions\/13067"}],"wp:featuredmedia":[{"embeddable":true,"href":"https:\/\/bianditz.es\/en\/wp-json\/wp\/v2\/media\/8538"}],"wp:attachment":[{"href":"https:\/\/bianditz.es\/en\/wp-json\/wp\/v2\/media?parent=10500"}],"wp:term":[{"taxonomy":"product_cat","embeddable":true,"href":"https:\/\/bianditz.es\/en\/wp-json\/wp\/v2\/product_cat?post=10500"},{"taxonomy":"product_tag","embeddable":true,"href":"https:\/\/bianditz.es\/en\/wp-json\/wp\/v2\/product_tag?post=10500"}],"curies":[{"name":"wp","href":"https:\/\/api.w.org\/{rel}","templated":true}]}}