{"id":10536,"date":"2023-12-20T08:59:32","date_gmt":"2023-12-20T08:59:32","guid":{"rendered":"https:\/\/bianditz.es\/?post_type=product&#038;p=10536"},"modified":"2024-04-29T11:44:44","modified_gmt":"2024-04-29T11:44:44","slug":"mango-portapuntas-flexible","status":"publish","type":"product","link":"https:\/\/bianditz.es\/en\/producto\/mango-portapuntas-flexible\/","title":{"rendered":"Mango portapuntas 1\/4&#8243; flexible"},"content":{"rendered":"<p>El mango portapuntas flexible sirve para todo tipo de puntas de 1\/4&#8243;. Los mangos portapuntas imantados est\u00e1n dise\u00f1ados y fabricados para un uso profesional intensivo de alto rendimiento. La varilla flexible permite acceder a sitios de dif\u00edcil acceso.<\/p>\n<p>&nbsp;<\/p>\n<ul>\n<li><strong>C\u00f3digo referencia:\u00a0<\/strong>230531<\/li>\n<li><strong>Dureza:\u00a0<\/strong>58-61 HRC<\/li>\n<li><b>Mango:<\/b> Bimaterial. Fabricado en Polipropileno y Elast\u00f3mero resistentes al ataque de \u00e1cidos, aceite colas y grasas. Ergon\u00f3mico y antideslizante. Elast\u00f3mero con textura rugosa para m\u00e1ximos pares de torsi\u00f3n.<\/li>\n<li><strong>Medidas:\u00a0<\/strong>1\/4&#8243; x 150mm<\/li>\n<\/ul>\n<p style=\"text-align: right;\"><a href=\"http:\/\/bianditz.es\/wp-content\/uploads\/2016\/05\/ACCESORIOS.pdf\" rel=\"\">Cat\u00e1logo ACCESORIOS<\/a><\/p>\n","protected":false},"excerpt":{"rendered":"<p>El mango portapuntas flexible sirve para todo tipo de puntas de 1\/4&#8243;. Los mangos portapuntas imantados est\u00e1n dise\u00f1ados y fabricados para un uso profesional intensivo de alto rendimiento. La varilla flexible permite acceder a sitios de dif\u00edcil acceso.<\/p>\n<p>&nbsp;<\/p>\n<ul>\n<li>C\u00f3digo referencia:\u00a0230531<\/li>\n<li>Dureza:\u00a058-61 HRC<\/li>\n<li><b>Mango:<\/b> Bimaterial. Fabricado en Polipropileno y Elast\u00f3mero resistentes al ataque de \u00e1cidos, aceite colas y grasas. Ergon\u00f3mico y antideslizante. Elast\u00f3mero con textura rugosa para m\u00e1ximos pares de torsi\u00f3n.<\/li>\n<li>Medidas:\u00a01\/4&#8243; x 150mm<\/li>\n<\/ul>\n<p style=\"text-align: right;\"><a href=\"http:\/\/bianditz.es\/wp-content\/uploads\/2016\/05\/ACCESORIOS.pdf\" rel=\"\">Cat\u00e1logo ACCESORIOS<\/a><\/p>\n","protected":false},"featured_media":8564,"comment_status":"open","ping_status":"closed","template":"","meta":[],"product_cat":[1207],"product_tag":[318,366,213,120,256],"class_list":{"0":"post-10536","1":"product","2":"type-product","3":"status-publish","4":"has-post-thumbnail","6":"product_cat-accesorios-profesionales","7":"product_tag-magnetico","8":"product_tag-mango-para-puntas","9":"product_tag-portapuntas","10":"product_tag-puntas-1-4","11":"product_tag-varilla-flexible","13":"first","14":"instock","15":"shipping-taxable","16":"product-type-simple"},"yoast_head":"<!-- This site is optimized with the Yoast SEO plugin v22.0 - https:\/\/yoast.com\/wordpress\/plugins\/seo\/ -->\n<title>Mango portapuntas 1\/4&quot; flexible - Bianditz Group<\/title>\n<meta name=\"robots\" content=\"index, follow, max-snippet:-1, max-image-preview:large, max-video-preview:-1\" \/>\n<link rel=\"canonical\" href=\"https:\/\/bianditz.es\/producto\/mango-portapuntas-flexible\/\" \/>\n<meta property=\"og:locale\" content=\"en_US\" \/>\n<meta property=\"og:type\" content=\"article\" \/>\n<meta property=\"og:title\" content=\"Mango portapuntas 1\/4&quot; flexible - Bianditz Group\" \/>\n<meta property=\"og:description\" content=\"El mango portapuntas flexible sirve para todo tipo de puntas de 1\/4&#8243;. Los mangos portapuntas imantados est\u00e1n dise\u00f1ados y fabricados para un uso profesional intensivo de alto rendimiento. La varilla flexible permite acceder a sitios de dif\u00edcil acceso. &nbsp; C\u00f3digo referencia:\u00a0230531 Dureza:\u00a058-61 HRC Mango: Bimaterial. Fabricado en Polipropileno y Elast\u00f3mero resistentes al ataque de \u00e1cidos, aceite colas y grasas. Ergon\u00f3mico y antideslizante. Elast\u00f3mero con textura rugosa para m\u00e1ximos pares de torsi\u00f3n. Medidas:\u00a01\/4&#8243; x 150mm Cat\u00e1logo ACCESORIOS\" \/>\n<meta property=\"og:url\" content=\"https:\/\/bianditz.es\/producto\/mango-portapuntas-flexible\/\" \/>\n<meta property=\"og:site_name\" content=\"Bianditz Group\" \/>\n<meta property=\"article:modified_time\" content=\"2024-04-29T11:44:44+00:00\" \/>\n<meta property=\"og:image\" content=\"https:\/\/bianditz.es\/wp-content\/uploads\/2023\/12\/porapuntas-flex.jpg\" \/>\n\t<meta property=\"og:image:width\" content=\"1000\" \/>\n\t<meta property=\"og:image:height\" content=\"1000\" \/>\n\t<meta property=\"og:image:type\" content=\"image\/jpeg\" \/>\n<meta name=\"twitter:card\" content=\"summary_large_image\" \/>\n<meta name=\"twitter:label1\" content=\"Est. reading time\" \/>\n\t<meta name=\"twitter:data1\" content=\"1 minute\" \/>\n<script type=\"application\/ld+json\" class=\"yoast-schema-graph\">{\"@context\":\"https:\/\/schema.org\",\"@graph\":[{\"@type\":\"WebPage\",\"@id\":\"https:\/\/bianditz.es\/producto\/mango-portapuntas-flexible\/\",\"url\":\"https:\/\/bianditz.es\/producto\/mango-portapuntas-flexible\/\",\"name\":\"Mango portapuntas 1\/4\\\" flexible - Bianditz Group\",\"isPartOf\":{\"@id\":\"https:\/\/bianditz.es\/#website\"},\"datePublished\":\"2023-12-20T08:59:32+00:00\",\"dateModified\":\"2024-04-29T11:44:44+00:00\",\"breadcrumb\":{\"@id\":\"https:\/\/bianditz.es\/producto\/mango-portapuntas-flexible\/#breadcrumb\"},\"inLanguage\":\"en-US\",\"potentialAction\":[{\"@type\":\"ReadAction\",\"target\":[\"https:\/\/bianditz.es\/producto\/mango-portapuntas-flexible\/\"]}]},{\"@type\":\"BreadcrumbList\",\"@id\":\"https:\/\/bianditz.es\/producto\/mango-portapuntas-flexible\/#breadcrumb\",\"itemListElement\":[{\"@type\":\"ListItem\",\"position\":1,\"name\":\"Portada\",\"item\":\"https:\/\/bianditz.es\/en\/\"},{\"@type\":\"ListItem\",\"position\":2,\"name\":\"Online Catalogue\",\"item\":\"https:\/\/bianditz.es\/en\/online-catalogue\/\"},{\"@type\":\"ListItem\",\"position\":3,\"name\":\"Mango portapuntas 1\/4&#8243; flexible\"}]},{\"@type\":\"WebSite\",\"@id\":\"https:\/\/bianditz.es\/#website\",\"url\":\"https:\/\/bianditz.es\/\",\"name\":\"Bianditz Group\",\"description\":\"| Fabricante de herramientas de mano\",\"potentialAction\":[{\"@type\":\"SearchAction\",\"target\":{\"@type\":\"EntryPoint\",\"urlTemplate\":\"https:\/\/bianditz.es\/?s={search_term_string}\"},\"query-input\":\"required name=search_term_string\"}],\"inLanguage\":\"en-US\"}]}<\/script>\n<!-- \/ Yoast SEO plugin. -->","yoast_head_json":{"title":"Mango portapuntas 1\/4\" flexible - Bianditz Group","robots":{"index":"index","follow":"follow","max-snippet":"max-snippet:-1","max-image-preview":"max-image-preview:large","max-video-preview":"max-video-preview:-1"},"canonical":"https:\/\/bianditz.es\/producto\/mango-portapuntas-flexible\/","og_locale":"en_US","og_type":"article","og_title":"Mango portapuntas 1\/4\" flexible - Bianditz Group","og_description":"El mango portapuntas flexible sirve para todo tipo de puntas de 1\/4&#8243;. Los mangos portapuntas imantados est\u00e1n dise\u00f1ados y fabricados para un uso profesional intensivo de alto rendimiento. La varilla flexible permite acceder a sitios de dif\u00edcil acceso. &nbsp; C\u00f3digo referencia:\u00a0230531 Dureza:\u00a058-61 HRC Mango: Bimaterial. Fabricado en Polipropileno y Elast\u00f3mero resistentes al ataque de \u00e1cidos, aceite colas y grasas. Ergon\u00f3mico y antideslizante. Elast\u00f3mero con textura rugosa para m\u00e1ximos pares de torsi\u00f3n. Medidas:\u00a01\/4&#8243; x 150mm Cat\u00e1logo ACCESORIOS","og_url":"https:\/\/bianditz.es\/producto\/mango-portapuntas-flexible\/","og_site_name":"Bianditz Group","article_modified_time":"2024-04-29T11:44:44+00:00","og_image":[{"width":1000,"height":1000,"url":"https:\/\/bianditz.es\/wp-content\/uploads\/2023\/12\/porapuntas-flex.jpg","type":"image\/jpeg"}],"twitter_card":"summary_large_image","twitter_misc":{"Est. reading time":"1 minute"},"schema":{"@context":"https:\/\/schema.org","@graph":[{"@type":"WebPage","@id":"https:\/\/bianditz.es\/producto\/mango-portapuntas-flexible\/","url":"https:\/\/bianditz.es\/producto\/mango-portapuntas-flexible\/","name":"Mango portapuntas 1\/4\" flexible - Bianditz Group","isPartOf":{"@id":"https:\/\/bianditz.es\/#website"},"datePublished":"2023-12-20T08:59:32+00:00","dateModified":"2024-04-29T11:44:44+00:00","breadcrumb":{"@id":"https:\/\/bianditz.es\/producto\/mango-portapuntas-flexible\/#breadcrumb"},"inLanguage":"en-US","potentialAction":[{"@type":"ReadAction","target":["https:\/\/bianditz.es\/producto\/mango-portapuntas-flexible\/"]}]},{"@type":"BreadcrumbList","@id":"https:\/\/bianditz.es\/producto\/mango-portapuntas-flexible\/#breadcrumb","itemListElement":[{"@type":"ListItem","position":1,"name":"Portada","item":"https:\/\/bianditz.es\/en\/"},{"@type":"ListItem","position":2,"name":"Online Catalogue","item":"https:\/\/bianditz.es\/en\/online-catalogue\/"},{"@type":"ListItem","position":3,"name":"Mango portapuntas 1\/4&#8243; flexible"}]},{"@type":"WebSite","@id":"https:\/\/bianditz.es\/#website","url":"https:\/\/bianditz.es\/","name":"Bianditz Group","description":"| Fabricante de herramientas de mano","potentialAction":[{"@type":"SearchAction","target":{"@type":"EntryPoint","urlTemplate":"https:\/\/bianditz.es\/?s={search_term_string}"},"query-input":"required name=search_term_string"}],"inLanguage":"en-US"}]}},"_links":{"self":[{"href":"https:\/\/bianditz.es\/en\/wp-json\/wp\/v2\/product\/10536","targetHints":{"allow":["GET"]}}],"collection":[{"href":"https:\/\/bianditz.es\/en\/wp-json\/wp\/v2\/product"}],"about":[{"href":"https:\/\/bianditz.es\/en\/wp-json\/wp\/v2\/types\/product"}],"replies":[{"embeddable":true,"href":"https:\/\/bianditz.es\/en\/wp-json\/wp\/v2\/comments?post=10536"}],"version-history":[{"count":3,"href":"https:\/\/bianditz.es\/en\/wp-json\/wp\/v2\/product\/10536\/revisions"}],"predecessor-version":[{"id":13004,"href":"https:\/\/bianditz.es\/en\/wp-json\/wp\/v2\/product\/10536\/revisions\/13004"}],"wp:featuredmedia":[{"embeddable":true,"href":"https:\/\/bianditz.es\/en\/wp-json\/wp\/v2\/media\/8564"}],"wp:attachment":[{"href":"https:\/\/bianditz.es\/en\/wp-json\/wp\/v2\/media?parent=10536"}],"wp:term":[{"taxonomy":"product_cat","embeddable":true,"href":"https:\/\/bianditz.es\/en\/wp-json\/wp\/v2\/product_cat?post=10536"},{"taxonomy":"product_tag","embeddable":true,"href":"https:\/\/bianditz.es\/en\/wp-json\/wp\/v2\/product_tag?post=10536"}],"curies":[{"name":"wp","href":"https:\/\/api.w.org\/{rel}","templated":true}]}}