{"id":10549,"date":"2023-12-20T08:59:33","date_gmt":"2023-12-20T08:59:33","guid":{"rendered":"https:\/\/bianditz.es\/?post_type=product&#038;p=10549"},"modified":"2024-05-03T09:41:44","modified_gmt":"2024-05-03T09:41:44","slug":"granete-bianditz","status":"publish","type":"product","link":"https:\/\/bianditz.es\/en\/producto\/granete-bianditz\/","title":{"rendered":"Granete Bianditz"},"content":{"rendered":"<p>Los granetes se utilizan para marcar lugares mediante un impacto de forma que luego sea m\u00e1s f\u00e1cil realizar un agujero con una broca. estos casos se presentan de forma habitual cuando trabajamos con material cer\u00e1mico. La cabeza con forma parab\u00f3lica facilita y centra el golpe con el martillo.<\/p>\n<p>&nbsp;<\/p>\n<ul>\n<li><strong>C\u00f3digo referencia:\u00a0<\/strong>208420<\/li>\n<li><strong>Tipo<\/strong>: Herramienta de impacto<\/li>\n<li><b>Material:<\/b> Acero con componentes de Cromo y Vanadio. Acabado N\u00edquel negro brillante<\/li>\n<li><b>Dureza:<\/b> Dureza 56-58 HRC. Proceso de templado<\/li>\n<li><strong>Medidas:\u00a0<\/strong>2 x 9 x 130mm\u00a0 \u00a0 \u00a0 \u00a0*disponibilidad de m\u00e1s medidas<\/li>\n<\/ul>\n<p style=\"text-align: right;\"><a href=\"http:\/\/bianditz.es\/wp-content\/uploads\/2016\/05\/IMPACTO.pdf\" rel=\"\">Cat\u00e1logo IMPACTO.pdf<\/a><\/p>\n","protected":false},"excerpt":{"rendered":"<p>Los granetes se utilizan para marcar lugares mediante un impacto de forma que luego sea m\u00e1s f\u00e1cil realizar un agujero con una broca. estos casos se presentan de forma habitual cuando trabajamos con material cer\u00e1mico. La cabeza con forma parab\u00f3lica facilita y centra el golpe con el martillo.<\/p>\n<p>&nbsp;<\/p>\n<ul>\n<li>C\u00f3digo referencia:\u00a0208420<\/li>\n<li>Tipo: Herramienta de impacto<\/li>\n<li><b>Material:<\/b> Acero con componentes de Cromo y Vanadio. Acabado N\u00edquel negro brillante<\/li>\n<li><b>Dureza:<\/b> Dureza 56-58 HRC. Proceso de templado<\/li>\n<li>Medidas:\u00a02 x 9 x 130mm\u00a0 \u00a0 \u00a0 \u00a0*disponibilidad de m\u00e1s medidas<\/li>\n<\/ul>\n<p style=\"text-align: right;\"><a href=\"http:\/\/bianditz.es\/wp-content\/uploads\/2016\/05\/IMPACTO.pdf\" rel=\"\">Cat\u00e1logo IMPACTO.pdf<\/a><\/p>\n","protected":false},"featured_media":8589,"comment_status":"closed","ping_status":"closed","template":"","meta":[],"product_cat":[1208],"product_tag":[405,406,407,408,409,410],"class_list":{"0":"post-10549","1":"product","2":"type-product","3":"status-publish","4":"has-post-thumbnail","6":"product_cat-herramienta-de-impacto","7":"product_tag-centrar","8":"product_tag-chapa","9":"product_tag-cincel","10":"product_tag-corte","11":"product_tag-madera","12":"product_tag-piedra","14":"first","15":"instock","16":"shipping-taxable","17":"product-type-simple"},"yoast_head":"<!-- This site is optimized with the Yoast SEO plugin v22.0 - https:\/\/yoast.com\/wordpress\/plugins\/seo\/ -->\n<title>Granete Bianditz - Bianditz Group<\/title>\n<meta name=\"robots\" content=\"index, follow, max-snippet:-1, max-image-preview:large, max-video-preview:-1\" \/>\n<link rel=\"canonical\" href=\"https:\/\/bianditz.es\/producto\/granete-bianditz\/\" \/>\n<meta property=\"og:locale\" content=\"en_US\" \/>\n<meta property=\"og:type\" content=\"article\" \/>\n<meta property=\"og:title\" content=\"Granete Bianditz - Bianditz Group\" \/>\n<meta property=\"og:description\" content=\"Los granetes se utilizan para marcar lugares mediante un impacto de forma que luego sea m\u00e1s f\u00e1cil realizar un agujero con una broca. estos casos se presentan de forma habitual cuando trabajamos con material cer\u00e1mico. La cabeza con forma parab\u00f3lica facilita y centra el golpe con el martillo. &nbsp; C\u00f3digo referencia:\u00a0208420 Tipo: Herramienta de impacto Material: Acero con componentes de Cromo y Vanadio. Acabado N\u00edquel negro brillante Dureza: Dureza 56-58 HRC. Proceso de templado Medidas:\u00a02 x 9 x 130mm\u00a0 \u00a0 \u00a0 \u00a0*disponibilidad de m\u00e1s medidas Cat\u00e1logo IMPACTO.pdf\" \/>\n<meta property=\"og:url\" content=\"https:\/\/bianditz.es\/producto\/granete-bianditz\/\" \/>\n<meta property=\"og:site_name\" content=\"Bianditz Group\" \/>\n<meta property=\"article:modified_time\" content=\"2024-05-03T09:41:44+00:00\" \/>\n<meta property=\"og:image\" content=\"https:\/\/bianditz.es\/wp-content\/uploads\/2023\/12\/GRANETE.jpg\" \/>\n\t<meta property=\"og:image:width\" content=\"1000\" \/>\n\t<meta property=\"og:image:height\" content=\"1000\" \/>\n\t<meta property=\"og:image:type\" content=\"image\/jpeg\" \/>\n<meta name=\"twitter:card\" content=\"summary_large_image\" \/>\n<meta name=\"twitter:label1\" content=\"Est. reading time\" \/>\n\t<meta name=\"twitter:data1\" content=\"1 minute\" \/>\n<script type=\"application\/ld+json\" class=\"yoast-schema-graph\">{\"@context\":\"https:\/\/schema.org\",\"@graph\":[{\"@type\":\"WebPage\",\"@id\":\"https:\/\/bianditz.es\/producto\/granete-bianditz\/\",\"url\":\"https:\/\/bianditz.es\/producto\/granete-bianditz\/\",\"name\":\"Granete Bianditz - Bianditz Group\",\"isPartOf\":{\"@id\":\"https:\/\/bianditz.es\/#website\"},\"datePublished\":\"2023-12-20T08:59:33+00:00\",\"dateModified\":\"2024-05-03T09:41:44+00:00\",\"breadcrumb\":{\"@id\":\"https:\/\/bianditz.es\/producto\/granete-bianditz\/#breadcrumb\"},\"inLanguage\":\"en-US\",\"potentialAction\":[{\"@type\":\"ReadAction\",\"target\":[\"https:\/\/bianditz.es\/producto\/granete-bianditz\/\"]}]},{\"@type\":\"BreadcrumbList\",\"@id\":\"https:\/\/bianditz.es\/producto\/granete-bianditz\/#breadcrumb\",\"itemListElement\":[{\"@type\":\"ListItem\",\"position\":1,\"name\":\"Portada\",\"item\":\"https:\/\/bianditz.es\/en\/\"},{\"@type\":\"ListItem\",\"position\":2,\"name\":\"Online Catalogue\",\"item\":\"https:\/\/bianditz.es\/en\/online-catalogue\/\"},{\"@type\":\"ListItem\",\"position\":3,\"name\":\"Granete Bianditz\"}]},{\"@type\":\"WebSite\",\"@id\":\"https:\/\/bianditz.es\/#website\",\"url\":\"https:\/\/bianditz.es\/\",\"name\":\"Bianditz Group\",\"description\":\"| Fabricante de herramientas de mano\",\"potentialAction\":[{\"@type\":\"SearchAction\",\"target\":{\"@type\":\"EntryPoint\",\"urlTemplate\":\"https:\/\/bianditz.es\/?s={search_term_string}\"},\"query-input\":\"required name=search_term_string\"}],\"inLanguage\":\"en-US\"}]}<\/script>\n<!-- \/ Yoast SEO plugin. -->","yoast_head_json":{"title":"Granete Bianditz - Bianditz Group","robots":{"index":"index","follow":"follow","max-snippet":"max-snippet:-1","max-image-preview":"max-image-preview:large","max-video-preview":"max-video-preview:-1"},"canonical":"https:\/\/bianditz.es\/producto\/granete-bianditz\/","og_locale":"en_US","og_type":"article","og_title":"Granete Bianditz - Bianditz Group","og_description":"Los granetes se utilizan para marcar lugares mediante un impacto de forma que luego sea m\u00e1s f\u00e1cil realizar un agujero con una broca. estos casos se presentan de forma habitual cuando trabajamos con material cer\u00e1mico. La cabeza con forma parab\u00f3lica facilita y centra el golpe con el martillo. &nbsp; C\u00f3digo referencia:\u00a0208420 Tipo: Herramienta de impacto Material: Acero con componentes de Cromo y Vanadio. Acabado N\u00edquel negro brillante Dureza: Dureza 56-58 HRC. Proceso de templado Medidas:\u00a02 x 9 x 130mm\u00a0 \u00a0 \u00a0 \u00a0*disponibilidad de m\u00e1s medidas Cat\u00e1logo IMPACTO.pdf","og_url":"https:\/\/bianditz.es\/producto\/granete-bianditz\/","og_site_name":"Bianditz Group","article_modified_time":"2024-05-03T09:41:44+00:00","og_image":[{"width":1000,"height":1000,"url":"https:\/\/bianditz.es\/wp-content\/uploads\/2023\/12\/GRANETE.jpg","type":"image\/jpeg"}],"twitter_card":"summary_large_image","twitter_misc":{"Est. reading time":"1 minute"},"schema":{"@context":"https:\/\/schema.org","@graph":[{"@type":"WebPage","@id":"https:\/\/bianditz.es\/producto\/granete-bianditz\/","url":"https:\/\/bianditz.es\/producto\/granete-bianditz\/","name":"Granete Bianditz - Bianditz Group","isPartOf":{"@id":"https:\/\/bianditz.es\/#website"},"datePublished":"2023-12-20T08:59:33+00:00","dateModified":"2024-05-03T09:41:44+00:00","breadcrumb":{"@id":"https:\/\/bianditz.es\/producto\/granete-bianditz\/#breadcrumb"},"inLanguage":"en-US","potentialAction":[{"@type":"ReadAction","target":["https:\/\/bianditz.es\/producto\/granete-bianditz\/"]}]},{"@type":"BreadcrumbList","@id":"https:\/\/bianditz.es\/producto\/granete-bianditz\/#breadcrumb","itemListElement":[{"@type":"ListItem","position":1,"name":"Portada","item":"https:\/\/bianditz.es\/en\/"},{"@type":"ListItem","position":2,"name":"Online Catalogue","item":"https:\/\/bianditz.es\/en\/online-catalogue\/"},{"@type":"ListItem","position":3,"name":"Granete Bianditz"}]},{"@type":"WebSite","@id":"https:\/\/bianditz.es\/#website","url":"https:\/\/bianditz.es\/","name":"Bianditz Group","description":"| Fabricante de herramientas de mano","potentialAction":[{"@type":"SearchAction","target":{"@type":"EntryPoint","urlTemplate":"https:\/\/bianditz.es\/?s={search_term_string}"},"query-input":"required name=search_term_string"}],"inLanguage":"en-US"}]}},"_links":{"self":[{"href":"https:\/\/bianditz.es\/en\/wp-json\/wp\/v2\/product\/10549","targetHints":{"allow":["GET"]}}],"collection":[{"href":"https:\/\/bianditz.es\/en\/wp-json\/wp\/v2\/product"}],"about":[{"href":"https:\/\/bianditz.es\/en\/wp-json\/wp\/v2\/types\/product"}],"replies":[{"embeddable":true,"href":"https:\/\/bianditz.es\/en\/wp-json\/wp\/v2\/comments?post=10549"}],"version-history":[{"count":3,"href":"https:\/\/bianditz.es\/en\/wp-json\/wp\/v2\/product\/10549\/revisions"}],"predecessor-version":[{"id":13052,"href":"https:\/\/bianditz.es\/en\/wp-json\/wp\/v2\/product\/10549\/revisions\/13052"}],"wp:featuredmedia":[{"embeddable":true,"href":"https:\/\/bianditz.es\/en\/wp-json\/wp\/v2\/media\/8589"}],"wp:attachment":[{"href":"https:\/\/bianditz.es\/en\/wp-json\/wp\/v2\/media?parent=10549"}],"wp:term":[{"taxonomy":"product_cat","embeddable":true,"href":"https:\/\/bianditz.es\/en\/wp-json\/wp\/v2\/product_cat?post=10549"},{"taxonomy":"product_tag","embeddable":true,"href":"https:\/\/bianditz.es\/en\/wp-json\/wp\/v2\/product_tag?post=10549"}],"curies":[{"name":"wp","href":"https:\/\/api.w.org\/{rel}","templated":true}]}}