{"id":10551,"date":"2023-12-20T08:59:33","date_gmt":"2023-12-20T08:59:33","guid":{"rendered":"https:\/\/bianditz.es\/?post_type=product&#038;p=10551"},"modified":"2024-05-03T09:49:49","modified_gmt":"2024-05-03T09:49:49","slug":"botador-cilindrico-bianditz","status":"publish","type":"product","link":"https:\/\/bianditz.es\/en\/producto\/botador-cilindrico-bianditz\/","title":{"rendered":"Botador cil\u00edndrico Bianditz"},"content":{"rendered":"<p>Los botadores cil\u00edndricos se utilizan principalmente para embutir puntas o en trabajos de chapa para extraer pasadores. La cabeza con forma parab\u00f3lica facilita y centra el golpe con el martillo.<\/p>\n<p>&nbsp;<\/p>\n<ul>\n<li><strong>C\u00f3digo referencia:<\/strong> 208720<\/li>\n<li><strong>Tipo<\/strong>: Herramienta de impacto<\/li>\n<li><b>Material:<\/b> Acero con componentes de Cromo y Vanadio. Acabado N\u00edquel negro brillante<\/li>\n<li><b>Dureza:<\/b> Dureza 56-58 HRC. Proceso de templado<\/li>\n<li><strong>Medidas:\u00a0<\/strong>2 x 9 x 160mm\u00a0 \u00a0 \u00a0 *disponibilidad de m\u00e1s medidas<\/li>\n<\/ul>\n<p style=\"text-align: right;\"><a href=\"http:\/\/bianditz.es\/wp-content\/uploads\/2016\/05\/IMPACTO.pdf\" rel=\"\">Cat\u00e1logo IMPACTO.pdf<\/a><\/p>\n","protected":false},"excerpt":{"rendered":"<p>Los botadores cil\u00edndricos se utilizan principalmente para embutir puntas o en trabajos de chapa para extraer pasadores. La cabeza con forma parab\u00f3lica facilita y centra el golpe con el martillo.<\/p>\n<p>&nbsp;<\/p>\n<ul>\n<li>C\u00f3digo referencia: 208720<\/li>\n<li>Tipo: Herramienta de impacto<\/li>\n<li><b>Material:<\/b> Acero con componentes de Cromo y Vanadio. Acabado N\u00edquel negro brillante<\/li>\n<li><b>Dureza:<\/b> Dureza 56-58 HRC. Proceso de templado<\/li>\n<li>Medidas:\u00a02 x 9 x 160mm\u00a0 \u00a0 \u00a0 *disponibilidad de m\u00e1s medidas<\/li>\n<\/ul>\n<p style=\"text-align: right;\"><a href=\"http:\/\/bianditz.es\/wp-content\/uploads\/2016\/05\/IMPACTO.pdf\" rel=\"\">Cat\u00e1logo IMPACTO.pdf<\/a><\/p>\n","protected":false},"featured_media":8601,"comment_status":"closed","ping_status":"closed","template":"","meta":[],"product_cat":[1208],"product_tag":[405,406,407,408,409,410],"class_list":{"0":"post-10551","1":"product","2":"type-product","3":"status-publish","4":"has-post-thumbnail","6":"product_cat-herramienta-de-impacto","7":"product_tag-centrar","8":"product_tag-chapa","9":"product_tag-cincel","10":"product_tag-corte","11":"product_tag-madera","12":"product_tag-piedra","14":"first","15":"instock","16":"shipping-taxable","17":"product-type-simple"},"yoast_head":"<!-- This site is optimized with the Yoast SEO plugin v22.0 - https:\/\/yoast.com\/wordpress\/plugins\/seo\/ -->\n<title>Botador cil\u00edndrico Bianditz - Bianditz Group<\/title>\n<meta name=\"robots\" content=\"index, follow, max-snippet:-1, max-image-preview:large, max-video-preview:-1\" \/>\n<link rel=\"canonical\" href=\"https:\/\/bianditz.es\/producto\/botador-cilindrico-bianditz\/\" \/>\n<meta property=\"og:locale\" content=\"en_US\" \/>\n<meta property=\"og:type\" content=\"article\" \/>\n<meta property=\"og:title\" content=\"Botador cil\u00edndrico Bianditz - Bianditz Group\" \/>\n<meta property=\"og:description\" content=\"Los botadores cil\u00edndricos se utilizan principalmente para embutir puntas o en trabajos de chapa para extraer pasadores. La cabeza con forma parab\u00f3lica facilita y centra el golpe con el martillo. &nbsp; C\u00f3digo referencia: 208720 Tipo: Herramienta de impacto Material: Acero con componentes de Cromo y Vanadio. Acabado N\u00edquel negro brillante Dureza: Dureza 56-58 HRC. Proceso de templado Medidas:\u00a02 x 9 x 160mm\u00a0 \u00a0 \u00a0 *disponibilidad de m\u00e1s medidas Cat\u00e1logo IMPACTO.pdf\" \/>\n<meta property=\"og:url\" content=\"https:\/\/bianditz.es\/producto\/botador-cilindrico-bianditz\/\" \/>\n<meta property=\"og:site_name\" content=\"Bianditz Group\" \/>\n<meta property=\"article:modified_time\" content=\"2024-05-03T09:49:49+00:00\" \/>\n<meta property=\"og:image\" content=\"https:\/\/bianditz.es\/wp-content\/uploads\/2023\/12\/CILINDRICO.jpg\" \/>\n\t<meta property=\"og:image:width\" content=\"1000\" \/>\n\t<meta property=\"og:image:height\" content=\"1000\" \/>\n\t<meta property=\"og:image:type\" content=\"image\/jpeg\" \/>\n<meta name=\"twitter:card\" content=\"summary_large_image\" \/>\n<meta name=\"twitter:label1\" content=\"Est. reading time\" \/>\n\t<meta name=\"twitter:data1\" content=\"1 minute\" \/>\n<script type=\"application\/ld+json\" class=\"yoast-schema-graph\">{\"@context\":\"https:\/\/schema.org\",\"@graph\":[{\"@type\":\"WebPage\",\"@id\":\"https:\/\/bianditz.es\/producto\/botador-cilindrico-bianditz\/\",\"url\":\"https:\/\/bianditz.es\/producto\/botador-cilindrico-bianditz\/\",\"name\":\"Botador cil\u00edndrico Bianditz - Bianditz Group\",\"isPartOf\":{\"@id\":\"https:\/\/bianditz.es\/#website\"},\"datePublished\":\"2023-12-20T08:59:33+00:00\",\"dateModified\":\"2024-05-03T09:49:49+00:00\",\"breadcrumb\":{\"@id\":\"https:\/\/bianditz.es\/producto\/botador-cilindrico-bianditz\/#breadcrumb\"},\"inLanguage\":\"en-US\",\"potentialAction\":[{\"@type\":\"ReadAction\",\"target\":[\"https:\/\/bianditz.es\/producto\/botador-cilindrico-bianditz\/\"]}]},{\"@type\":\"BreadcrumbList\",\"@id\":\"https:\/\/bianditz.es\/producto\/botador-cilindrico-bianditz\/#breadcrumb\",\"itemListElement\":[{\"@type\":\"ListItem\",\"position\":1,\"name\":\"Portada\",\"item\":\"https:\/\/bianditz.es\/en\/\"},{\"@type\":\"ListItem\",\"position\":2,\"name\":\"Online Catalogue\",\"item\":\"https:\/\/bianditz.es\/en\/online-catalogue\/\"},{\"@type\":\"ListItem\",\"position\":3,\"name\":\"Botador cil\u00edndrico Bianditz\"}]},{\"@type\":\"WebSite\",\"@id\":\"https:\/\/bianditz.es\/#website\",\"url\":\"https:\/\/bianditz.es\/\",\"name\":\"Bianditz Group\",\"description\":\"| Fabricante de herramientas de mano\",\"potentialAction\":[{\"@type\":\"SearchAction\",\"target\":{\"@type\":\"EntryPoint\",\"urlTemplate\":\"https:\/\/bianditz.es\/?s={search_term_string}\"},\"query-input\":\"required name=search_term_string\"}],\"inLanguage\":\"en-US\"}]}<\/script>\n<!-- \/ Yoast SEO plugin. -->","yoast_head_json":{"title":"Botador cil\u00edndrico Bianditz - Bianditz Group","robots":{"index":"index","follow":"follow","max-snippet":"max-snippet:-1","max-image-preview":"max-image-preview:large","max-video-preview":"max-video-preview:-1"},"canonical":"https:\/\/bianditz.es\/producto\/botador-cilindrico-bianditz\/","og_locale":"en_US","og_type":"article","og_title":"Botador cil\u00edndrico Bianditz - Bianditz Group","og_description":"Los botadores cil\u00edndricos se utilizan principalmente para embutir puntas o en trabajos de chapa para extraer pasadores. La cabeza con forma parab\u00f3lica facilita y centra el golpe con el martillo. &nbsp; C\u00f3digo referencia: 208720 Tipo: Herramienta de impacto Material: Acero con componentes de Cromo y Vanadio. Acabado N\u00edquel negro brillante Dureza: Dureza 56-58 HRC. Proceso de templado Medidas:\u00a02 x 9 x 160mm\u00a0 \u00a0 \u00a0 *disponibilidad de m\u00e1s medidas Cat\u00e1logo IMPACTO.pdf","og_url":"https:\/\/bianditz.es\/producto\/botador-cilindrico-bianditz\/","og_site_name":"Bianditz Group","article_modified_time":"2024-05-03T09:49:49+00:00","og_image":[{"width":1000,"height":1000,"url":"https:\/\/bianditz.es\/wp-content\/uploads\/2023\/12\/CILINDRICO.jpg","type":"image\/jpeg"}],"twitter_card":"summary_large_image","twitter_misc":{"Est. reading time":"1 minute"},"schema":{"@context":"https:\/\/schema.org","@graph":[{"@type":"WebPage","@id":"https:\/\/bianditz.es\/producto\/botador-cilindrico-bianditz\/","url":"https:\/\/bianditz.es\/producto\/botador-cilindrico-bianditz\/","name":"Botador cil\u00edndrico Bianditz - Bianditz Group","isPartOf":{"@id":"https:\/\/bianditz.es\/#website"},"datePublished":"2023-12-20T08:59:33+00:00","dateModified":"2024-05-03T09:49:49+00:00","breadcrumb":{"@id":"https:\/\/bianditz.es\/producto\/botador-cilindrico-bianditz\/#breadcrumb"},"inLanguage":"en-US","potentialAction":[{"@type":"ReadAction","target":["https:\/\/bianditz.es\/producto\/botador-cilindrico-bianditz\/"]}]},{"@type":"BreadcrumbList","@id":"https:\/\/bianditz.es\/producto\/botador-cilindrico-bianditz\/#breadcrumb","itemListElement":[{"@type":"ListItem","position":1,"name":"Portada","item":"https:\/\/bianditz.es\/en\/"},{"@type":"ListItem","position":2,"name":"Online Catalogue","item":"https:\/\/bianditz.es\/en\/online-catalogue\/"},{"@type":"ListItem","position":3,"name":"Botador cil\u00edndrico Bianditz"}]},{"@type":"WebSite","@id":"https:\/\/bianditz.es\/#website","url":"https:\/\/bianditz.es\/","name":"Bianditz Group","description":"| Fabricante de herramientas de mano","potentialAction":[{"@type":"SearchAction","target":{"@type":"EntryPoint","urlTemplate":"https:\/\/bianditz.es\/?s={search_term_string}"},"query-input":"required name=search_term_string"}],"inLanguage":"en-US"}]}},"_links":{"self":[{"href":"https:\/\/bianditz.es\/en\/wp-json\/wp\/v2\/product\/10551","targetHints":{"allow":["GET"]}}],"collection":[{"href":"https:\/\/bianditz.es\/en\/wp-json\/wp\/v2\/product"}],"about":[{"href":"https:\/\/bianditz.es\/en\/wp-json\/wp\/v2\/types\/product"}],"replies":[{"embeddable":true,"href":"https:\/\/bianditz.es\/en\/wp-json\/wp\/v2\/comments?post=10551"}],"version-history":[{"count":5,"href":"https:\/\/bianditz.es\/en\/wp-json\/wp\/v2\/product\/10551\/revisions"}],"predecessor-version":[{"id":13055,"href":"https:\/\/bianditz.es\/en\/wp-json\/wp\/v2\/product\/10551\/revisions\/13055"}],"wp:featuredmedia":[{"embeddable":true,"href":"https:\/\/bianditz.es\/en\/wp-json\/wp\/v2\/media\/8601"}],"wp:attachment":[{"href":"https:\/\/bianditz.es\/en\/wp-json\/wp\/v2\/media?parent=10551"}],"wp:term":[{"taxonomy":"product_cat","embeddable":true,"href":"https:\/\/bianditz.es\/en\/wp-json\/wp\/v2\/product_cat?post=10551"},{"taxonomy":"product_tag","embeddable":true,"href":"https:\/\/bianditz.es\/en\/wp-json\/wp\/v2\/product_tag?post=10551"}],"curies":[{"name":"wp","href":"https:\/\/api.w.org\/{rel}","templated":true}]}}