{"id":10593,"date":"2023-12-20T08:59:37","date_gmt":"2023-12-20T08:59:37","guid":{"rendered":"https:\/\/bianditz.es\/?post_type=product&#038;p=10593"},"modified":"2024-05-03T09:42:32","modified_gmt":"2024-05-03T09:42:32","slug":"esconde-puntas-automatico-bianditz","status":"publish","type":"product","link":"https:\/\/bianditz.es\/en\/producto\/esconde-puntas-automatico-bianditz\/","title":{"rendered":"Esconde puntas autom\u00e1tico Bianditz"},"content":{"rendered":"<p>El sistema autom\u00e1tico se diferencia del sistema de impacto tradicional mediante golpeo con martillo en que para conseguir el impacto, el modelo autom\u00e1tico utiliza un mecanismo de muelles interno que genera un impacto mediante presi\u00f3n manual de la herramienta.<\/p>\n<p>Por ejemplo, el granete que sirve para realizar un punto de marcaje en un azulejo antes de realizar el agujero con la broca, con el sistema autom\u00e1tico posicionamos el granete en el punto y agarr\u00e1ndolo con la mano, y ejerciendo la presi\u00f3n suficiente sobre el granete se libera el mecanismo y la punta golpea la superficie de forma autom\u00e1tica.<\/p>\n<p>Su uso es muy c\u00f3modo porque no hace falta utilizar ninguna herramienta de percusi\u00f3n adicional.<\/p>\n<p>Su utilizaci\u00f3n es muy diversa, a modo de ejemplo esta herramienta la utilizan mucho los cuerpos de seguridad como bomberos y polic\u00edas para poder fracturar los cristales de las ventanas tanto de coches o viviendas para poder acceder a ellas.<\/p>\n<p>&nbsp;<\/p>\n<ul>\n<li><strong>C\u00f3digo referencia:\u00a0<\/strong>208023<\/li>\n<li><strong>Tipo:\u00a0<\/strong>Herramienta de impacto<\/li>\n<li><strong>Dureza:\u00a0<\/strong>Dureza 56-58 HRC.<\/li>\n<li><strong>Medidas:\u00a0<\/strong>2 x 130mm<\/li>\n<\/ul>\n<p style=\"text-align: right;\"><a href=\"http:\/\/bianditz.es\/wp-content\/uploads\/2016\/05\/IMPACTO.pdf\" rel=\"\">Cat\u00e1logo IMPACTO<\/a><\/p>\n","protected":false},"excerpt":{"rendered":"<p>El sistema autom\u00e1tico se diferencia del sistema de impacto tradicional mediante golpeo con martillo en que para conseguir el impacto, el modelo autom\u00e1tico utiliza un mecanismo de muelles interno que genera un impacto mediante presi\u00f3n manual de la herramienta.<\/p>\n<p>Por ejemplo, el granete que sirve para realizar un punto de marcaje en un azulejo antes de realizar el agujero con la broca, con el sistema autom\u00e1tico posicionamos el granete en el punto y agarr\u00e1ndolo con la mano, y ejerciendo la presi\u00f3n suficiente sobre el granete se libera el mecanismo y la punta golpea la superficie de forma autom\u00e1tica.<\/p>\n<p>Su uso es muy c\u00f3modo porque no hace falta utilizar ninguna herramienta de percusi\u00f3n adicional.<\/p>\n<p>Su utilizaci\u00f3n es muy diversa, a modo de ejemplo esta herramienta la utilizan mucho los cuerpos de seguridad como bomberos y polic\u00edas para poder fracturar los cristales de las ventanas tanto de coches o viviendas para poder acceder a ellas.<\/p>\n<p>&nbsp;<\/p>\n<ul>\n<li>C\u00f3digo referencia:\u00a0208023<\/li>\n<li>Tipo:\u00a0Herramienta de impacto<\/li>\n<li>Dureza:\u00a0Dureza 56-58 HRC.<\/li>\n<li>Medidas:\u00a02 x 130mm<\/li>\n<\/ul>\n<p style=\"text-align: right;\"><a href=\"http:\/\/bianditz.es\/wp-content\/uploads\/2016\/05\/IMPACTO.pdf\" rel=\"\">Cat\u00e1logo IMPACTO<\/a><\/p>\n","protected":false},"featured_media":8610,"comment_status":"closed","ping_status":"closed","template":"","meta":[],"product_cat":[1208],"product_tag":[431,432,436,435],"class_list":{"0":"post-10593","1":"product","2":"type-product","3":"status-publish","4":"has-post-thumbnail","6":"product_cat-herramienta-de-impacto","7":"product_tag-automatico","8":"product_tag-bomberos","9":"product_tag-impacto","10":"product_tag-rompecristales","12":"first","13":"instock","14":"shipping-taxable","15":"product-type-simple"},"yoast_head":"<!-- This site is optimized with the Yoast SEO plugin v22.0 - https:\/\/yoast.com\/wordpress\/plugins\/seo\/ -->\n<title>Esconde puntas autom\u00e1tico Bianditz - Bianditz Group<\/title>\n<meta name=\"robots\" content=\"index, follow, max-snippet:-1, max-image-preview:large, max-video-preview:-1\" \/>\n<link rel=\"canonical\" href=\"https:\/\/bianditz.es\/producto\/esconde-puntas-automatico-bianditz\/\" \/>\n<meta property=\"og:locale\" content=\"en_US\" \/>\n<meta property=\"og:type\" content=\"article\" \/>\n<meta property=\"og:title\" content=\"Esconde puntas autom\u00e1tico Bianditz - Bianditz Group\" \/>\n<meta property=\"og:description\" content=\"El sistema autom\u00e1tico se diferencia del sistema de impacto tradicional mediante golpeo con martillo en que para conseguir el impacto, el modelo autom\u00e1tico utiliza un mecanismo de muelles interno que genera un impacto mediante presi\u00f3n manual de la herramienta. Por ejemplo, el granete que sirve para realizar un punto de marcaje en un azulejo antes de realizar el agujero con la broca, con el sistema autom\u00e1tico posicionamos el granete en el punto y agarr\u00e1ndolo con la mano, y ejerciendo la presi\u00f3n suficiente sobre el granete se libera el mecanismo y la punta golpea la superficie de forma autom\u00e1tica. Su uso es muy c\u00f3modo porque no hace falta utilizar ninguna herramienta de percusi\u00f3n adicional. Su utilizaci\u00f3n es muy diversa, a modo de ejemplo esta herramienta la utilizan mucho los cuerpos de seguridad como bomberos y polic\u00edas para poder fracturar los cristales de las ventanas tanto de coches o viviendas para poder acceder a ellas. &nbsp; C\u00f3digo referencia:\u00a0208023 Tipo:\u00a0Herramienta de impacto Dureza:\u00a0Dureza 56-58 HRC. Medidas:\u00a02 x 130mm Cat\u00e1logo IMPACTO\" \/>\n<meta property=\"og:url\" content=\"https:\/\/bianditz.es\/producto\/esconde-puntas-automatico-bianditz\/\" \/>\n<meta property=\"og:site_name\" content=\"Bianditz Group\" \/>\n<meta property=\"article:modified_time\" content=\"2024-05-03T09:42:32+00:00\" \/>\n<meta property=\"og:image\" content=\"https:\/\/bianditz.es\/wp-content\/uploads\/2023\/12\/granet-automatik.jpg\" \/>\n\t<meta property=\"og:image:width\" content=\"1000\" \/>\n\t<meta property=\"og:image:height\" content=\"1000\" \/>\n\t<meta property=\"og:image:type\" content=\"image\/jpeg\" \/>\n<meta name=\"twitter:card\" content=\"summary_large_image\" \/>\n<meta name=\"twitter:label1\" content=\"Est. reading time\" \/>\n\t<meta name=\"twitter:data1\" content=\"1 minute\" \/>\n<script type=\"application\/ld+json\" class=\"yoast-schema-graph\">{\"@context\":\"https:\/\/schema.org\",\"@graph\":[{\"@type\":\"WebPage\",\"@id\":\"https:\/\/bianditz.es\/producto\/esconde-puntas-automatico-bianditz\/\",\"url\":\"https:\/\/bianditz.es\/producto\/esconde-puntas-automatico-bianditz\/\",\"name\":\"Esconde puntas autom\u00e1tico Bianditz - Bianditz Group\",\"isPartOf\":{\"@id\":\"https:\/\/bianditz.es\/#website\"},\"datePublished\":\"2023-12-20T08:59:37+00:00\",\"dateModified\":\"2024-05-03T09:42:32+00:00\",\"breadcrumb\":{\"@id\":\"https:\/\/bianditz.es\/producto\/esconde-puntas-automatico-bianditz\/#breadcrumb\"},\"inLanguage\":\"en-US\",\"potentialAction\":[{\"@type\":\"ReadAction\",\"target\":[\"https:\/\/bianditz.es\/producto\/esconde-puntas-automatico-bianditz\/\"]}]},{\"@type\":\"BreadcrumbList\",\"@id\":\"https:\/\/bianditz.es\/producto\/esconde-puntas-automatico-bianditz\/#breadcrumb\",\"itemListElement\":[{\"@type\":\"ListItem\",\"position\":1,\"name\":\"Portada\",\"item\":\"https:\/\/bianditz.es\/en\/\"},{\"@type\":\"ListItem\",\"position\":2,\"name\":\"Online Catalogue\",\"item\":\"https:\/\/bianditz.es\/en\/online-catalogue\/\"},{\"@type\":\"ListItem\",\"position\":3,\"name\":\"Esconde puntas autom\u00e1tico Bianditz\"}]},{\"@type\":\"WebSite\",\"@id\":\"https:\/\/bianditz.es\/#website\",\"url\":\"https:\/\/bianditz.es\/\",\"name\":\"Bianditz Group\",\"description\":\"| Fabricante de herramientas de mano\",\"potentialAction\":[{\"@type\":\"SearchAction\",\"target\":{\"@type\":\"EntryPoint\",\"urlTemplate\":\"https:\/\/bianditz.es\/?s={search_term_string}\"},\"query-input\":\"required name=search_term_string\"}],\"inLanguage\":\"en-US\"}]}<\/script>\n<!-- \/ Yoast SEO plugin. -->","yoast_head_json":{"title":"Esconde puntas autom\u00e1tico Bianditz - Bianditz Group","robots":{"index":"index","follow":"follow","max-snippet":"max-snippet:-1","max-image-preview":"max-image-preview:large","max-video-preview":"max-video-preview:-1"},"canonical":"https:\/\/bianditz.es\/producto\/esconde-puntas-automatico-bianditz\/","og_locale":"en_US","og_type":"article","og_title":"Esconde puntas autom\u00e1tico Bianditz - Bianditz Group","og_description":"El sistema autom\u00e1tico se diferencia del sistema de impacto tradicional mediante golpeo con martillo en que para conseguir el impacto, el modelo autom\u00e1tico utiliza un mecanismo de muelles interno que genera un impacto mediante presi\u00f3n manual de la herramienta. Por ejemplo, el granete que sirve para realizar un punto de marcaje en un azulejo antes de realizar el agujero con la broca, con el sistema autom\u00e1tico posicionamos el granete en el punto y agarr\u00e1ndolo con la mano, y ejerciendo la presi\u00f3n suficiente sobre el granete se libera el mecanismo y la punta golpea la superficie de forma autom\u00e1tica. Su uso es muy c\u00f3modo porque no hace falta utilizar ninguna herramienta de percusi\u00f3n adicional. Su utilizaci\u00f3n es muy diversa, a modo de ejemplo esta herramienta la utilizan mucho los cuerpos de seguridad como bomberos y polic\u00edas para poder fracturar los cristales de las ventanas tanto de coches o viviendas para poder acceder a ellas. &nbsp; C\u00f3digo referencia:\u00a0208023 Tipo:\u00a0Herramienta de impacto Dureza:\u00a0Dureza 56-58 HRC. Medidas:\u00a02 x 130mm Cat\u00e1logo IMPACTO","og_url":"https:\/\/bianditz.es\/producto\/esconde-puntas-automatico-bianditz\/","og_site_name":"Bianditz Group","article_modified_time":"2024-05-03T09:42:32+00:00","og_image":[{"width":1000,"height":1000,"url":"https:\/\/bianditz.es\/wp-content\/uploads\/2023\/12\/granet-automatik.jpg","type":"image\/jpeg"}],"twitter_card":"summary_large_image","twitter_misc":{"Est. reading time":"1 minute"},"schema":{"@context":"https:\/\/schema.org","@graph":[{"@type":"WebPage","@id":"https:\/\/bianditz.es\/producto\/esconde-puntas-automatico-bianditz\/","url":"https:\/\/bianditz.es\/producto\/esconde-puntas-automatico-bianditz\/","name":"Esconde puntas autom\u00e1tico Bianditz - Bianditz Group","isPartOf":{"@id":"https:\/\/bianditz.es\/#website"},"datePublished":"2023-12-20T08:59:37+00:00","dateModified":"2024-05-03T09:42:32+00:00","breadcrumb":{"@id":"https:\/\/bianditz.es\/producto\/esconde-puntas-automatico-bianditz\/#breadcrumb"},"inLanguage":"en-US","potentialAction":[{"@type":"ReadAction","target":["https:\/\/bianditz.es\/producto\/esconde-puntas-automatico-bianditz\/"]}]},{"@type":"BreadcrumbList","@id":"https:\/\/bianditz.es\/producto\/esconde-puntas-automatico-bianditz\/#breadcrumb","itemListElement":[{"@type":"ListItem","position":1,"name":"Portada","item":"https:\/\/bianditz.es\/en\/"},{"@type":"ListItem","position":2,"name":"Online Catalogue","item":"https:\/\/bianditz.es\/en\/online-catalogue\/"},{"@type":"ListItem","position":3,"name":"Esconde puntas autom\u00e1tico Bianditz"}]},{"@type":"WebSite","@id":"https:\/\/bianditz.es\/#website","url":"https:\/\/bianditz.es\/","name":"Bianditz Group","description":"| Fabricante de herramientas de mano","potentialAction":[{"@type":"SearchAction","target":{"@type":"EntryPoint","urlTemplate":"https:\/\/bianditz.es\/?s={search_term_string}"},"query-input":"required name=search_term_string"}],"inLanguage":"en-US"}]}},"_links":{"self":[{"href":"https:\/\/bianditz.es\/en\/wp-json\/wp\/v2\/product\/10593","targetHints":{"allow":["GET"]}}],"collection":[{"href":"https:\/\/bianditz.es\/en\/wp-json\/wp\/v2\/product"}],"about":[{"href":"https:\/\/bianditz.es\/en\/wp-json\/wp\/v2\/types\/product"}],"replies":[{"embeddable":true,"href":"https:\/\/bianditz.es\/en\/wp-json\/wp\/v2\/comments?post=10593"}],"version-history":[{"count":4,"href":"https:\/\/bianditz.es\/en\/wp-json\/wp\/v2\/product\/10593\/revisions"}],"predecessor-version":[{"id":13053,"href":"https:\/\/bianditz.es\/en\/wp-json\/wp\/v2\/product\/10593\/revisions\/13053"}],"wp:featuredmedia":[{"embeddable":true,"href":"https:\/\/bianditz.es\/en\/wp-json\/wp\/v2\/media\/8610"}],"wp:attachment":[{"href":"https:\/\/bianditz.es\/en\/wp-json\/wp\/v2\/media?parent=10593"}],"wp:term":[{"taxonomy":"product_cat","embeddable":true,"href":"https:\/\/bianditz.es\/en\/wp-json\/wp\/v2\/product_cat?post=10593"},{"taxonomy":"product_tag","embeddable":true,"href":"https:\/\/bianditz.es\/en\/wp-json\/wp\/v2\/product_tag?post=10593"}],"curies":[{"name":"wp","href":"https:\/\/api.w.org\/{rel}","templated":true}]}}