{"id":10598,"date":"2023-12-20T08:59:37","date_gmt":"2023-12-20T08:59:37","guid":{"rendered":"https:\/\/bianditz.es\/?post_type=product&#038;p=10598"},"modified":"2024-04-26T07:36:36","modified_gmt":"2024-04-26T07:36:36","slug":"munequera-seguridad-anticaida-herramienta-1kg","status":"publish","type":"product","link":"https:\/\/bianditz.es\/en\/producto\/munequera-seguridad-anticaida-herramienta-1kg\/","title":{"rendered":"Mu\u00f1equera seguridad antica\u00edda herramienta 1Kg"},"content":{"rendered":"<p>La ca\u00edda de objetos representa un alto porcentaje de accidentes ocurridos en los lugares de trabajo.<\/p>\n<p>Las consecuencias de ser golpeado con un objeto en ca\u00edda libre, aunque no est\u00e9 a una altura muy elevada, pueden ocasionar resultados fatales.<\/p>\n<p>Tomando las medidas de seguridad preventivas adecuadas estos accidentes se pueden evitar.<\/p>\n<p>Las correas de seguridad Bianditz para evitar la ca\u00edda de herramientas, ofrecen un efectivo m\u00e9todo para eliminar da\u00f1os o interrupciones de trabajo. En un entorno donde pueda darse el riesgo de causa de da\u00f1os a personas o equipos productivos, las correas de seguridad son las herramientas que hay que usar.<\/p>\n<p>Los entornos m\u00e1s habituales donde se dan estas circunstancias son trabajos en altura, mantenimiento, e\u00f3licos, aeron\u00e1utica, telecomunicaciones o plataformas petrol\u00edferas por citar unos pocos.<\/p>\n<p>El coste real que supone la ca\u00edda de una herramienta va m\u00e1s all\u00e1 del simple valor de la herramienta: tiempo, dinero y sobre todo la vida.<\/p>\n<p>&nbsp;<\/p>\n<ul>\n<li><strong>C\u00f3digo referencia:\u00a0<\/strong>244005<\/li>\n<li><strong>Peso:<\/strong> hasta 1 kg<\/li>\n<\/ul>\n<p><a href=\"http:\/\/bianditz.es\/wp-content\/uploads\/2016\/05\/ACCESORIOS.pdf\" rel=\"\">Cat\u00e1logo ACCESORIOS.pdf<\/a><\/p>\n","protected":false},"excerpt":{"rendered":"<p>La ca\u00edda de objetos representa un alto porcentaje de accidentes ocurridos en los lugares de trabajo.<\/p>\n<p>Las consecuencias de ser golpeado con un objeto en ca\u00edda libre, aunque no est\u00e9 a una altura muy elevada, pueden ocasionar resultados fatales.<\/p>\n<p>Tomando las medidas de seguridad preventivas adecuadas estos accidentes se pueden evitar.<\/p>\n<p>Las correas de seguridad Bianditz para evitar la ca\u00edda de herramientas, ofrecen un efectivo m\u00e9todo para eliminar da\u00f1os o interrupciones de trabajo. En un entorno donde pueda darse el riesgo de causa de da\u00f1os a personas o equipos productivos, las correas de seguridad son las herramientas que hay que usar.<\/p>\n<p>Los entornos m\u00e1s habituales donde se dan estas circunstancias son trabajos en altura, mantenimiento, e\u00f3licos, aeron\u00e1utica, telecomunicaciones o plataformas petrol\u00edferas por citar unos pocos.<\/p>\n<p>El coste real que supone la ca\u00edda de una herramienta va m\u00e1s all\u00e1 del simple valor de la herramienta: tiempo, dinero y sobre todo la vida.<\/p>\n<p>&nbsp;<\/p>\n<ul>\n<li>C\u00f3digo referencia:\u00a0244005<\/li>\n<li>Peso: hasta 1 kg<\/li>\n<\/ul>\n<p><a href=\"http:\/\/bianditz.es\/wp-content\/uploads\/2016\/05\/ACCESORIOS.pdf\" rel=\"\">Cat\u00e1logo ACCESORIOS.pdf<\/a><\/p>\n","protected":false},"featured_media":8617,"comment_status":"open","ping_status":"closed","template":"","meta":[],"product_cat":[1207],"product_tag":[438,439,440,441,442,443,444],"class_list":{"0":"post-10598","1":"product","2":"type-product","3":"status-publish","4":"has-post-thumbnail","6":"product_cat-accesorios-profesionales","7":"product_tag-accidente-laboral","8":"product_tag-anti-caida","9":"product_tag-caida-herramientas","10":"product_tag-correas-seguridad","11":"product_tag-evitar-accidentes","12":"product_tag-prevencion","13":"product_tag-trabajo-en-altura","15":"first","16":"instock","17":"shipping-taxable","18":"product-type-simple"},"yoast_head":"<!-- This site is optimized with the Yoast SEO plugin v22.0 - https:\/\/yoast.com\/wordpress\/plugins\/seo\/ -->\n<title>Mu\u00f1equera seguridad antica\u00edda herramienta 1Kg - Bianditz Group<\/title>\n<meta name=\"robots\" content=\"index, follow, max-snippet:-1, max-image-preview:large, max-video-preview:-1\" \/>\n<link rel=\"canonical\" href=\"https:\/\/bianditz.es\/producto\/munequera-seguridad-anticaida-herramienta-1kg\/\" \/>\n<meta property=\"og:locale\" content=\"en_US\" \/>\n<meta property=\"og:type\" content=\"article\" \/>\n<meta property=\"og:title\" content=\"Mu\u00f1equera seguridad antica\u00edda herramienta 1Kg - Bianditz Group\" \/>\n<meta property=\"og:description\" content=\"La ca\u00edda de objetos representa un alto porcentaje de accidentes ocurridos en los lugares de trabajo. Las consecuencias de ser golpeado con un objeto en ca\u00edda libre, aunque no est\u00e9 a una altura muy elevada, pueden ocasionar resultados fatales. Tomando las medidas de seguridad preventivas adecuadas estos accidentes se pueden evitar. Las correas de seguridad Bianditz para evitar la ca\u00edda de herramientas, ofrecen un efectivo m\u00e9todo para eliminar da\u00f1os o interrupciones de trabajo. En un entorno donde pueda darse el riesgo de causa de da\u00f1os a personas o equipos productivos, las correas de seguridad son las herramientas que hay que usar. Los entornos m\u00e1s habituales donde se dan estas circunstancias son trabajos en altura, mantenimiento, e\u00f3licos, aeron\u00e1utica, telecomunicaciones o plataformas petrol\u00edferas por citar unos pocos. El coste real que supone la ca\u00edda de una herramienta va m\u00e1s all\u00e1 del simple valor de la herramienta: tiempo, dinero y sobre todo la vida. &nbsp; C\u00f3digo referencia:\u00a0244005 Peso: hasta 1 kg Cat\u00e1logo ACCESORIOS.pdf\" \/>\n<meta property=\"og:url\" content=\"https:\/\/bianditz.es\/producto\/munequera-seguridad-anticaida-herramienta-1kg\/\" \/>\n<meta property=\"og:site_name\" content=\"Bianditz Group\" \/>\n<meta property=\"article:modified_time\" content=\"2024-04-26T07:36:36+00:00\" \/>\n<meta property=\"og:image\" content=\"https:\/\/bianditz.es\/wp-content\/uploads\/2023\/12\/munequera-anticaida.jpg\" \/>\n\t<meta property=\"og:image:width\" content=\"1000\" \/>\n\t<meta property=\"og:image:height\" content=\"1000\" \/>\n\t<meta property=\"og:image:type\" content=\"image\/jpeg\" \/>\n<meta name=\"twitter:card\" content=\"summary_large_image\" \/>\n<meta name=\"twitter:label1\" content=\"Est. reading time\" \/>\n\t<meta name=\"twitter:data1\" content=\"1 minute\" \/>\n<script type=\"application\/ld+json\" class=\"yoast-schema-graph\">{\"@context\":\"https:\/\/schema.org\",\"@graph\":[{\"@type\":\"WebPage\",\"@id\":\"https:\/\/bianditz.es\/producto\/munequera-seguridad-anticaida-herramienta-1kg\/\",\"url\":\"https:\/\/bianditz.es\/producto\/munequera-seguridad-anticaida-herramienta-1kg\/\",\"name\":\"Mu\u00f1equera seguridad antica\u00edda herramienta 1Kg - Bianditz Group\",\"isPartOf\":{\"@id\":\"https:\/\/bianditz.es\/#website\"},\"datePublished\":\"2023-12-20T08:59:37+00:00\",\"dateModified\":\"2024-04-26T07:36:36+00:00\",\"breadcrumb\":{\"@id\":\"https:\/\/bianditz.es\/producto\/munequera-seguridad-anticaida-herramienta-1kg\/#breadcrumb\"},\"inLanguage\":\"en-US\",\"potentialAction\":[{\"@type\":\"ReadAction\",\"target\":[\"https:\/\/bianditz.es\/producto\/munequera-seguridad-anticaida-herramienta-1kg\/\"]}]},{\"@type\":\"BreadcrumbList\",\"@id\":\"https:\/\/bianditz.es\/producto\/munequera-seguridad-anticaida-herramienta-1kg\/#breadcrumb\",\"itemListElement\":[{\"@type\":\"ListItem\",\"position\":1,\"name\":\"Portada\",\"item\":\"https:\/\/bianditz.es\/en\/\"},{\"@type\":\"ListItem\",\"position\":2,\"name\":\"Online Catalogue\",\"item\":\"https:\/\/bianditz.es\/en\/online-catalogue\/\"},{\"@type\":\"ListItem\",\"position\":3,\"name\":\"Mu\u00f1equera seguridad antica\u00edda herramienta 1Kg\"}]},{\"@type\":\"WebSite\",\"@id\":\"https:\/\/bianditz.es\/#website\",\"url\":\"https:\/\/bianditz.es\/\",\"name\":\"Bianditz Group\",\"description\":\"| Fabricante de herramientas de mano\",\"potentialAction\":[{\"@type\":\"SearchAction\",\"target\":{\"@type\":\"EntryPoint\",\"urlTemplate\":\"https:\/\/bianditz.es\/?s={search_term_string}\"},\"query-input\":\"required name=search_term_string\"}],\"inLanguage\":\"en-US\"}]}<\/script>\n<!-- \/ Yoast SEO plugin. -->","yoast_head_json":{"title":"Mu\u00f1equera seguridad antica\u00edda herramienta 1Kg - Bianditz Group","robots":{"index":"index","follow":"follow","max-snippet":"max-snippet:-1","max-image-preview":"max-image-preview:large","max-video-preview":"max-video-preview:-1"},"canonical":"https:\/\/bianditz.es\/producto\/munequera-seguridad-anticaida-herramienta-1kg\/","og_locale":"en_US","og_type":"article","og_title":"Mu\u00f1equera seguridad antica\u00edda herramienta 1Kg - Bianditz Group","og_description":"La ca\u00edda de objetos representa un alto porcentaje de accidentes ocurridos en los lugares de trabajo. Las consecuencias de ser golpeado con un objeto en ca\u00edda libre, aunque no est\u00e9 a una altura muy elevada, pueden ocasionar resultados fatales. Tomando las medidas de seguridad preventivas adecuadas estos accidentes se pueden evitar. Las correas de seguridad Bianditz para evitar la ca\u00edda de herramientas, ofrecen un efectivo m\u00e9todo para eliminar da\u00f1os o interrupciones de trabajo. En un entorno donde pueda darse el riesgo de causa de da\u00f1os a personas o equipos productivos, las correas de seguridad son las herramientas que hay que usar. Los entornos m\u00e1s habituales donde se dan estas circunstancias son trabajos en altura, mantenimiento, e\u00f3licos, aeron\u00e1utica, telecomunicaciones o plataformas petrol\u00edferas por citar unos pocos. El coste real que supone la ca\u00edda de una herramienta va m\u00e1s all\u00e1 del simple valor de la herramienta: tiempo, dinero y sobre todo la vida. &nbsp; C\u00f3digo referencia:\u00a0244005 Peso: hasta 1 kg Cat\u00e1logo ACCESORIOS.pdf","og_url":"https:\/\/bianditz.es\/producto\/munequera-seguridad-anticaida-herramienta-1kg\/","og_site_name":"Bianditz Group","article_modified_time":"2024-04-26T07:36:36+00:00","og_image":[{"width":1000,"height":1000,"url":"https:\/\/bianditz.es\/wp-content\/uploads\/2023\/12\/munequera-anticaida.jpg","type":"image\/jpeg"}],"twitter_card":"summary_large_image","twitter_misc":{"Est. reading time":"1 minute"},"schema":{"@context":"https:\/\/schema.org","@graph":[{"@type":"WebPage","@id":"https:\/\/bianditz.es\/producto\/munequera-seguridad-anticaida-herramienta-1kg\/","url":"https:\/\/bianditz.es\/producto\/munequera-seguridad-anticaida-herramienta-1kg\/","name":"Mu\u00f1equera seguridad antica\u00edda herramienta 1Kg - Bianditz Group","isPartOf":{"@id":"https:\/\/bianditz.es\/#website"},"datePublished":"2023-12-20T08:59:37+00:00","dateModified":"2024-04-26T07:36:36+00:00","breadcrumb":{"@id":"https:\/\/bianditz.es\/producto\/munequera-seguridad-anticaida-herramienta-1kg\/#breadcrumb"},"inLanguage":"en-US","potentialAction":[{"@type":"ReadAction","target":["https:\/\/bianditz.es\/producto\/munequera-seguridad-anticaida-herramienta-1kg\/"]}]},{"@type":"BreadcrumbList","@id":"https:\/\/bianditz.es\/producto\/munequera-seguridad-anticaida-herramienta-1kg\/#breadcrumb","itemListElement":[{"@type":"ListItem","position":1,"name":"Portada","item":"https:\/\/bianditz.es\/en\/"},{"@type":"ListItem","position":2,"name":"Online Catalogue","item":"https:\/\/bianditz.es\/en\/online-catalogue\/"},{"@type":"ListItem","position":3,"name":"Mu\u00f1equera seguridad antica\u00edda herramienta 1Kg"}]},{"@type":"WebSite","@id":"https:\/\/bianditz.es\/#website","url":"https:\/\/bianditz.es\/","name":"Bianditz Group","description":"| Fabricante de herramientas de mano","potentialAction":[{"@type":"SearchAction","target":{"@type":"EntryPoint","urlTemplate":"https:\/\/bianditz.es\/?s={search_term_string}"},"query-input":"required name=search_term_string"}],"inLanguage":"en-US"}]}},"_links":{"self":[{"href":"https:\/\/bianditz.es\/en\/wp-json\/wp\/v2\/product\/10598","targetHints":{"allow":["GET"]}}],"collection":[{"href":"https:\/\/bianditz.es\/en\/wp-json\/wp\/v2\/product"}],"about":[{"href":"https:\/\/bianditz.es\/en\/wp-json\/wp\/v2\/types\/product"}],"replies":[{"embeddable":true,"href":"https:\/\/bianditz.es\/en\/wp-json\/wp\/v2\/comments?post=10598"}],"version-history":[{"count":3,"href":"https:\/\/bianditz.es\/en\/wp-json\/wp\/v2\/product\/10598\/revisions"}],"predecessor-version":[{"id":12955,"href":"https:\/\/bianditz.es\/en\/wp-json\/wp\/v2\/product\/10598\/revisions\/12955"}],"wp:featuredmedia":[{"embeddable":true,"href":"https:\/\/bianditz.es\/en\/wp-json\/wp\/v2\/media\/8617"}],"wp:attachment":[{"href":"https:\/\/bianditz.es\/en\/wp-json\/wp\/v2\/media?parent=10598"}],"wp:term":[{"taxonomy":"product_cat","embeddable":true,"href":"https:\/\/bianditz.es\/en\/wp-json\/wp\/v2\/product_cat?post=10598"},{"taxonomy":"product_tag","embeddable":true,"href":"https:\/\/bianditz.es\/en\/wp-json\/wp\/v2\/product_tag?post=10598"}],"curies":[{"name":"wp","href":"https:\/\/api.w.org\/{rel}","templated":true}]}}