{"id":10603,"date":"2023-12-20T08:59:37","date_gmt":"2023-12-20T08:59:37","guid":{"rendered":"https:\/\/bianditz.es\/?post_type=product&#038;p=10603"},"modified":"2024-04-29T06:28:52","modified_gmt":"2024-04-29T06:28:52","slug":"angular-portapuntas-90o-mini-bianditz","status":"publish","type":"product","link":"https:\/\/bianditz.es\/en\/producto\/angular-portapuntas-90o-mini-bianditz\/","title":{"rendered":"Angular portapuntas 90\u00ba MINI Bianditz"},"content":{"rendered":"<p>El angular portapuntas mini de 90\u00ba Bianditz, te permite acceder a lugares de dificil acceso gracias a su reducidas dimensiones. Esta herramienta es ideal para realizar trabajos en \u00e1ngulo recto con total comodidad.<\/p>\n<p>A pesar de su tama\u00f1o compacto, es extremadamente robusto y consigue un par de apriete m\u00e1ximo de 45Nm. El angular es ideal para su uso con puntas de destornillador Bianditz de 1\/4&#8243; y con brocas de arrastre de 1\/4&#8243;.<\/p>\n<p>No es apto para usarlo con herramienta de impacto.<\/p>\n<ul>\n<li><strong>C\u00f3digo referencia: <\/strong>239945<\/li>\n<\/ul>\n<p style=\"text-align: right;\"><a href=\"http:\/\/bianditz.es\/wp-content\/uploads\/2016\/05\/ACCESORIOS.pdf\">Cat\u00e1logo ACCESORIOS<\/a><\/p>\n","protected":false},"excerpt":{"rendered":"<p>El angular portapuntas mini de 90\u00ba Bianditz, te permite acceder a lugares de dificil acceso gracias a su reducidas dimensiones. Esta herramienta es ideal para realizar trabajos en \u00e1ngulo recto con total comodidad.<\/p>\n<p>A pesar de su tama\u00f1o compacto, es extremadamente robusto y consigue un par de apriete m\u00e1ximo de 45Nm. El angular es ideal para su uso con puntas de destornillador Bianditz de 1\/4&#8243; y con brocas de arrastre de 1\/4&#8243;.<\/p>\n<p>No es apto para usarlo con herramienta de impacto.<\/p>\n<ul>\n<li>C\u00f3digo referencia: 239945<\/li>\n<\/ul>\n<p style=\"text-align: right;\"><a href=\"http:\/\/bianditz.es\/wp-content\/uploads\/2016\/05\/ACCESORIOS.pdf\">Cat\u00e1logo ACCESORIOS<\/a><\/p>\n","protected":false},"featured_media":8628,"comment_status":"closed","ping_status":"closed","template":"","meta":[],"product_cat":[1207],"product_tag":[381,454,382,213],"class_list":{"0":"post-10603","1":"product","2":"type-product","3":"status-publish","4":"has-post-thumbnail","6":"product_cat-accesorios-profesionales","7":"product_tag-90-grados","8":"product_tag-acodado","9":"product_tag-angular","10":"product_tag-portapuntas","12":"first","13":"instock","14":"shipping-taxable","15":"product-type-simple"},"yoast_head":"<!-- This site is optimized with the Yoast SEO plugin v22.0 - https:\/\/yoast.com\/wordpress\/plugins\/seo\/ -->\n<title>Angular portapuntas 90\u00ba MINI Bianditz - Bianditz Group<\/title>\n<meta name=\"robots\" content=\"index, follow, max-snippet:-1, max-image-preview:large, max-video-preview:-1\" \/>\n<link rel=\"canonical\" href=\"https:\/\/bianditz.es\/producto\/angular-portapuntas-90o-mini-bianditz\/\" \/>\n<meta property=\"og:locale\" content=\"en_US\" \/>\n<meta property=\"og:type\" content=\"article\" \/>\n<meta property=\"og:title\" content=\"Angular portapuntas 90\u00ba MINI Bianditz - Bianditz Group\" \/>\n<meta property=\"og:description\" content=\"El angular portapuntas mini de 90\u00ba Bianditz, te permite acceder a lugares de dificil acceso gracias a su reducidas dimensiones. Esta herramienta es ideal para realizar trabajos en \u00e1ngulo recto con total comodidad. A pesar de su tama\u00f1o compacto, es extremadamente robusto y consigue un par de apriete m\u00e1ximo de 45Nm. El angular es ideal para su uso con puntas de destornillador Bianditz de 1\/4&#8243; y con brocas de arrastre de 1\/4&#8243;. No es apto para usarlo con herramienta de impacto. C\u00f3digo referencia: 239945 Cat\u00e1logo ACCESORIOS\" \/>\n<meta property=\"og:url\" content=\"https:\/\/bianditz.es\/producto\/angular-portapuntas-90o-mini-bianditz\/\" \/>\n<meta property=\"og:site_name\" content=\"Bianditz Group\" \/>\n<meta property=\"article:modified_time\" content=\"2024-04-29T06:28:52+00:00\" \/>\n<meta property=\"og:image\" content=\"https:\/\/bianditz.es\/wp-content\/uploads\/2023\/12\/angular_mini.jpg\" \/>\n\t<meta property=\"og:image:width\" content=\"1000\" \/>\n\t<meta property=\"og:image:height\" content=\"1000\" \/>\n\t<meta property=\"og:image:type\" content=\"image\/jpeg\" \/>\n<meta name=\"twitter:card\" content=\"summary_large_image\" \/>\n<meta name=\"twitter:label1\" content=\"Est. reading time\" \/>\n\t<meta name=\"twitter:data1\" content=\"1 minute\" \/>\n<script type=\"application\/ld+json\" class=\"yoast-schema-graph\">{\"@context\":\"https:\/\/schema.org\",\"@graph\":[{\"@type\":\"WebPage\",\"@id\":\"https:\/\/bianditz.es\/producto\/angular-portapuntas-90o-mini-bianditz\/\",\"url\":\"https:\/\/bianditz.es\/producto\/angular-portapuntas-90o-mini-bianditz\/\",\"name\":\"Angular portapuntas 90\u00ba MINI Bianditz - Bianditz Group\",\"isPartOf\":{\"@id\":\"https:\/\/bianditz.es\/#website\"},\"datePublished\":\"2023-12-20T08:59:37+00:00\",\"dateModified\":\"2024-04-29T06:28:52+00:00\",\"breadcrumb\":{\"@id\":\"https:\/\/bianditz.es\/producto\/angular-portapuntas-90o-mini-bianditz\/#breadcrumb\"},\"inLanguage\":\"en-US\",\"potentialAction\":[{\"@type\":\"ReadAction\",\"target\":[\"https:\/\/bianditz.es\/producto\/angular-portapuntas-90o-mini-bianditz\/\"]}]},{\"@type\":\"BreadcrumbList\",\"@id\":\"https:\/\/bianditz.es\/producto\/angular-portapuntas-90o-mini-bianditz\/#breadcrumb\",\"itemListElement\":[{\"@type\":\"ListItem\",\"position\":1,\"name\":\"Portada\",\"item\":\"https:\/\/bianditz.es\/en\/\"},{\"@type\":\"ListItem\",\"position\":2,\"name\":\"Online Catalogue\",\"item\":\"https:\/\/bianditz.es\/en\/online-catalogue\/\"},{\"@type\":\"ListItem\",\"position\":3,\"name\":\"Angular portapuntas 90\u00ba MINI Bianditz\"}]},{\"@type\":\"WebSite\",\"@id\":\"https:\/\/bianditz.es\/#website\",\"url\":\"https:\/\/bianditz.es\/\",\"name\":\"Bianditz Group\",\"description\":\"| Fabricante de herramientas de mano\",\"potentialAction\":[{\"@type\":\"SearchAction\",\"target\":{\"@type\":\"EntryPoint\",\"urlTemplate\":\"https:\/\/bianditz.es\/?s={search_term_string}\"},\"query-input\":\"required name=search_term_string\"}],\"inLanguage\":\"en-US\"}]}<\/script>\n<!-- \/ Yoast SEO plugin. -->","yoast_head_json":{"title":"Angular portapuntas 90\u00ba MINI Bianditz - Bianditz Group","robots":{"index":"index","follow":"follow","max-snippet":"max-snippet:-1","max-image-preview":"max-image-preview:large","max-video-preview":"max-video-preview:-1"},"canonical":"https:\/\/bianditz.es\/producto\/angular-portapuntas-90o-mini-bianditz\/","og_locale":"en_US","og_type":"article","og_title":"Angular portapuntas 90\u00ba MINI Bianditz - Bianditz Group","og_description":"El angular portapuntas mini de 90\u00ba Bianditz, te permite acceder a lugares de dificil acceso gracias a su reducidas dimensiones. Esta herramienta es ideal para realizar trabajos en \u00e1ngulo recto con total comodidad. A pesar de su tama\u00f1o compacto, es extremadamente robusto y consigue un par de apriete m\u00e1ximo de 45Nm. El angular es ideal para su uso con puntas de destornillador Bianditz de 1\/4&#8243; y con brocas de arrastre de 1\/4&#8243;. No es apto para usarlo con herramienta de impacto. C\u00f3digo referencia: 239945 Cat\u00e1logo ACCESORIOS","og_url":"https:\/\/bianditz.es\/producto\/angular-portapuntas-90o-mini-bianditz\/","og_site_name":"Bianditz Group","article_modified_time":"2024-04-29T06:28:52+00:00","og_image":[{"width":1000,"height":1000,"url":"https:\/\/bianditz.es\/wp-content\/uploads\/2023\/12\/angular_mini.jpg","type":"image\/jpeg"}],"twitter_card":"summary_large_image","twitter_misc":{"Est. reading time":"1 minute"},"schema":{"@context":"https:\/\/schema.org","@graph":[{"@type":"WebPage","@id":"https:\/\/bianditz.es\/producto\/angular-portapuntas-90o-mini-bianditz\/","url":"https:\/\/bianditz.es\/producto\/angular-portapuntas-90o-mini-bianditz\/","name":"Angular portapuntas 90\u00ba MINI Bianditz - Bianditz Group","isPartOf":{"@id":"https:\/\/bianditz.es\/#website"},"datePublished":"2023-12-20T08:59:37+00:00","dateModified":"2024-04-29T06:28:52+00:00","breadcrumb":{"@id":"https:\/\/bianditz.es\/producto\/angular-portapuntas-90o-mini-bianditz\/#breadcrumb"},"inLanguage":"en-US","potentialAction":[{"@type":"ReadAction","target":["https:\/\/bianditz.es\/producto\/angular-portapuntas-90o-mini-bianditz\/"]}]},{"@type":"BreadcrumbList","@id":"https:\/\/bianditz.es\/producto\/angular-portapuntas-90o-mini-bianditz\/#breadcrumb","itemListElement":[{"@type":"ListItem","position":1,"name":"Portada","item":"https:\/\/bianditz.es\/en\/"},{"@type":"ListItem","position":2,"name":"Online Catalogue","item":"https:\/\/bianditz.es\/en\/online-catalogue\/"},{"@type":"ListItem","position":3,"name":"Angular portapuntas 90\u00ba MINI Bianditz"}]},{"@type":"WebSite","@id":"https:\/\/bianditz.es\/#website","url":"https:\/\/bianditz.es\/","name":"Bianditz Group","description":"| Fabricante de herramientas de mano","potentialAction":[{"@type":"SearchAction","target":{"@type":"EntryPoint","urlTemplate":"https:\/\/bianditz.es\/?s={search_term_string}"},"query-input":"required name=search_term_string"}],"inLanguage":"en-US"}]}},"_links":{"self":[{"href":"https:\/\/bianditz.es\/en\/wp-json\/wp\/v2\/product\/10603","targetHints":{"allow":["GET"]}}],"collection":[{"href":"https:\/\/bianditz.es\/en\/wp-json\/wp\/v2\/product"}],"about":[{"href":"https:\/\/bianditz.es\/en\/wp-json\/wp\/v2\/types\/product"}],"replies":[{"embeddable":true,"href":"https:\/\/bianditz.es\/en\/wp-json\/wp\/v2\/comments?post=10603"}],"version-history":[{"count":5,"href":"https:\/\/bianditz.es\/en\/wp-json\/wp\/v2\/product\/10603\/revisions"}],"predecessor-version":[{"id":12975,"href":"https:\/\/bianditz.es\/en\/wp-json\/wp\/v2\/product\/10603\/revisions\/12975"}],"wp:featuredmedia":[{"embeddable":true,"href":"https:\/\/bianditz.es\/en\/wp-json\/wp\/v2\/media\/8628"}],"wp:attachment":[{"href":"https:\/\/bianditz.es\/en\/wp-json\/wp\/v2\/media?parent=10603"}],"wp:term":[{"taxonomy":"product_cat","embeddable":true,"href":"https:\/\/bianditz.es\/en\/wp-json\/wp\/v2\/product_cat?post=10603"},{"taxonomy":"product_tag","embeddable":true,"href":"https:\/\/bianditz.es\/en\/wp-json\/wp\/v2\/product_tag?post=10603"}],"curies":[{"name":"wp","href":"https:\/\/api.w.org\/{rel}","templated":true}]}}