{"id":10604,"date":"2023-12-20T08:59:37","date_gmt":"2023-12-20T08:59:37","guid":{"rendered":"https:\/\/bianditz.es\/?post_type=product&#038;p=10604"},"modified":"2024-12-19T11:08:41","modified_gmt":"2024-12-19T11:08:41","slug":"destornilladores-dinamometricos-1-4-bianditz","status":"publish","type":"product","link":"https:\/\/bianditz.es\/en\/producto\/destornilladores-dinamometricos-1-4-bianditz\/","title":{"rendered":"Atornillador dinamom\u00e9trico 1\/4&#8243; Bianditz"},"content":{"rendered":"<p>Gracias al destornillador dinamom\u00e9trico podr\u00e1s ajustar un tornillo con el par de torsi\u00f3n deseado con una precisi\u00f3n m\u00e1xima. Al llegar al par establecido se siente y escucha un bloqueo.<\/p>\n<p>El destornillador dinamom\u00e9trico es ideal para usos como la automoci\u00f3n, aparatos el\u00e9ctricos, mantenimiento de bicicletas\u2026<\/p>\n<p>El destornillador viene con un estuche de pl\u00e1stico port\u00e1til y muy ligero y gracias a su adaptador de puntas de \u00bc podremos usar la mayor\u00eda de las puntas Bianditz, sin ning\u00fan tipo de problema.<\/p>\n<p>2 modelos dependiendo del par de apriete:<\/p>\n<p>&nbsp;<\/p>\n<p>Modelo 1<\/p>\n<ul>\n<li><strong>C\u00f3digo referencia:\u00a0<\/strong>230923<\/li>\n<li><strong>Par de apriete: <\/strong>0,4-2Nm.<\/li>\n<\/ul>\n<p>Modelo 2<\/p>\n<ul>\n<li><strong>C\u00f3digo referencia:<\/strong> 230924<\/li>\n<li><strong>Par de apriete:<\/strong> 2-10Nm.<\/li>\n<\/ul>\n<p style=\"text-align: right;\"><a href=\"http:\/\/bianditz.es\/wp-content\/uploads\/2016\/05\/ACCESORIOS.pdf\">Cat\u00e1logo ACCESORIOS<\/a><\/p>\n<p>&nbsp;<\/p>\n<p><iframe title=\"Destornillador Dinamom\u00e9trico para tu caja de herramientas | Bianditz\" width=\"1300\" height=\"731\" src=\"https:\/\/www.youtube.com\/embed\/3dX_dSgwVBA?feature=oembed\" frameborder=\"0\" allow=\"accelerometer; autoplay; clipboard-write; encrypted-media; gyroscope; picture-in-picture; web-share\" referrerpolicy=\"strict-origin-when-cross-origin\" allowfullscreen><\/iframe><\/p>\n<p style=\"text-align: right;\">\n","protected":false},"excerpt":{"rendered":"<p>Gracias al destornillador dinamom\u00e9trico podr\u00e1s ajustar un tornillo con el par de torsi\u00f3n deseado con una precisi\u00f3n m\u00e1xima. Al llegar al par establecido se siente y escucha un bloqueo.<\/p>\n<p>El destornillador dinamom\u00e9trico es ideal para usos como la automoci\u00f3n, aparatos el\u00e9ctricos, mantenimiento de bicicletas\u2026<\/p>\n<p>El destornillador viene con un estuche de pl\u00e1stico port\u00e1til y muy ligero y gracias a su adaptador de puntas de \u00bc podremos usar la mayor\u00eda de las puntas Bianditz, sin ning\u00fan tipo de problema.<\/p>\n<p>2 modelos dependiendo del par de apriete:<\/p>\n<p>&nbsp;<\/p>\n<p>Modelo 1<\/p>\n<ul>\n<li>C\u00f3digo referencia:\u00a0230923<\/li>\n<li>Par de apriete: 0,4-2Nm.<\/li>\n<\/ul>\n<p>Modelo 2<\/p>\n<ul>\n<li>C\u00f3digo referencia: 230924<\/li>\n<li>Par de apriete: 2-10Nm.<\/li>\n<\/ul>\n<p style=\"text-align: right;\"><a href=\"http:\/\/bianditz.es\/wp-content\/uploads\/2016\/05\/ACCESORIOS.pdf\">Cat\u00e1logo ACCESORIOS<\/a><\/p>\n<p>&nbsp;<\/p>\n<\/p>\n<p style=\"text-align: right;\">\n","protected":false},"featured_media":8629,"comment_status":"closed","ping_status":"closed","template":"","meta":[],"product_cat":[1207],"product_tag":[455,456,457,458,459],"class_list":{"0":"post-10604","1":"product","2":"type-product","3":"status-publish","4":"has-post-thumbnail","6":"product_cat-accesorios-profesionales","7":"product_tag-destornilladores","8":"product_tag-dinamometrico","9":"product_tag-nm","10":"product_tag-par","11":"product_tag-par-de-apriete-controlado","13":"first","14":"instock","15":"shipping-taxable","16":"product-type-simple"},"yoast_head":"<!-- This site is optimized with the Yoast SEO plugin v22.0 - https:\/\/yoast.com\/wordpress\/plugins\/seo\/ -->\n<title>Atornillador dinamom\u00e9trico 1\/4&quot; Bianditz - Bianditz Group<\/title>\n<meta name=\"robots\" content=\"index, follow, max-snippet:-1, max-image-preview:large, max-video-preview:-1\" \/>\n<link rel=\"canonical\" href=\"https:\/\/bianditz.es\/producto\/destornilladores-dinamometricos-1-4-bianditz\/\" \/>\n<meta property=\"og:locale\" content=\"en_US\" \/>\n<meta property=\"og:type\" content=\"article\" \/>\n<meta property=\"og:title\" content=\"Atornillador dinamom\u00e9trico 1\/4&quot; Bianditz - Bianditz Group\" \/>\n<meta property=\"og:description\" content=\"Gracias al destornillador dinamom\u00e9trico podr\u00e1s ajustar un tornillo con el par de torsi\u00f3n deseado con una precisi\u00f3n m\u00e1xima. Al llegar al par establecido se siente y escucha un bloqueo. El destornillador dinamom\u00e9trico es ideal para usos como la automoci\u00f3n, aparatos el\u00e9ctricos, mantenimiento de bicicletas\u2026 El destornillador viene con un estuche de pl\u00e1stico port\u00e1til y muy ligero y gracias a su adaptador de puntas de \u00bc podremos usar la mayor\u00eda de las puntas Bianditz, sin ning\u00fan tipo de problema. 2 modelos dependiendo del par de apriete: &nbsp; Modelo 1 C\u00f3digo referencia:\u00a0230923 Par de apriete: 0,4-2Nm. Modelo 2 C\u00f3digo referencia: 230924 Par de apriete: 2-10Nm. Cat\u00e1logo ACCESORIOS &nbsp;\" \/>\n<meta property=\"og:url\" content=\"https:\/\/bianditz.es\/producto\/destornilladores-dinamometricos-1-4-bianditz\/\" \/>\n<meta property=\"og:site_name\" content=\"Bianditz Group\" \/>\n<meta property=\"article:modified_time\" content=\"2024-12-19T11:08:41+00:00\" \/>\n<meta property=\"og:image\" content=\"https:\/\/bianditz.es\/wp-content\/uploads\/2023\/12\/dinamo_peque.jpg\" \/>\n\t<meta property=\"og:image:width\" content=\"1000\" \/>\n\t<meta property=\"og:image:height\" content=\"1000\" \/>\n\t<meta property=\"og:image:type\" content=\"image\/jpeg\" \/>\n<meta name=\"twitter:card\" content=\"summary_large_image\" \/>\n<meta name=\"twitter:label1\" content=\"Est. reading time\" \/>\n\t<meta name=\"twitter:data1\" content=\"1 minute\" \/>\n<script type=\"application\/ld+json\" class=\"yoast-schema-graph\">{\"@context\":\"https:\/\/schema.org\",\"@graph\":[{\"@type\":\"WebPage\",\"@id\":\"https:\/\/bianditz.es\/producto\/destornilladores-dinamometricos-1-4-bianditz\/\",\"url\":\"https:\/\/bianditz.es\/producto\/destornilladores-dinamometricos-1-4-bianditz\/\",\"name\":\"Atornillador dinamom\u00e9trico 1\/4\\\" Bianditz - Bianditz Group\",\"isPartOf\":{\"@id\":\"https:\/\/bianditz.es\/#website\"},\"datePublished\":\"2023-12-20T08:59:37+00:00\",\"dateModified\":\"2024-12-19T11:08:41+00:00\",\"breadcrumb\":{\"@id\":\"https:\/\/bianditz.es\/producto\/destornilladores-dinamometricos-1-4-bianditz\/#breadcrumb\"},\"inLanguage\":\"en-US\",\"potentialAction\":[{\"@type\":\"ReadAction\",\"target\":[\"https:\/\/bianditz.es\/producto\/destornilladores-dinamometricos-1-4-bianditz\/\"]}]},{\"@type\":\"BreadcrumbList\",\"@id\":\"https:\/\/bianditz.es\/producto\/destornilladores-dinamometricos-1-4-bianditz\/#breadcrumb\",\"itemListElement\":[{\"@type\":\"ListItem\",\"position\":1,\"name\":\"Portada\",\"item\":\"https:\/\/bianditz.es\/en\/\"},{\"@type\":\"ListItem\",\"position\":2,\"name\":\"Online Catalogue\",\"item\":\"https:\/\/bianditz.es\/en\/online-catalogue\/\"},{\"@type\":\"ListItem\",\"position\":3,\"name\":\"Atornillador dinamom\u00e9trico 1\/4&#8243; Bianditz\"}]},{\"@type\":\"WebSite\",\"@id\":\"https:\/\/bianditz.es\/#website\",\"url\":\"https:\/\/bianditz.es\/\",\"name\":\"Bianditz Group\",\"description\":\"| Fabricante de herramientas de mano\",\"potentialAction\":[{\"@type\":\"SearchAction\",\"target\":{\"@type\":\"EntryPoint\",\"urlTemplate\":\"https:\/\/bianditz.es\/?s={search_term_string}\"},\"query-input\":\"required name=search_term_string\"}],\"inLanguage\":\"en-US\"}]}<\/script>\n<!-- \/ Yoast SEO plugin. -->","yoast_head_json":{"title":"Atornillador dinamom\u00e9trico 1\/4\" Bianditz - Bianditz Group","robots":{"index":"index","follow":"follow","max-snippet":"max-snippet:-1","max-image-preview":"max-image-preview:large","max-video-preview":"max-video-preview:-1"},"canonical":"https:\/\/bianditz.es\/producto\/destornilladores-dinamometricos-1-4-bianditz\/","og_locale":"en_US","og_type":"article","og_title":"Atornillador dinamom\u00e9trico 1\/4\" Bianditz - Bianditz Group","og_description":"Gracias al destornillador dinamom\u00e9trico podr\u00e1s ajustar un tornillo con el par de torsi\u00f3n deseado con una precisi\u00f3n m\u00e1xima. Al llegar al par establecido se siente y escucha un bloqueo. El destornillador dinamom\u00e9trico es ideal para usos como la automoci\u00f3n, aparatos el\u00e9ctricos, mantenimiento de bicicletas\u2026 El destornillador viene con un estuche de pl\u00e1stico port\u00e1til y muy ligero y gracias a su adaptador de puntas de \u00bc podremos usar la mayor\u00eda de las puntas Bianditz, sin ning\u00fan tipo de problema. 2 modelos dependiendo del par de apriete: &nbsp; Modelo 1 C\u00f3digo referencia:\u00a0230923 Par de apriete: 0,4-2Nm. Modelo 2 C\u00f3digo referencia: 230924 Par de apriete: 2-10Nm. Cat\u00e1logo ACCESORIOS &nbsp;","og_url":"https:\/\/bianditz.es\/producto\/destornilladores-dinamometricos-1-4-bianditz\/","og_site_name":"Bianditz Group","article_modified_time":"2024-12-19T11:08:41+00:00","og_image":[{"width":1000,"height":1000,"url":"https:\/\/bianditz.es\/wp-content\/uploads\/2023\/12\/dinamo_peque.jpg","type":"image\/jpeg"}],"twitter_card":"summary_large_image","twitter_misc":{"Est. reading time":"1 minute"},"schema":{"@context":"https:\/\/schema.org","@graph":[{"@type":"WebPage","@id":"https:\/\/bianditz.es\/producto\/destornilladores-dinamometricos-1-4-bianditz\/","url":"https:\/\/bianditz.es\/producto\/destornilladores-dinamometricos-1-4-bianditz\/","name":"Atornillador dinamom\u00e9trico 1\/4\" Bianditz - Bianditz Group","isPartOf":{"@id":"https:\/\/bianditz.es\/#website"},"datePublished":"2023-12-20T08:59:37+00:00","dateModified":"2024-12-19T11:08:41+00:00","breadcrumb":{"@id":"https:\/\/bianditz.es\/producto\/destornilladores-dinamometricos-1-4-bianditz\/#breadcrumb"},"inLanguage":"en-US","potentialAction":[{"@type":"ReadAction","target":["https:\/\/bianditz.es\/producto\/destornilladores-dinamometricos-1-4-bianditz\/"]}]},{"@type":"BreadcrumbList","@id":"https:\/\/bianditz.es\/producto\/destornilladores-dinamometricos-1-4-bianditz\/#breadcrumb","itemListElement":[{"@type":"ListItem","position":1,"name":"Portada","item":"https:\/\/bianditz.es\/en\/"},{"@type":"ListItem","position":2,"name":"Online Catalogue","item":"https:\/\/bianditz.es\/en\/online-catalogue\/"},{"@type":"ListItem","position":3,"name":"Atornillador dinamom\u00e9trico 1\/4&#8243; Bianditz"}]},{"@type":"WebSite","@id":"https:\/\/bianditz.es\/#website","url":"https:\/\/bianditz.es\/","name":"Bianditz Group","description":"| Fabricante de herramientas de mano","potentialAction":[{"@type":"SearchAction","target":{"@type":"EntryPoint","urlTemplate":"https:\/\/bianditz.es\/?s={search_term_string}"},"query-input":"required name=search_term_string"}],"inLanguage":"en-US"}]}},"_links":{"self":[{"href":"https:\/\/bianditz.es\/en\/wp-json\/wp\/v2\/product\/10604","targetHints":{"allow":["GET"]}}],"collection":[{"href":"https:\/\/bianditz.es\/en\/wp-json\/wp\/v2\/product"}],"about":[{"href":"https:\/\/bianditz.es\/en\/wp-json\/wp\/v2\/types\/product"}],"replies":[{"embeddable":true,"href":"https:\/\/bianditz.es\/en\/wp-json\/wp\/v2\/comments?post=10604"}],"version-history":[{"count":8,"href":"https:\/\/bianditz.es\/en\/wp-json\/wp\/v2\/product\/10604\/revisions"}],"predecessor-version":[{"id":15131,"href":"https:\/\/bianditz.es\/en\/wp-json\/wp\/v2\/product\/10604\/revisions\/15131"}],"wp:featuredmedia":[{"embeddable":true,"href":"https:\/\/bianditz.es\/en\/wp-json\/wp\/v2\/media\/8629"}],"wp:attachment":[{"href":"https:\/\/bianditz.es\/en\/wp-json\/wp\/v2\/media?parent=10604"}],"wp:term":[{"taxonomy":"product_cat","embeddable":true,"href":"https:\/\/bianditz.es\/en\/wp-json\/wp\/v2\/product_cat?post=10604"},{"taxonomy":"product_tag","embeddable":true,"href":"https:\/\/bianditz.es\/en\/wp-json\/wp\/v2\/product_tag?post=10604"}],"curies":[{"name":"wp","href":"https:\/\/api.w.org\/{rel}","templated":true}]}}