{"id":13270,"date":"2024-05-17T10:04:27","date_gmt":"2024-05-17T10:04:27","guid":{"rendered":"https:\/\/bianditz.es\/?post_type=product&#038;p=13270"},"modified":"2024-08-06T06:01:40","modified_gmt":"2024-08-06T06:01:40","slug":"surtido-puntas-1-4-extra-pz","status":"publish","type":"product","link":"https:\/\/bianditz.es\/en\/producto\/surtido-puntas-1-4-extra-pz\/","title":{"rendered":"Surtido Puntas 1\/4&#8243; Extra PZ"},"content":{"rendered":"<p>Las puntas de la serie extra dura est\u00e1n dise\u00f1adas y fabricadas para un uso profesional intensivo de alto rendimiento. Son extremadamente robustas y combinan aspectos fundamentales de dureza y tenacidad. Estos atributos permiten a las puntas de la serie extra dura de Bianditz un alt\u00edsimo nivel de resistencia al desgaste, aumentando su productividad, incrementando su vida \u00fatil y por lo tanto reduciendo el costo de la inversi\u00f3n realizada.<\/p>\n<p>&nbsp;<\/p>\n<ul>\n<li><strong>C\u00f3digo referencia:<\/strong> 238954<\/li>\n<li><strong>Tipo<\/strong>: 1\/4&#8243; EXTRA surtido PZ<\/li>\n<li><b>Material:<\/b> Acero con componentes de Molibdeno y Vanadio<\/li>\n<li><b>Dureza:<\/b> 60-62 HRC<\/li>\n<li><b>Aplicaci\u00f3n:<\/b> Universal, materiales blandos, madera, materiales duros, metal<\/li>\n<li><b>Medidas: <\/b>PZ1-2-3 x 25mm + Adaptador 10x60mm\u00a0 \u00a0*disponibilidad de m\u00e1s medidas<\/li>\n<\/ul>\n","protected":false},"excerpt":{"rendered":"<p>Las puntas de la serie extra dura est\u00e1n dise\u00f1adas y fabricadas para un uso profesional intensivo de alto rendimiento. Son extremadamente robustas y combinan aspectos fundamentales de dureza y tenacidad. Estos atributos permiten a las puntas de la serie extra dura de Bianditz un alt\u00edsimo nivel de resistencia al desgaste, aumentando su productividad, incrementando su vida \u00fatil y por lo tanto reduciendo el costo de la inversi\u00f3n realizada.<\/p>\n<p>&nbsp;<\/p>\n<ul>\n<li>C\u00f3digo referencia: 238954<\/li>\n<li>Tipo: 1\/4&#8243; EXTRA surtido PZ<\/li>\n<li><b>Material:<\/b> Acero con componentes de Molibdeno y Vanadio<\/li>\n<li><b>Dureza:<\/b> 60-62 HRC<\/li>\n<li><b>Aplicaci\u00f3n:<\/b> Universal, materiales blandos, madera, materiales duros, metal<\/li>\n<li><b>Medidas: <\/b>PZ1-2-3 x 25mm + Adaptador 10x60mm\u00a0 \u00a0*disponibilidad de m\u00e1s medidas<\/li>\n<\/ul>\n","protected":false},"featured_media":13330,"comment_status":"closed","ping_status":"closed","template":"","meta":[],"product_cat":[1526,1518,1492,1201,1338],"product_tag":[],"class_list":{"0":"post-13270","1":"product","2":"type-product","3":"status-publish","4":"has-post-thumbnail","6":"product_cat-25mm","7":"product_cat-calidad-extra","8":"product_cat-puntas","9":"product_cat-puntas-catalogo","10":"product_cat-pz","12":"first","13":"instock","14":"shipping-taxable","15":"product-type-simple"},"yoast_head":"<!-- This site is optimized with the Yoast SEO plugin v22.0 - https:\/\/yoast.com\/wordpress\/plugins\/seo\/ -->\n<title>Surtido Puntas 1\/4&quot; Extra PZ - Bianditz Group<\/title>\n<meta name=\"robots\" content=\"index, follow, max-snippet:-1, max-image-preview:large, max-video-preview:-1\" \/>\n<link rel=\"canonical\" href=\"https:\/\/bianditz.es\/producto\/surtido-puntas-1-4-extra-pz\/\" \/>\n<meta property=\"og:locale\" content=\"en_US\" \/>\n<meta property=\"og:type\" content=\"article\" \/>\n<meta property=\"og:title\" content=\"Surtido Puntas 1\/4&quot; Extra PZ - Bianditz Group\" \/>\n<meta property=\"og:description\" content=\"Las puntas de la serie extra dura est\u00e1n dise\u00f1adas y fabricadas para un uso profesional intensivo de alto rendimiento. Son extremadamente robustas y combinan aspectos fundamentales de dureza y tenacidad. Estos atributos permiten a las puntas de la serie extra dura de Bianditz un alt\u00edsimo nivel de resistencia al desgaste, aumentando su productividad, incrementando su vida \u00fatil y por lo tanto reduciendo el costo de la inversi\u00f3n realizada. &nbsp; C\u00f3digo referencia: 238954 Tipo: 1\/4&#8243; EXTRA surtido PZ Material: Acero con componentes de Molibdeno y Vanadio Dureza: 60-62 HRC Aplicaci\u00f3n: Universal, materiales blandos, madera, materiales duros, metal Medidas: PZ1-2-3 x 25mm + Adaptador 10x60mm\u00a0 \u00a0*disponibilidad de m\u00e1s medidas\" \/>\n<meta property=\"og:url\" content=\"https:\/\/bianditz.es\/producto\/surtido-puntas-1-4-extra-pz\/\" \/>\n<meta property=\"og:site_name\" content=\"Bianditz Group\" \/>\n<meta property=\"article:modified_time\" content=\"2024-08-06T06:01:40+00:00\" \/>\n<meta property=\"og:image\" content=\"https:\/\/bianditz.es\/wp-content\/uploads\/2024\/05\/238954-PZ-scaled.jpg\" \/>\n\t<meta property=\"og:image:width\" content=\"1767\" \/>\n\t<meta property=\"og:image:height\" content=\"2560\" \/>\n\t<meta property=\"og:image:type\" content=\"image\/jpeg\" \/>\n<meta name=\"twitter:card\" content=\"summary_large_image\" \/>\n<meta name=\"twitter:label1\" content=\"Est. reading time\" \/>\n\t<meta name=\"twitter:data1\" content=\"1 minute\" \/>\n<script type=\"application\/ld+json\" class=\"yoast-schema-graph\">{\"@context\":\"https:\/\/schema.org\",\"@graph\":[{\"@type\":\"WebPage\",\"@id\":\"https:\/\/bianditz.es\/producto\/surtido-puntas-1-4-extra-pz\/\",\"url\":\"https:\/\/bianditz.es\/producto\/surtido-puntas-1-4-extra-pz\/\",\"name\":\"Surtido Puntas 1\/4\\\" Extra PZ - Bianditz Group\",\"isPartOf\":{\"@id\":\"https:\/\/bianditz.es\/#website\"},\"datePublished\":\"2024-05-17T10:04:27+00:00\",\"dateModified\":\"2024-08-06T06:01:40+00:00\",\"breadcrumb\":{\"@id\":\"https:\/\/bianditz.es\/producto\/surtido-puntas-1-4-extra-pz\/#breadcrumb\"},\"inLanguage\":\"en-US\",\"potentialAction\":[{\"@type\":\"ReadAction\",\"target\":[\"https:\/\/bianditz.es\/producto\/surtido-puntas-1-4-extra-pz\/\"]}]},{\"@type\":\"BreadcrumbList\",\"@id\":\"https:\/\/bianditz.es\/producto\/surtido-puntas-1-4-extra-pz\/#breadcrumb\",\"itemListElement\":[{\"@type\":\"ListItem\",\"position\":1,\"name\":\"Portada\",\"item\":\"https:\/\/bianditz.es\/en\/\"},{\"@type\":\"ListItem\",\"position\":2,\"name\":\"Online Catalogue\",\"item\":\"https:\/\/bianditz.es\/en\/online-catalogue\/\"},{\"@type\":\"ListItem\",\"position\":3,\"name\":\"Surtido Puntas 1\/4&#8243; Extra PZ\"}]},{\"@type\":\"WebSite\",\"@id\":\"https:\/\/bianditz.es\/#website\",\"url\":\"https:\/\/bianditz.es\/\",\"name\":\"Bianditz Group\",\"description\":\"| Fabricante de herramientas de mano\",\"potentialAction\":[{\"@type\":\"SearchAction\",\"target\":{\"@type\":\"EntryPoint\",\"urlTemplate\":\"https:\/\/bianditz.es\/?s={search_term_string}\"},\"query-input\":\"required name=search_term_string\"}],\"inLanguage\":\"en-US\"}]}<\/script>\n<!-- \/ Yoast SEO plugin. -->","yoast_head_json":{"title":"Surtido Puntas 1\/4\" Extra PZ - Bianditz Group","robots":{"index":"index","follow":"follow","max-snippet":"max-snippet:-1","max-image-preview":"max-image-preview:large","max-video-preview":"max-video-preview:-1"},"canonical":"https:\/\/bianditz.es\/producto\/surtido-puntas-1-4-extra-pz\/","og_locale":"en_US","og_type":"article","og_title":"Surtido Puntas 1\/4\" Extra PZ - Bianditz Group","og_description":"Las puntas de la serie extra dura est\u00e1n dise\u00f1adas y fabricadas para un uso profesional intensivo de alto rendimiento. Son extremadamente robustas y combinan aspectos fundamentales de dureza y tenacidad. Estos atributos permiten a las puntas de la serie extra dura de Bianditz un alt\u00edsimo nivel de resistencia al desgaste, aumentando su productividad, incrementando su vida \u00fatil y por lo tanto reduciendo el costo de la inversi\u00f3n realizada. &nbsp; C\u00f3digo referencia: 238954 Tipo: 1\/4&#8243; EXTRA surtido PZ Material: Acero con componentes de Molibdeno y Vanadio Dureza: 60-62 HRC Aplicaci\u00f3n: Universal, materiales blandos, madera, materiales duros, metal Medidas: PZ1-2-3 x 25mm + Adaptador 10x60mm\u00a0 \u00a0*disponibilidad de m\u00e1s medidas","og_url":"https:\/\/bianditz.es\/producto\/surtido-puntas-1-4-extra-pz\/","og_site_name":"Bianditz Group","article_modified_time":"2024-08-06T06:01:40+00:00","og_image":[{"width":1767,"height":2560,"url":"https:\/\/bianditz.es\/wp-content\/uploads\/2024\/05\/238954-PZ-scaled.jpg","type":"image\/jpeg"}],"twitter_card":"summary_large_image","twitter_misc":{"Est. reading time":"1 minute"},"schema":{"@context":"https:\/\/schema.org","@graph":[{"@type":"WebPage","@id":"https:\/\/bianditz.es\/producto\/surtido-puntas-1-4-extra-pz\/","url":"https:\/\/bianditz.es\/producto\/surtido-puntas-1-4-extra-pz\/","name":"Surtido Puntas 1\/4\" Extra PZ - Bianditz Group","isPartOf":{"@id":"https:\/\/bianditz.es\/#website"},"datePublished":"2024-05-17T10:04:27+00:00","dateModified":"2024-08-06T06:01:40+00:00","breadcrumb":{"@id":"https:\/\/bianditz.es\/producto\/surtido-puntas-1-4-extra-pz\/#breadcrumb"},"inLanguage":"en-US","potentialAction":[{"@type":"ReadAction","target":["https:\/\/bianditz.es\/producto\/surtido-puntas-1-4-extra-pz\/"]}]},{"@type":"BreadcrumbList","@id":"https:\/\/bianditz.es\/producto\/surtido-puntas-1-4-extra-pz\/#breadcrumb","itemListElement":[{"@type":"ListItem","position":1,"name":"Portada","item":"https:\/\/bianditz.es\/en\/"},{"@type":"ListItem","position":2,"name":"Online Catalogue","item":"https:\/\/bianditz.es\/en\/online-catalogue\/"},{"@type":"ListItem","position":3,"name":"Surtido Puntas 1\/4&#8243; Extra PZ"}]},{"@type":"WebSite","@id":"https:\/\/bianditz.es\/#website","url":"https:\/\/bianditz.es\/","name":"Bianditz Group","description":"| Fabricante de herramientas de mano","potentialAction":[{"@type":"SearchAction","target":{"@type":"EntryPoint","urlTemplate":"https:\/\/bianditz.es\/?s={search_term_string}"},"query-input":"required name=search_term_string"}],"inLanguage":"en-US"}]}},"_links":{"self":[{"href":"https:\/\/bianditz.es\/en\/wp-json\/wp\/v2\/product\/13270","targetHints":{"allow":["GET"]}}],"collection":[{"href":"https:\/\/bianditz.es\/en\/wp-json\/wp\/v2\/product"}],"about":[{"href":"https:\/\/bianditz.es\/en\/wp-json\/wp\/v2\/types\/product"}],"replies":[{"embeddable":true,"href":"https:\/\/bianditz.es\/en\/wp-json\/wp\/v2\/comments?post=13270"}],"version-history":[{"count":1,"href":"https:\/\/bianditz.es\/en\/wp-json\/wp\/v2\/product\/13270\/revisions"}],"predecessor-version":[{"id":13271,"href":"https:\/\/bianditz.es\/en\/wp-json\/wp\/v2\/product\/13270\/revisions\/13271"}],"wp:featuredmedia":[{"embeddable":true,"href":"https:\/\/bianditz.es\/en\/wp-json\/wp\/v2\/media\/13330"}],"wp:attachment":[{"href":"https:\/\/bianditz.es\/en\/wp-json\/wp\/v2\/media?parent=13270"}],"wp:term":[{"taxonomy":"product_cat","embeddable":true,"href":"https:\/\/bianditz.es\/en\/wp-json\/wp\/v2\/product_cat?post=13270"},{"taxonomy":"product_tag","embeddable":true,"href":"https:\/\/bianditz.es\/en\/wp-json\/wp\/v2\/product_tag?post=13270"}],"curies":[{"name":"wp","href":"https:\/\/api.w.org\/{rel}","templated":true}]}}