{"id":13272,"date":"2024-05-17T10:11:56","date_gmt":"2024-05-17T10:11:56","guid":{"rendered":"https:\/\/bianditz.es\/?post_type=product&#038;p=13272"},"modified":"2024-08-06T06:01:15","modified_gmt":"2024-08-06T06:01:15","slug":"punta-1-4-tin-pz","status":"publish","type":"product","link":"https:\/\/bianditz.es\/en\/producto\/punta-1-4-tin-pz\/","title":{"rendered":"Punta 1\/4&#8243; TIN PZ"},"content":{"rendered":"<p>La serie de puntas TiN CVD de Bianditz con recubrimiento de Nitruro de Titanio est\u00e1n concebidas espec\u00edficamente para trabajos intensivos en cadenas de montaje, d\u00f3nde se trabajan en condiciones controladas de perpendicularidad y par de apriete. Esta capa de Nitruro de Titanio es de 3 +\/- 1 micras a una dureza de 2.400\/2.600 HV (escala Vickers) siendo el n\u00facleo de la herramienta endurecido por un procedimiento similar a las puntas EXTRA DURAS. Este recubrimiento proporciona una vida de 4 a 10 veces superior en resistencia al desgaste y una rugosidad superficial que minimiza el efecto de expulsi\u00f3n en el atornillado.<\/p>\n<p>&nbsp;<\/p>\n<ul>\n<li><strong>C\u00f3digo referencia:<\/strong> 238341<\/li>\n<li><strong>Tipo<\/strong>: 1\/4&#8243; TIN para tornillos PZ<\/li>\n<li><b>Material:<\/b> Acero con componentes de Molibdeno y Vanadio<\/li>\n<li><b>Dureza:<\/b> 60-62 HRC<\/li>\n<li><b>Aplicaci\u00f3n:<\/b> Aplicaciones industriales, alta resistencia al uso, trabajos en serie<\/li>\n<li><b>Medidas:<\/b> PZ1x25mm\u00a0 \u00a0*disponibilidad de m\u00e1s medidas<\/li>\n<\/ul>\n","protected":false},"excerpt":{"rendered":"<p>La serie de puntas TiN CVD de Bianditz con recubrimiento de Nitruro de Titanio est\u00e1n concebidas espec\u00edficamente para trabajos intensivos en cadenas de montaje, d\u00f3nde se trabajan en condiciones controladas de perpendicularidad y par de apriete. Esta capa de Nitruro de Titanio es de 3 +\/- 1 micras a una dureza de 2.400\/2.600 HV (escala Vickers) siendo el n\u00facleo de la herramienta endurecido por un procedimiento similar a las puntas EXTRA DURAS. Este recubrimiento proporciona una vida de 4 a 10 veces superior en resistencia al desgaste y una rugosidad superficial que minimiza el efecto de expulsi\u00f3n en el atornillado.<\/p>\n<p>&nbsp;<\/p>\n<ul>\n<li>C\u00f3digo referencia: 238341<\/li>\n<li>Tipo: 1\/4&#8243; TIN para tornillos PZ<\/li>\n<li><b>Material:<\/b> Acero con componentes de Molibdeno y Vanadio<\/li>\n<li><b>Dureza:<\/b> 60-62 HRC<\/li>\n<li><b>Aplicaci\u00f3n:<\/b> Aplicaciones industriales, alta resistencia al uso, trabajos en serie<\/li>\n<li><b>Medidas:<\/b> PZ1x25mm\u00a0 \u00a0*disponibilidad de m\u00e1s medidas<\/li>\n<\/ul>\n","protected":false},"featured_media":13328,"comment_status":"closed","ping_status":"closed","template":"","meta":[],"product_cat":[1528,1518,1492,1201,1338],"product_tag":[],"class_list":{"0":"post-13272","1":"product","2":"type-product","3":"status-publish","4":"has-post-thumbnail","6":"product_cat-75mm","7":"product_cat-calidad-extra","8":"product_cat-puntas","9":"product_cat-puntas-catalogo","10":"product_cat-pz","12":"first","13":"instock","14":"shipping-taxable","15":"product-type-simple"},"yoast_head":"<!-- This site is optimized with the Yoast SEO plugin v22.0 - https:\/\/yoast.com\/wordpress\/plugins\/seo\/ -->\n<title>Punta 1\/4&quot; TIN PZ - Bianditz Group<\/title>\n<meta name=\"robots\" content=\"index, follow, max-snippet:-1, max-image-preview:large, max-video-preview:-1\" \/>\n<link rel=\"canonical\" href=\"https:\/\/bianditz.es\/producto\/punta-1-4-tin-pz\/\" \/>\n<meta property=\"og:locale\" content=\"en_US\" \/>\n<meta property=\"og:type\" content=\"article\" \/>\n<meta property=\"og:title\" content=\"Punta 1\/4&quot; TIN PZ - Bianditz Group\" \/>\n<meta property=\"og:description\" content=\"La serie de puntas TiN CVD de Bianditz con recubrimiento de Nitruro de Titanio est\u00e1n concebidas espec\u00edficamente para trabajos intensivos en cadenas de montaje, d\u00f3nde se trabajan en condiciones controladas de perpendicularidad y par de apriete. Esta capa de Nitruro de Titanio es de 3 +\/- 1 micras a una dureza de 2.400\/2.600 HV (escala Vickers) siendo el n\u00facleo de la herramienta endurecido por un procedimiento similar a las puntas EXTRA DURAS. Este recubrimiento proporciona una vida de 4 a 10 veces superior en resistencia al desgaste y una rugosidad superficial que minimiza el efecto de expulsi\u00f3n en el atornillado. &nbsp; C\u00f3digo referencia: 238341 Tipo: 1\/4&#8243; TIN para tornillos PZ Material: Acero con componentes de Molibdeno y Vanadio Dureza: 60-62 HRC Aplicaci\u00f3n: Aplicaciones industriales, alta resistencia al uso, trabajos en serie Medidas: PZ1x25mm\u00a0 \u00a0*disponibilidad de m\u00e1s medidas\" \/>\n<meta property=\"og:url\" content=\"https:\/\/bianditz.es\/producto\/punta-1-4-tin-pz\/\" \/>\n<meta property=\"og:site_name\" content=\"Bianditz Group\" \/>\n<meta property=\"article:modified_time\" content=\"2024-08-06T06:01:15+00:00\" \/>\n<meta property=\"og:image\" content=\"https:\/\/bianditz.es\/wp-content\/uploads\/2024\/05\/238342-046-PZ2.jpg\" \/>\n\t<meta property=\"og:image:width\" content=\"566\" \/>\n\t<meta property=\"og:image:height\" content=\"213\" \/>\n\t<meta property=\"og:image:type\" content=\"image\/jpeg\" \/>\n<meta name=\"twitter:card\" content=\"summary_large_image\" \/>\n<meta name=\"twitter:label1\" content=\"Est. reading time\" \/>\n\t<meta name=\"twitter:data1\" content=\"1 minute\" \/>\n<script type=\"application\/ld+json\" class=\"yoast-schema-graph\">{\"@context\":\"https:\/\/schema.org\",\"@graph\":[{\"@type\":\"WebPage\",\"@id\":\"https:\/\/bianditz.es\/producto\/punta-1-4-tin-pz\/\",\"url\":\"https:\/\/bianditz.es\/producto\/punta-1-4-tin-pz\/\",\"name\":\"Punta 1\/4\\\" TIN PZ - Bianditz Group\",\"isPartOf\":{\"@id\":\"https:\/\/bianditz.es\/#website\"},\"datePublished\":\"2024-05-17T10:11:56+00:00\",\"dateModified\":\"2024-08-06T06:01:15+00:00\",\"breadcrumb\":{\"@id\":\"https:\/\/bianditz.es\/producto\/punta-1-4-tin-pz\/#breadcrumb\"},\"inLanguage\":\"en-US\",\"potentialAction\":[{\"@type\":\"ReadAction\",\"target\":[\"https:\/\/bianditz.es\/producto\/punta-1-4-tin-pz\/\"]}]},{\"@type\":\"BreadcrumbList\",\"@id\":\"https:\/\/bianditz.es\/producto\/punta-1-4-tin-pz\/#breadcrumb\",\"itemListElement\":[{\"@type\":\"ListItem\",\"position\":1,\"name\":\"Portada\",\"item\":\"https:\/\/bianditz.es\/en\/\"},{\"@type\":\"ListItem\",\"position\":2,\"name\":\"Online Catalogue\",\"item\":\"https:\/\/bianditz.es\/en\/online-catalogue\/\"},{\"@type\":\"ListItem\",\"position\":3,\"name\":\"Punta 1\/4&#8243; TIN PZ\"}]},{\"@type\":\"WebSite\",\"@id\":\"https:\/\/bianditz.es\/#website\",\"url\":\"https:\/\/bianditz.es\/\",\"name\":\"Bianditz Group\",\"description\":\"| Fabricante de herramientas de mano\",\"potentialAction\":[{\"@type\":\"SearchAction\",\"target\":{\"@type\":\"EntryPoint\",\"urlTemplate\":\"https:\/\/bianditz.es\/?s={search_term_string}\"},\"query-input\":\"required name=search_term_string\"}],\"inLanguage\":\"en-US\"}]}<\/script>\n<!-- \/ Yoast SEO plugin. -->","yoast_head_json":{"title":"Punta 1\/4\" TIN PZ - Bianditz Group","robots":{"index":"index","follow":"follow","max-snippet":"max-snippet:-1","max-image-preview":"max-image-preview:large","max-video-preview":"max-video-preview:-1"},"canonical":"https:\/\/bianditz.es\/producto\/punta-1-4-tin-pz\/","og_locale":"en_US","og_type":"article","og_title":"Punta 1\/4\" TIN PZ - Bianditz Group","og_description":"La serie de puntas TiN CVD de Bianditz con recubrimiento de Nitruro de Titanio est\u00e1n concebidas espec\u00edficamente para trabajos intensivos en cadenas de montaje, d\u00f3nde se trabajan en condiciones controladas de perpendicularidad y par de apriete. Esta capa de Nitruro de Titanio es de 3 +\/- 1 micras a una dureza de 2.400\/2.600 HV (escala Vickers) siendo el n\u00facleo de la herramienta endurecido por un procedimiento similar a las puntas EXTRA DURAS. Este recubrimiento proporciona una vida de 4 a 10 veces superior en resistencia al desgaste y una rugosidad superficial que minimiza el efecto de expulsi\u00f3n en el atornillado. &nbsp; C\u00f3digo referencia: 238341 Tipo: 1\/4&#8243; TIN para tornillos PZ Material: Acero con componentes de Molibdeno y Vanadio Dureza: 60-62 HRC Aplicaci\u00f3n: Aplicaciones industriales, alta resistencia al uso, trabajos en serie Medidas: PZ1x25mm\u00a0 \u00a0*disponibilidad de m\u00e1s medidas","og_url":"https:\/\/bianditz.es\/producto\/punta-1-4-tin-pz\/","og_site_name":"Bianditz Group","article_modified_time":"2024-08-06T06:01:15+00:00","og_image":[{"width":566,"height":213,"url":"https:\/\/bianditz.es\/wp-content\/uploads\/2024\/05\/238342-046-PZ2.jpg","type":"image\/jpeg"}],"twitter_card":"summary_large_image","twitter_misc":{"Est. reading time":"1 minute"},"schema":{"@context":"https:\/\/schema.org","@graph":[{"@type":"WebPage","@id":"https:\/\/bianditz.es\/producto\/punta-1-4-tin-pz\/","url":"https:\/\/bianditz.es\/producto\/punta-1-4-tin-pz\/","name":"Punta 1\/4\" TIN PZ - Bianditz Group","isPartOf":{"@id":"https:\/\/bianditz.es\/#website"},"datePublished":"2024-05-17T10:11:56+00:00","dateModified":"2024-08-06T06:01:15+00:00","breadcrumb":{"@id":"https:\/\/bianditz.es\/producto\/punta-1-4-tin-pz\/#breadcrumb"},"inLanguage":"en-US","potentialAction":[{"@type":"ReadAction","target":["https:\/\/bianditz.es\/producto\/punta-1-4-tin-pz\/"]}]},{"@type":"BreadcrumbList","@id":"https:\/\/bianditz.es\/producto\/punta-1-4-tin-pz\/#breadcrumb","itemListElement":[{"@type":"ListItem","position":1,"name":"Portada","item":"https:\/\/bianditz.es\/en\/"},{"@type":"ListItem","position":2,"name":"Online Catalogue","item":"https:\/\/bianditz.es\/en\/online-catalogue\/"},{"@type":"ListItem","position":3,"name":"Punta 1\/4&#8243; TIN PZ"}]},{"@type":"WebSite","@id":"https:\/\/bianditz.es\/#website","url":"https:\/\/bianditz.es\/","name":"Bianditz Group","description":"| Fabricante de herramientas de mano","potentialAction":[{"@type":"SearchAction","target":{"@type":"EntryPoint","urlTemplate":"https:\/\/bianditz.es\/?s={search_term_string}"},"query-input":"required name=search_term_string"}],"inLanguage":"en-US"}]}},"_links":{"self":[{"href":"https:\/\/bianditz.es\/en\/wp-json\/wp\/v2\/product\/13272","targetHints":{"allow":["GET"]}}],"collection":[{"href":"https:\/\/bianditz.es\/en\/wp-json\/wp\/v2\/product"}],"about":[{"href":"https:\/\/bianditz.es\/en\/wp-json\/wp\/v2\/types\/product"}],"replies":[{"embeddable":true,"href":"https:\/\/bianditz.es\/en\/wp-json\/wp\/v2\/comments?post=13272"}],"version-history":[{"count":1,"href":"https:\/\/bianditz.es\/en\/wp-json\/wp\/v2\/product\/13272\/revisions"}],"predecessor-version":[{"id":13274,"href":"https:\/\/bianditz.es\/en\/wp-json\/wp\/v2\/product\/13272\/revisions\/13274"}],"wp:featuredmedia":[{"embeddable":true,"href":"https:\/\/bianditz.es\/en\/wp-json\/wp\/v2\/media\/13328"}],"wp:attachment":[{"href":"https:\/\/bianditz.es\/en\/wp-json\/wp\/v2\/media?parent=13272"}],"wp:term":[{"taxonomy":"product_cat","embeddable":true,"href":"https:\/\/bianditz.es\/en\/wp-json\/wp\/v2\/product_cat?post=13272"},{"taxonomy":"product_tag","embeddable":true,"href":"https:\/\/bianditz.es\/en\/wp-json\/wp\/v2\/product_tag?post=13272"}],"curies":[{"name":"wp","href":"https:\/\/api.w.org\/{rel}","templated":true}]}}