{"id":13277,"date":"2024-05-17T10:45:34","date_gmt":"2024-05-17T10:45:34","guid":{"rendered":"https:\/\/bianditz.es\/?post_type=product&#038;p=13277"},"modified":"2024-08-06T05:56:36","modified_gmt":"2024-08-06T05:56:36","slug":"juego-destornilladores-precision-tx","status":"publish","type":"product","link":"https:\/\/bianditz.es\/en\/producto\/juego-destornilladores-precision-tx\/","title":{"rendered":"Juego destornilladores Precisi\u00f3n TX"},"content":{"rendered":"<p>Los destornilladores de la serie Precisi\u00f3n est\u00e1n dise\u00f1ados y fabricados para trabajos finos y de precisi\u00f3n. Su punta fosfatada aporta un \u00f3ptimo agarre al tornillo y la esfera giratoria superior otorga un mayor control y suavidad al giro. Juego de 8 destornilladores TX<\/p>\n<p>&nbsp;<\/p>\n<ul>\n<li><strong>C\u00f3digo referencia:\u00a0<\/strong>230942<\/li>\n<li><strong>Tipo<\/strong>: Precisi\u00f3n<\/li>\n<li><b>Material:<\/b> Varilla fabricada en acero con componentes de Molibdeno y Vanadio<\/li>\n<li><b>Dureza:<\/b>\u00a058-61 HRC<\/li>\n<li><b>Mango:<\/b> Fabricado en Polipropileno y Elast\u00f3mero resistentes al ataque de \u00e1cidos, aceite colas y grasas. Ergon\u00f3mico y antideslizante<\/li>\n<li><b>Aplicaci\u00f3n:<\/b> Para trabajos de precisi\u00f3n<\/li>\n<li><strong>Medidas: <\/strong>T5 &#8211; 6 &#8211; 7 &#8211; 8 &#8211; 9 &#8211; 10 &#8211; 15 &#8211; 20<\/li>\n<\/ul>\n","protected":false},"excerpt":{"rendered":"<p>Los destornilladores de la serie Precisi\u00f3n est\u00e1n dise\u00f1ados y fabricados para trabajos finos y de precisi\u00f3n. Su punta fosfatada aporta un \u00f3ptimo agarre al tornillo y la esfera giratoria superior otorga un mayor control y suavidad al giro. Juego de 8 destornilladores TX<\/p>\n<p>&nbsp;<\/p>\n<ul>\n<li>C\u00f3digo referencia:\u00a0230942<\/li>\n<li>Tipo: Precisi\u00f3n<\/li>\n<li><b>Material:<\/b> Varilla fabricada en acero con componentes de Molibdeno y Vanadio<\/li>\n<li><b>Dureza:<\/b>\u00a058-61 HRC<\/li>\n<li><b>Mango:<\/b> Fabricado en Polipropileno y Elast\u00f3mero resistentes al ataque de \u00e1cidos, aceite colas y grasas. Ergon\u00f3mico y antideslizante<\/li>\n<li><b>Aplicaci\u00f3n:<\/b> Para trabajos de precisi\u00f3n<\/li>\n<li>Medidas: T5 &#8211; 6 &#8211; 7 &#8211; 8 &#8211; 9 &#8211; 10 &#8211; 15 &#8211; 20<\/li>\n<\/ul>\n","protected":false},"featured_media":13334,"comment_status":"closed","ping_status":"closed","template":"","meta":[],"product_cat":[1493,1202],"product_tag":[],"class_list":{"0":"post-13277","1":"product","2":"type-product","3":"status-publish","4":"has-post-thumbnail","6":"product_cat-herramientas-de-apriete","7":"product_cat-destornilladores","9":"first","10":"instock","11":"shipping-taxable","12":"product-type-simple"},"yoast_head":"<!-- This site is optimized with the Yoast SEO plugin v22.0 - https:\/\/yoast.com\/wordpress\/plugins\/seo\/ -->\n<title>Juego destornilladores Precisi\u00f3n TX - Bianditz Group<\/title>\n<meta name=\"robots\" content=\"index, follow, max-snippet:-1, max-image-preview:large, max-video-preview:-1\" \/>\n<link rel=\"canonical\" href=\"https:\/\/bianditz.es\/producto\/juego-destornilladores-precision-tx\/\" \/>\n<meta property=\"og:locale\" content=\"en_US\" \/>\n<meta property=\"og:type\" content=\"article\" \/>\n<meta property=\"og:title\" content=\"Juego destornilladores Precisi\u00f3n TX - Bianditz Group\" \/>\n<meta property=\"og:description\" content=\"Los destornilladores de la serie Precisi\u00f3n est\u00e1n dise\u00f1ados y fabricados para trabajos finos y de precisi\u00f3n. Su punta fosfatada aporta un \u00f3ptimo agarre al tornillo y la esfera giratoria superior otorga un mayor control y suavidad al giro. Juego de 8 destornilladores TX &nbsp; C\u00f3digo referencia:\u00a0230942 Tipo: Precisi\u00f3n Material: Varilla fabricada en acero con componentes de Molibdeno y Vanadio Dureza:\u00a058-61 HRC Mango: Fabricado en Polipropileno y Elast\u00f3mero resistentes al ataque de \u00e1cidos, aceite colas y grasas. Ergon\u00f3mico y antideslizante Aplicaci\u00f3n: Para trabajos de precisi\u00f3n Medidas: T5 &#8211; 6 &#8211; 7 &#8211; 8 &#8211; 9 &#8211; 10 &#8211; 15 &#8211; 20\" \/>\n<meta property=\"og:url\" content=\"https:\/\/bianditz.es\/producto\/juego-destornilladores-precision-tx\/\" \/>\n<meta property=\"og:site_name\" content=\"Bianditz Group\" \/>\n<meta property=\"article:modified_time\" content=\"2024-08-06T05:56:36+00:00\" \/>\n<meta property=\"og:image\" content=\"https:\/\/bianditz.es\/wp-content\/uploads\/2024\/05\/230942-Juego_precision_tx.jpg\" \/>\n\t<meta property=\"og:image:width\" content=\"1104\" \/>\n\t<meta property=\"og:image:height\" content=\"992\" \/>\n\t<meta property=\"og:image:type\" content=\"image\/jpeg\" \/>\n<meta name=\"twitter:card\" content=\"summary_large_image\" \/>\n<meta name=\"twitter:label1\" content=\"Est. reading time\" \/>\n\t<meta name=\"twitter:data1\" content=\"1 minute\" \/>\n<script type=\"application\/ld+json\" class=\"yoast-schema-graph\">{\"@context\":\"https:\/\/schema.org\",\"@graph\":[{\"@type\":\"WebPage\",\"@id\":\"https:\/\/bianditz.es\/producto\/juego-destornilladores-precision-tx\/\",\"url\":\"https:\/\/bianditz.es\/producto\/juego-destornilladores-precision-tx\/\",\"name\":\"Juego destornilladores Precisi\u00f3n TX - Bianditz Group\",\"isPartOf\":{\"@id\":\"https:\/\/bianditz.es\/#website\"},\"datePublished\":\"2024-05-17T10:45:34+00:00\",\"dateModified\":\"2024-08-06T05:56:36+00:00\",\"breadcrumb\":{\"@id\":\"https:\/\/bianditz.es\/producto\/juego-destornilladores-precision-tx\/#breadcrumb\"},\"inLanguage\":\"en-US\",\"potentialAction\":[{\"@type\":\"ReadAction\",\"target\":[\"https:\/\/bianditz.es\/producto\/juego-destornilladores-precision-tx\/\"]}]},{\"@type\":\"BreadcrumbList\",\"@id\":\"https:\/\/bianditz.es\/producto\/juego-destornilladores-precision-tx\/#breadcrumb\",\"itemListElement\":[{\"@type\":\"ListItem\",\"position\":1,\"name\":\"Portada\",\"item\":\"https:\/\/bianditz.es\/en\/\"},{\"@type\":\"ListItem\",\"position\":2,\"name\":\"Online Catalogue\",\"item\":\"https:\/\/bianditz.es\/en\/online-catalogue\/\"},{\"@type\":\"ListItem\",\"position\":3,\"name\":\"Juego destornilladores Precisi\u00f3n TX\"}]},{\"@type\":\"WebSite\",\"@id\":\"https:\/\/bianditz.es\/#website\",\"url\":\"https:\/\/bianditz.es\/\",\"name\":\"Bianditz Group\",\"description\":\"| Fabricante de herramientas de mano\",\"potentialAction\":[{\"@type\":\"SearchAction\",\"target\":{\"@type\":\"EntryPoint\",\"urlTemplate\":\"https:\/\/bianditz.es\/?s={search_term_string}\"},\"query-input\":\"required name=search_term_string\"}],\"inLanguage\":\"en-US\"}]}<\/script>\n<!-- \/ Yoast SEO plugin. -->","yoast_head_json":{"title":"Juego destornilladores Precisi\u00f3n TX - Bianditz Group","robots":{"index":"index","follow":"follow","max-snippet":"max-snippet:-1","max-image-preview":"max-image-preview:large","max-video-preview":"max-video-preview:-1"},"canonical":"https:\/\/bianditz.es\/producto\/juego-destornilladores-precision-tx\/","og_locale":"en_US","og_type":"article","og_title":"Juego destornilladores Precisi\u00f3n TX - Bianditz Group","og_description":"Los destornilladores de la serie Precisi\u00f3n est\u00e1n dise\u00f1ados y fabricados para trabajos finos y de precisi\u00f3n. Su punta fosfatada aporta un \u00f3ptimo agarre al tornillo y la esfera giratoria superior otorga un mayor control y suavidad al giro. Juego de 8 destornilladores TX &nbsp; C\u00f3digo referencia:\u00a0230942 Tipo: Precisi\u00f3n Material: Varilla fabricada en acero con componentes de Molibdeno y Vanadio Dureza:\u00a058-61 HRC Mango: Fabricado en Polipropileno y Elast\u00f3mero resistentes al ataque de \u00e1cidos, aceite colas y grasas. Ergon\u00f3mico y antideslizante Aplicaci\u00f3n: Para trabajos de precisi\u00f3n Medidas: T5 &#8211; 6 &#8211; 7 &#8211; 8 &#8211; 9 &#8211; 10 &#8211; 15 &#8211; 20","og_url":"https:\/\/bianditz.es\/producto\/juego-destornilladores-precision-tx\/","og_site_name":"Bianditz Group","article_modified_time":"2024-08-06T05:56:36+00:00","og_image":[{"width":1104,"height":992,"url":"https:\/\/bianditz.es\/wp-content\/uploads\/2024\/05\/230942-Juego_precision_tx.jpg","type":"image\/jpeg"}],"twitter_card":"summary_large_image","twitter_misc":{"Est. reading time":"1 minute"},"schema":{"@context":"https:\/\/schema.org","@graph":[{"@type":"WebPage","@id":"https:\/\/bianditz.es\/producto\/juego-destornilladores-precision-tx\/","url":"https:\/\/bianditz.es\/producto\/juego-destornilladores-precision-tx\/","name":"Juego destornilladores Precisi\u00f3n TX - Bianditz Group","isPartOf":{"@id":"https:\/\/bianditz.es\/#website"},"datePublished":"2024-05-17T10:45:34+00:00","dateModified":"2024-08-06T05:56:36+00:00","breadcrumb":{"@id":"https:\/\/bianditz.es\/producto\/juego-destornilladores-precision-tx\/#breadcrumb"},"inLanguage":"en-US","potentialAction":[{"@type":"ReadAction","target":["https:\/\/bianditz.es\/producto\/juego-destornilladores-precision-tx\/"]}]},{"@type":"BreadcrumbList","@id":"https:\/\/bianditz.es\/producto\/juego-destornilladores-precision-tx\/#breadcrumb","itemListElement":[{"@type":"ListItem","position":1,"name":"Portada","item":"https:\/\/bianditz.es\/en\/"},{"@type":"ListItem","position":2,"name":"Online Catalogue","item":"https:\/\/bianditz.es\/en\/online-catalogue\/"},{"@type":"ListItem","position":3,"name":"Juego destornilladores Precisi\u00f3n TX"}]},{"@type":"WebSite","@id":"https:\/\/bianditz.es\/#website","url":"https:\/\/bianditz.es\/","name":"Bianditz Group","description":"| Fabricante de herramientas de mano","potentialAction":[{"@type":"SearchAction","target":{"@type":"EntryPoint","urlTemplate":"https:\/\/bianditz.es\/?s={search_term_string}"},"query-input":"required name=search_term_string"}],"inLanguage":"en-US"}]}},"_links":{"self":[{"href":"https:\/\/bianditz.es\/en\/wp-json\/wp\/v2\/product\/13277","targetHints":{"allow":["GET"]}}],"collection":[{"href":"https:\/\/bianditz.es\/en\/wp-json\/wp\/v2\/product"}],"about":[{"href":"https:\/\/bianditz.es\/en\/wp-json\/wp\/v2\/types\/product"}],"replies":[{"embeddable":true,"href":"https:\/\/bianditz.es\/en\/wp-json\/wp\/v2\/comments?post=13277"}],"version-history":[{"count":1,"href":"https:\/\/bianditz.es\/en\/wp-json\/wp\/v2\/product\/13277\/revisions"}],"predecessor-version":[{"id":13279,"href":"https:\/\/bianditz.es\/en\/wp-json\/wp\/v2\/product\/13277\/revisions\/13279"}],"wp:featuredmedia":[{"embeddable":true,"href":"https:\/\/bianditz.es\/en\/wp-json\/wp\/v2\/media\/13334"}],"wp:attachment":[{"href":"https:\/\/bianditz.es\/en\/wp-json\/wp\/v2\/media?parent=13277"}],"wp:term":[{"taxonomy":"product_cat","embeddable":true,"href":"https:\/\/bianditz.es\/en\/wp-json\/wp\/v2\/product_cat?post=13277"},{"taxonomy":"product_tag","embeddable":true,"href":"https:\/\/bianditz.es\/en\/wp-json\/wp\/v2\/product_tag?post=13277"}],"curies":[{"name":"wp","href":"https:\/\/api.w.org\/{rel}","templated":true}]}}