{"id":13294,"date":"2024-05-17T11:37:25","date_gmt":"2024-05-17T11:37:25","guid":{"rendered":"https:\/\/bianditz.es\/?post_type=product&#038;p=13294"},"modified":"2024-08-06T05:54:34","modified_gmt":"2024-08-06T05:54:34","slug":"llave-mango-en-t-tx-seguridad-fox","status":"publish","type":"product","link":"https:\/\/bianditz.es\/en\/producto\/llave-mango-en-t-tx-seguridad-fox\/","title":{"rendered":"Llave Mango en T TX Seguridad Fox+"},"content":{"rendered":"<p>Para tornillos hexagonales. Las llaves en T hexagonales Bianditz de calidad profesional proporcionan un par de torsi\u00f3n superior en un 20% a otras llaves similares. Permite trabajar en \u00e1ngulo hasta 25\u00ba, proporcionando m\u00e1xima comodidad y total eficacia.<\/p>\n<p>&nbsp;<\/p>\n<ul>\n<li><strong>C\u00f3digo referencia:\u00a0<\/strong>232400<\/li>\n<li><strong>Tipo<\/strong>: Mango en T<\/li>\n<li><b>Material:<\/b> Acero con componentes de Molibdeno y Vanadio<\/li>\n<li><b>Dureza:<\/b> 58-60 HRC<\/li>\n<li><b>Mango:<\/b> Fabricado en Polipropileno y Elast\u00f3mero resistentes al ataque de \u00e1cidos, aceite colas y grasas. Ergon\u00f3mico y antideslizante<\/li>\n<li><strong>Medidas:\u00a0<\/strong>Mango 14mm, varilla 10x100mm\u00a0 \u00a0*disponibilidad de m\u00e1s medidas<\/li>\n<\/ul>\n","protected":false},"excerpt":{"rendered":"<p>Para tornillos hexagonales. Las llaves en T hexagonales Bianditz de calidad profesional proporcionan un par de torsi\u00f3n superior en un 20% a otras llaves similares. Permite trabajar en \u00e1ngulo hasta 25\u00ba, proporcionando m\u00e1xima comodidad y total eficacia.<\/p>\n<p>&nbsp;<\/p>\n<ul>\n<li>C\u00f3digo referencia:\u00a0232400<\/li>\n<li>Tipo: Mango en T<\/li>\n<li><b>Material:<\/b> Acero con componentes de Molibdeno y Vanadio<\/li>\n<li><b>Dureza:<\/b> 58-60 HRC<\/li>\n<li><b>Mango:<\/b> Fabricado en Polipropileno y Elast\u00f3mero resistentes al ataque de \u00e1cidos, aceite colas y grasas. Ergon\u00f3mico y antideslizante<\/li>\n<li>Medidas:\u00a0Mango 14mm, varilla 10x100mm\u00a0 \u00a0*disponibilidad de m\u00e1s medidas<\/li>\n<\/ul>\n","protected":false},"featured_media":13342,"comment_status":"closed","ping_status":"closed","template":"","meta":[],"product_cat":[1493,1204],"product_tag":[],"class_list":{"0":"post-13294","1":"product","2":"type-product","3":"status-publish","4":"has-post-thumbnail","6":"product_cat-herramientas-de-apriete","7":"product_cat-mangos-en-t","9":"first","10":"instock","11":"shipping-taxable","12":"product-type-simple"},"yoast_head":"<!-- This site is optimized with the Yoast SEO plugin v22.0 - https:\/\/yoast.com\/wordpress\/plugins\/seo\/ -->\n<title>Llave Mango en T TX Seguridad Fox+ - Bianditz Group<\/title>\n<meta name=\"robots\" content=\"index, follow, max-snippet:-1, max-image-preview:large, max-video-preview:-1\" \/>\n<link rel=\"canonical\" href=\"https:\/\/bianditz.es\/producto\/llave-mango-en-t-tx-seguridad-fox\/\" \/>\n<meta property=\"og:locale\" content=\"en_US\" \/>\n<meta property=\"og:type\" content=\"article\" \/>\n<meta property=\"og:title\" content=\"Llave Mango en T TX Seguridad Fox+ - Bianditz Group\" \/>\n<meta property=\"og:description\" content=\"Para tornillos hexagonales. Las llaves en T hexagonales Bianditz de calidad profesional proporcionan un par de torsi\u00f3n superior en un 20% a otras llaves similares. Permite trabajar en \u00e1ngulo hasta 25\u00ba, proporcionando m\u00e1xima comodidad y total eficacia. &nbsp; C\u00f3digo referencia:\u00a0232400 Tipo: Mango en T Material: Acero con componentes de Molibdeno y Vanadio Dureza: 58-60 HRC Mango: Fabricado en Polipropileno y Elast\u00f3mero resistentes al ataque de \u00e1cidos, aceite colas y grasas. Ergon\u00f3mico y antideslizante Medidas:\u00a0Mango 14mm, varilla 10x100mm\u00a0 \u00a0*disponibilidad de m\u00e1s medidas\" \/>\n<meta property=\"og:url\" content=\"https:\/\/bianditz.es\/producto\/llave-mango-en-t-tx-seguridad-fox\/\" \/>\n<meta property=\"og:site_name\" content=\"Bianditz Group\" \/>\n<meta property=\"article:modified_time\" content=\"2024-08-06T05:54:34+00:00\" \/>\n<meta property=\"og:image\" content=\"https:\/\/bianditz.es\/wp-content\/uploads\/2024\/05\/232400.jpg.jpg\" \/>\n\t<meta property=\"og:image:width\" content=\"993\" \/>\n\t<meta property=\"og:image:height\" content=\"534\" \/>\n\t<meta property=\"og:image:type\" content=\"image\/jpeg\" \/>\n<meta name=\"twitter:card\" content=\"summary_large_image\" \/>\n<meta name=\"twitter:label1\" content=\"Est. reading time\" \/>\n\t<meta name=\"twitter:data1\" content=\"1 minute\" \/>\n<script type=\"application\/ld+json\" class=\"yoast-schema-graph\">{\"@context\":\"https:\/\/schema.org\",\"@graph\":[{\"@type\":\"WebPage\",\"@id\":\"https:\/\/bianditz.es\/producto\/llave-mango-en-t-tx-seguridad-fox\/\",\"url\":\"https:\/\/bianditz.es\/producto\/llave-mango-en-t-tx-seguridad-fox\/\",\"name\":\"Llave Mango en T TX Seguridad Fox+ - Bianditz Group\",\"isPartOf\":{\"@id\":\"https:\/\/bianditz.es\/#website\"},\"datePublished\":\"2024-05-17T11:37:25+00:00\",\"dateModified\":\"2024-08-06T05:54:34+00:00\",\"breadcrumb\":{\"@id\":\"https:\/\/bianditz.es\/producto\/llave-mango-en-t-tx-seguridad-fox\/#breadcrumb\"},\"inLanguage\":\"en-US\",\"potentialAction\":[{\"@type\":\"ReadAction\",\"target\":[\"https:\/\/bianditz.es\/producto\/llave-mango-en-t-tx-seguridad-fox\/\"]}]},{\"@type\":\"BreadcrumbList\",\"@id\":\"https:\/\/bianditz.es\/producto\/llave-mango-en-t-tx-seguridad-fox\/#breadcrumb\",\"itemListElement\":[{\"@type\":\"ListItem\",\"position\":1,\"name\":\"Portada\",\"item\":\"https:\/\/bianditz.es\/en\/\"},{\"@type\":\"ListItem\",\"position\":2,\"name\":\"Online Catalogue\",\"item\":\"https:\/\/bianditz.es\/en\/online-catalogue\/\"},{\"@type\":\"ListItem\",\"position\":3,\"name\":\"Llave Mango en T TX Seguridad Fox+\"}]},{\"@type\":\"WebSite\",\"@id\":\"https:\/\/bianditz.es\/#website\",\"url\":\"https:\/\/bianditz.es\/\",\"name\":\"Bianditz Group\",\"description\":\"| Fabricante de herramientas de mano\",\"potentialAction\":[{\"@type\":\"SearchAction\",\"target\":{\"@type\":\"EntryPoint\",\"urlTemplate\":\"https:\/\/bianditz.es\/?s={search_term_string}\"},\"query-input\":\"required name=search_term_string\"}],\"inLanguage\":\"en-US\"}]}<\/script>\n<!-- \/ Yoast SEO plugin. -->","yoast_head_json":{"title":"Llave Mango en T TX Seguridad Fox+ - Bianditz Group","robots":{"index":"index","follow":"follow","max-snippet":"max-snippet:-1","max-image-preview":"max-image-preview:large","max-video-preview":"max-video-preview:-1"},"canonical":"https:\/\/bianditz.es\/producto\/llave-mango-en-t-tx-seguridad-fox\/","og_locale":"en_US","og_type":"article","og_title":"Llave Mango en T TX Seguridad Fox+ - Bianditz Group","og_description":"Para tornillos hexagonales. Las llaves en T hexagonales Bianditz de calidad profesional proporcionan un par de torsi\u00f3n superior en un 20% a otras llaves similares. Permite trabajar en \u00e1ngulo hasta 25\u00ba, proporcionando m\u00e1xima comodidad y total eficacia. &nbsp; C\u00f3digo referencia:\u00a0232400 Tipo: Mango en T Material: Acero con componentes de Molibdeno y Vanadio Dureza: 58-60 HRC Mango: Fabricado en Polipropileno y Elast\u00f3mero resistentes al ataque de \u00e1cidos, aceite colas y grasas. Ergon\u00f3mico y antideslizante Medidas:\u00a0Mango 14mm, varilla 10x100mm\u00a0 \u00a0*disponibilidad de m\u00e1s medidas","og_url":"https:\/\/bianditz.es\/producto\/llave-mango-en-t-tx-seguridad-fox\/","og_site_name":"Bianditz Group","article_modified_time":"2024-08-06T05:54:34+00:00","og_image":[{"width":993,"height":534,"url":"https:\/\/bianditz.es\/wp-content\/uploads\/2024\/05\/232400.jpg.jpg","type":"image\/jpeg"}],"twitter_card":"summary_large_image","twitter_misc":{"Est. reading time":"1 minute"},"schema":{"@context":"https:\/\/schema.org","@graph":[{"@type":"WebPage","@id":"https:\/\/bianditz.es\/producto\/llave-mango-en-t-tx-seguridad-fox\/","url":"https:\/\/bianditz.es\/producto\/llave-mango-en-t-tx-seguridad-fox\/","name":"Llave Mango en T TX Seguridad Fox+ - Bianditz Group","isPartOf":{"@id":"https:\/\/bianditz.es\/#website"},"datePublished":"2024-05-17T11:37:25+00:00","dateModified":"2024-08-06T05:54:34+00:00","breadcrumb":{"@id":"https:\/\/bianditz.es\/producto\/llave-mango-en-t-tx-seguridad-fox\/#breadcrumb"},"inLanguage":"en-US","potentialAction":[{"@type":"ReadAction","target":["https:\/\/bianditz.es\/producto\/llave-mango-en-t-tx-seguridad-fox\/"]}]},{"@type":"BreadcrumbList","@id":"https:\/\/bianditz.es\/producto\/llave-mango-en-t-tx-seguridad-fox\/#breadcrumb","itemListElement":[{"@type":"ListItem","position":1,"name":"Portada","item":"https:\/\/bianditz.es\/en\/"},{"@type":"ListItem","position":2,"name":"Online Catalogue","item":"https:\/\/bianditz.es\/en\/online-catalogue\/"},{"@type":"ListItem","position":3,"name":"Llave Mango en T TX Seguridad Fox+"}]},{"@type":"WebSite","@id":"https:\/\/bianditz.es\/#website","url":"https:\/\/bianditz.es\/","name":"Bianditz Group","description":"| Fabricante de herramientas de mano","potentialAction":[{"@type":"SearchAction","target":{"@type":"EntryPoint","urlTemplate":"https:\/\/bianditz.es\/?s={search_term_string}"},"query-input":"required name=search_term_string"}],"inLanguage":"en-US"}]}},"_links":{"self":[{"href":"https:\/\/bianditz.es\/en\/wp-json\/wp\/v2\/product\/13294","targetHints":{"allow":["GET"]}}],"collection":[{"href":"https:\/\/bianditz.es\/en\/wp-json\/wp\/v2\/product"}],"about":[{"href":"https:\/\/bianditz.es\/en\/wp-json\/wp\/v2\/types\/product"}],"replies":[{"embeddable":true,"href":"https:\/\/bianditz.es\/en\/wp-json\/wp\/v2\/comments?post=13294"}],"version-history":[{"count":1,"href":"https:\/\/bianditz.es\/en\/wp-json\/wp\/v2\/product\/13294\/revisions"}],"predecessor-version":[{"id":13295,"href":"https:\/\/bianditz.es\/en\/wp-json\/wp\/v2\/product\/13294\/revisions\/13295"}],"wp:featuredmedia":[{"embeddable":true,"href":"https:\/\/bianditz.es\/en\/wp-json\/wp\/v2\/media\/13342"}],"wp:attachment":[{"href":"https:\/\/bianditz.es\/en\/wp-json\/wp\/v2\/media?parent=13294"}],"wp:term":[{"taxonomy":"product_cat","embeddable":true,"href":"https:\/\/bianditz.es\/en\/wp-json\/wp\/v2\/product_cat?post=13294"},{"taxonomy":"product_tag","embeddable":true,"href":"https:\/\/bianditz.es\/en\/wp-json\/wp\/v2\/product_tag?post=13294"}],"curies":[{"name":"wp","href":"https:\/\/api.w.org\/{rel}","templated":true}]}}