{"id":13301,"date":"2024-05-20T07:18:18","date_gmt":"2024-05-20T07:18:18","guid":{"rendered":"https:\/\/bianditz.es\/?post_type=product&#038;p=13301"},"modified":"2024-12-17T07:47:58","modified_gmt":"2024-12-17T07:47:58","slug":"adaptador-de-impacto","status":"publish","type":"product","link":"https:\/\/bianditz.es\/en\/producto\/adaptador-de-impacto\/","title":{"rendered":"Adaptador de Impacto"},"content":{"rendered":"<p>El adaptador de impacto aumenta la vida \u00fatil de la punta hasta 15 veces, permite realizar un atornillado m\u00e1s r\u00e1pido y seguro por lo que tu eficiencia diaria aumentar\u00e1. Es ideal para su uso en atornilladores de impacto ya que tienen una zona de torsi\u00f3n que absorben los picos de par de apriete producidos por los atornilladores. Con aro magn\u00e9tico porta tornillos.<\/p>\n<p>&nbsp;<\/p>\n<ul>\n<li><strong>C\u00f3digo referencia:\u00a0<\/strong>238939<\/li>\n<li><strong>Tipo<\/strong>: Impacto<\/li>\n<li><strong>Medidas:\u00a0<\/strong>Di\u00e1metro 16 x 75mm<\/li>\n<\/ul>\n","protected":false},"excerpt":{"rendered":"<p>El adaptador de impacto aumenta la vida \u00fatil de la punta hasta 15 veces, permite realizar un atornillado m\u00e1s r\u00e1pido y seguro por lo que tu eficiencia diaria aumentar\u00e1. Es ideal para su uso en atornilladores de impacto ya que tienen una zona de torsi\u00f3n que absorben los picos de par de apriete producidos por los atornilladores. Con aro magn\u00e9tico porta tornillos.<\/p>\n<p>&nbsp;<\/p>\n<ul>\n<li>C\u00f3digo referencia:\u00a0238939<\/li>\n<li>Tipo: Impacto<\/li>\n<li>Medidas:\u00a0Di\u00e1metro 16 x 75mm<\/li>\n<\/ul>\n","protected":false},"featured_media":13353,"comment_status":"closed","ping_status":"closed","template":"","meta":[],"product_cat":[1532,1494],"product_tag":[],"class_list":{"0":"post-13301","1":"product","2":"type-product","3":"status-publish","4":"has-post-thumbnail","6":"product_cat-adaptadores-especiales","7":"product_cat-adaptadores-y-acomplamientos","9":"first","10":"instock","11":"shipping-taxable","12":"product-type-simple"},"yoast_head":"<!-- This site is optimized with the Yoast SEO plugin v22.0 - https:\/\/yoast.com\/wordpress\/plugins\/seo\/ -->\n<title>Adaptador de Impacto - Bianditz Group<\/title>\n<meta name=\"description\" content=\"El adaptador de impacto aumenta la vida \u00fatil de la punta hasta 15 veces, permite realizar un atornillado m\u00e1s r\u00e1pido y seguro por lo que tu eficiencia diaria aumentar\u00e1.\" \/>\n<meta name=\"robots\" content=\"index, follow, max-snippet:-1, max-image-preview:large, max-video-preview:-1\" \/>\n<link rel=\"canonical\" href=\"https:\/\/bianditz.es\/producto\/adaptador-de-impacto\/\" \/>\n<meta property=\"og:locale\" content=\"en_US\" \/>\n<meta property=\"og:type\" content=\"article\" \/>\n<meta property=\"og:title\" content=\"Adaptador de Impacto - Bianditz Group\" \/>\n<meta property=\"og:description\" content=\"El adaptador de impacto aumenta la vida \u00fatil de la punta hasta 15 veces, permite realizar un atornillado m\u00e1s r\u00e1pido y seguro por lo que tu eficiencia diaria aumentar\u00e1.\" \/>\n<meta property=\"og:url\" content=\"https:\/\/bianditz.es\/producto\/adaptador-de-impacto\/\" \/>\n<meta property=\"og:site_name\" content=\"Bianditz Group\" \/>\n<meta property=\"article:modified_time\" content=\"2024-12-17T07:47:58+00:00\" \/>\n<meta property=\"og:image\" content=\"https:\/\/bianditz.es\/wp-content\/uploads\/2024\/05\/238939.jpg\" \/>\n\t<meta property=\"og:image:width\" content=\"1185\" \/>\n\t<meta property=\"og:image:height\" content=\"717\" \/>\n\t<meta property=\"og:image:type\" content=\"image\/jpeg\" \/>\n<meta name=\"twitter:card\" content=\"summary_large_image\" \/>\n<meta name=\"twitter:label1\" content=\"Est. reading time\" \/>\n\t<meta name=\"twitter:data1\" content=\"1 minute\" \/>\n<script type=\"application\/ld+json\" class=\"yoast-schema-graph\">{\"@context\":\"https:\/\/schema.org\",\"@graph\":[{\"@type\":\"WebPage\",\"@id\":\"https:\/\/bianditz.es\/producto\/adaptador-de-impacto\/\",\"url\":\"https:\/\/bianditz.es\/producto\/adaptador-de-impacto\/\",\"name\":\"Adaptador de Impacto - Bianditz Group\",\"isPartOf\":{\"@id\":\"https:\/\/bianditz.es\/#website\"},\"datePublished\":\"2024-05-20T07:18:18+00:00\",\"dateModified\":\"2024-12-17T07:47:58+00:00\",\"description\":\"El adaptador de impacto aumenta la vida \u00fatil de la punta hasta 15 veces, permite realizar un atornillado m\u00e1s r\u00e1pido y seguro por lo que tu eficiencia diaria aumentar\u00e1.\",\"breadcrumb\":{\"@id\":\"https:\/\/bianditz.es\/producto\/adaptador-de-impacto\/#breadcrumb\"},\"inLanguage\":\"en-US\",\"potentialAction\":[{\"@type\":\"ReadAction\",\"target\":[\"https:\/\/bianditz.es\/producto\/adaptador-de-impacto\/\"]}]},{\"@type\":\"BreadcrumbList\",\"@id\":\"https:\/\/bianditz.es\/producto\/adaptador-de-impacto\/#breadcrumb\",\"itemListElement\":[{\"@type\":\"ListItem\",\"position\":1,\"name\":\"Portada\",\"item\":\"https:\/\/bianditz.es\/en\/\"},{\"@type\":\"ListItem\",\"position\":2,\"name\":\"Online Catalogue\",\"item\":\"https:\/\/bianditz.es\/en\/online-catalogue\/\"},{\"@type\":\"ListItem\",\"position\":3,\"name\":\"Adaptador de Impacto\"}]},{\"@type\":\"WebSite\",\"@id\":\"https:\/\/bianditz.es\/#website\",\"url\":\"https:\/\/bianditz.es\/\",\"name\":\"Bianditz Group\",\"description\":\"| Fabricante de herramientas de mano\",\"potentialAction\":[{\"@type\":\"SearchAction\",\"target\":{\"@type\":\"EntryPoint\",\"urlTemplate\":\"https:\/\/bianditz.es\/?s={search_term_string}\"},\"query-input\":\"required name=search_term_string\"}],\"inLanguage\":\"en-US\"}]}<\/script>\n<!-- \/ Yoast SEO plugin. -->","yoast_head_json":{"title":"Adaptador de Impacto - Bianditz Group","description":"El adaptador de impacto aumenta la vida \u00fatil de la punta hasta 15 veces, permite realizar un atornillado m\u00e1s r\u00e1pido y seguro por lo que tu eficiencia diaria aumentar\u00e1.","robots":{"index":"index","follow":"follow","max-snippet":"max-snippet:-1","max-image-preview":"max-image-preview:large","max-video-preview":"max-video-preview:-1"},"canonical":"https:\/\/bianditz.es\/producto\/adaptador-de-impacto\/","og_locale":"en_US","og_type":"article","og_title":"Adaptador de Impacto - Bianditz Group","og_description":"El adaptador de impacto aumenta la vida \u00fatil de la punta hasta 15 veces, permite realizar un atornillado m\u00e1s r\u00e1pido y seguro por lo que tu eficiencia diaria aumentar\u00e1.","og_url":"https:\/\/bianditz.es\/producto\/adaptador-de-impacto\/","og_site_name":"Bianditz Group","article_modified_time":"2024-12-17T07:47:58+00:00","og_image":[{"width":1185,"height":717,"url":"https:\/\/bianditz.es\/wp-content\/uploads\/2024\/05\/238939.jpg","type":"image\/jpeg"}],"twitter_card":"summary_large_image","twitter_misc":{"Est. reading time":"1 minute"},"schema":{"@context":"https:\/\/schema.org","@graph":[{"@type":"WebPage","@id":"https:\/\/bianditz.es\/producto\/adaptador-de-impacto\/","url":"https:\/\/bianditz.es\/producto\/adaptador-de-impacto\/","name":"Adaptador de Impacto - Bianditz Group","isPartOf":{"@id":"https:\/\/bianditz.es\/#website"},"datePublished":"2024-05-20T07:18:18+00:00","dateModified":"2024-12-17T07:47:58+00:00","description":"El adaptador de impacto aumenta la vida \u00fatil de la punta hasta 15 veces, permite realizar un atornillado m\u00e1s r\u00e1pido y seguro por lo que tu eficiencia diaria aumentar\u00e1.","breadcrumb":{"@id":"https:\/\/bianditz.es\/producto\/adaptador-de-impacto\/#breadcrumb"},"inLanguage":"en-US","potentialAction":[{"@type":"ReadAction","target":["https:\/\/bianditz.es\/producto\/adaptador-de-impacto\/"]}]},{"@type":"BreadcrumbList","@id":"https:\/\/bianditz.es\/producto\/adaptador-de-impacto\/#breadcrumb","itemListElement":[{"@type":"ListItem","position":1,"name":"Portada","item":"https:\/\/bianditz.es\/en\/"},{"@type":"ListItem","position":2,"name":"Online Catalogue","item":"https:\/\/bianditz.es\/en\/online-catalogue\/"},{"@type":"ListItem","position":3,"name":"Adaptador de Impacto"}]},{"@type":"WebSite","@id":"https:\/\/bianditz.es\/#website","url":"https:\/\/bianditz.es\/","name":"Bianditz Group","description":"| Fabricante de herramientas de mano","potentialAction":[{"@type":"SearchAction","target":{"@type":"EntryPoint","urlTemplate":"https:\/\/bianditz.es\/?s={search_term_string}"},"query-input":"required name=search_term_string"}],"inLanguage":"en-US"}]}},"_links":{"self":[{"href":"https:\/\/bianditz.es\/en\/wp-json\/wp\/v2\/product\/13301","targetHints":{"allow":["GET"]}}],"collection":[{"href":"https:\/\/bianditz.es\/en\/wp-json\/wp\/v2\/product"}],"about":[{"href":"https:\/\/bianditz.es\/en\/wp-json\/wp\/v2\/types\/product"}],"replies":[{"embeddable":true,"href":"https:\/\/bianditz.es\/en\/wp-json\/wp\/v2\/comments?post=13301"}],"version-history":[{"count":2,"href":"https:\/\/bianditz.es\/en\/wp-json\/wp\/v2\/product\/13301\/revisions"}],"predecessor-version":[{"id":13352,"href":"https:\/\/bianditz.es\/en\/wp-json\/wp\/v2\/product\/13301\/revisions\/13352"}],"wp:featuredmedia":[{"embeddable":true,"href":"https:\/\/bianditz.es\/en\/wp-json\/wp\/v2\/media\/13353"}],"wp:attachment":[{"href":"https:\/\/bianditz.es\/en\/wp-json\/wp\/v2\/media?parent=13301"}],"wp:term":[{"taxonomy":"product_cat","embeddable":true,"href":"https:\/\/bianditz.es\/en\/wp-json\/wp\/v2\/product_cat?post=13301"},{"taxonomy":"product_tag","embeddable":true,"href":"https:\/\/bianditz.es\/en\/wp-json\/wp\/v2\/product_tag?post=13301"}],"curies":[{"name":"wp","href":"https:\/\/api.w.org\/{rel}","templated":true}]}}