{"id":13302,"date":"2024-05-20T07:08:45","date_gmt":"2024-05-20T07:08:45","guid":{"rendered":"https:\/\/bianditz.es\/?post_type=product&#038;p=13302"},"modified":"2024-08-05T12:59:52","modified_gmt":"2024-08-05T12:59:52","slug":"juego-surtido-acoplamientos-magneticos","status":"publish","type":"product","link":"https:\/\/bianditz.es\/en\/producto\/juego-surtido-acoplamientos-magneticos\/","title":{"rendered":"Juego Surtido Acoplamientos Magn\u00e9ticos"},"content":{"rendered":"<p>El acoplamiento magn\u00e9tico es la soluci\u00f3n m\u00e1s adecuada para colocar tornillos de cabeza hexagonal. La cabeza hexagonal lobular se ha desarrollado para incrementar la superficie de contacto con la cabeza del tornillo. Sus lados ligeramente redondeados mejoran el agarre y no da\u00f1an el tornillo, de esta forma proporcionan una longevidad mayor a la herramienta. Con los perfiles lobulares los pares de torsi\u00f3n se incrementan un 20% m\u00e1s. Juego de 6 unidades.<\/p>\n<p>&nbsp;<\/p>\n<ul>\n<li><strong>C\u00f3digo referencia: <\/strong>238900<\/li>\n<li><strong>Tipo<\/strong>: Vaso hexagonal imantado<\/li>\n<li><b>Material:<\/b> Cromo Vanadio, acabado niquelado<\/li>\n<li><strong>Medidas: <\/strong>5,5 &#8211; 6 &#8211; 7 &#8211; 8 &#8211; 10 &#8211; 13 x 65mm<\/li>\n<\/ul>\n","protected":false},"excerpt":{"rendered":"<p>El acoplamiento magn\u00e9tico es la soluci\u00f3n m\u00e1s adecuada para colocar tornillos de cabeza hexagonal. La cabeza hexagonal lobular se ha desarrollado para incrementar la superficie de contacto con la cabeza del tornillo. Sus lados ligeramente redondeados mejoran el agarre y no da\u00f1an el tornillo, de esta forma proporcionan una longevidad mayor a la herramienta. Con los perfiles lobulares los pares de torsi\u00f3n se incrementan un 20% m\u00e1s. Juego de 6 unidades.<\/p>\n<p>&nbsp;<\/p>\n<ul>\n<li>C\u00f3digo referencia: 238900<\/li>\n<li>Tipo: Vaso hexagonal imantado<\/li>\n<li><b>Material:<\/b> Cromo Vanadio, acabado niquelado<\/li>\n<li>Medidas: 5,5 &#8211; 6 &#8211; 7 &#8211; 8 &#8211; 10 &#8211; 13 x 65mm<\/li>\n<\/ul>\n","protected":false},"featured_media":13355,"comment_status":"closed","ping_status":"closed","template":"","meta":[],"product_cat":[1533,1494],"product_tag":[],"class_list":{"0":"post-13302","1":"product","2":"type-product","3":"status-publish","4":"has-post-thumbnail","6":"product_cat-acoplamientos","7":"product_cat-adaptadores-y-acomplamientos","9":"first","10":"instock","11":"shipping-taxable","12":"product-type-simple"},"yoast_head":"<!-- This site is optimized with the Yoast SEO plugin v22.0 - https:\/\/yoast.com\/wordpress\/plugins\/seo\/ -->\n<title>Juego Surtido Acoplamientos Magn\u00e9ticos - Bianditz Group<\/title>\n<meta name=\"robots\" content=\"index, follow, max-snippet:-1, max-image-preview:large, max-video-preview:-1\" \/>\n<link rel=\"canonical\" href=\"https:\/\/bianditz.es\/producto\/juego-surtido-acoplamientos-magneticos\/\" \/>\n<meta property=\"og:locale\" content=\"en_US\" \/>\n<meta property=\"og:type\" content=\"article\" \/>\n<meta property=\"og:title\" content=\"Juego Surtido Acoplamientos Magn\u00e9ticos - Bianditz Group\" \/>\n<meta property=\"og:description\" content=\"El acoplamiento magn\u00e9tico es la soluci\u00f3n m\u00e1s adecuada para colocar tornillos de cabeza hexagonal. La cabeza hexagonal lobular se ha desarrollado para incrementar la superficie de contacto con la cabeza del tornillo. Sus lados ligeramente redondeados mejoran el agarre y no da\u00f1an el tornillo, de esta forma proporcionan una longevidad mayor a la herramienta. Con los perfiles lobulares los pares de torsi\u00f3n se incrementan un 20% m\u00e1s. Juego de 6 unidades. &nbsp; C\u00f3digo referencia: 238900 Tipo: Vaso hexagonal imantado Material: Cromo Vanadio, acabado niquelado Medidas: 5,5 &#8211; 6 &#8211; 7 &#8211; 8 &#8211; 10 &#8211; 13 x 65mm\" \/>\n<meta property=\"og:url\" content=\"https:\/\/bianditz.es\/producto\/juego-surtido-acoplamientos-magneticos\/\" \/>\n<meta property=\"og:site_name\" content=\"Bianditz Group\" \/>\n<meta property=\"article:modified_time\" content=\"2024-08-05T12:59:52+00:00\" \/>\n<meta property=\"og:image\" content=\"https:\/\/bianditz.es\/wp-content\/uploads\/2024\/05\/238900.jpg\" \/>\n\t<meta property=\"og:image:width\" content=\"577\" \/>\n\t<meta property=\"og:image:height\" content=\"433\" \/>\n\t<meta property=\"og:image:type\" content=\"image\/jpeg\" \/>\n<meta name=\"twitter:card\" content=\"summary_large_image\" \/>\n<meta name=\"twitter:label1\" content=\"Est. reading time\" \/>\n\t<meta name=\"twitter:data1\" content=\"1 minute\" \/>\n<script type=\"application\/ld+json\" class=\"yoast-schema-graph\">{\"@context\":\"https:\/\/schema.org\",\"@graph\":[{\"@type\":\"WebPage\",\"@id\":\"https:\/\/bianditz.es\/producto\/juego-surtido-acoplamientos-magneticos\/\",\"url\":\"https:\/\/bianditz.es\/producto\/juego-surtido-acoplamientos-magneticos\/\",\"name\":\"Juego Surtido Acoplamientos Magn\u00e9ticos - Bianditz Group\",\"isPartOf\":{\"@id\":\"https:\/\/bianditz.es\/#website\"},\"datePublished\":\"2024-05-20T07:08:45+00:00\",\"dateModified\":\"2024-08-05T12:59:52+00:00\",\"breadcrumb\":{\"@id\":\"https:\/\/bianditz.es\/producto\/juego-surtido-acoplamientos-magneticos\/#breadcrumb\"},\"inLanguage\":\"en-US\",\"potentialAction\":[{\"@type\":\"ReadAction\",\"target\":[\"https:\/\/bianditz.es\/producto\/juego-surtido-acoplamientos-magneticos\/\"]}]},{\"@type\":\"BreadcrumbList\",\"@id\":\"https:\/\/bianditz.es\/producto\/juego-surtido-acoplamientos-magneticos\/#breadcrumb\",\"itemListElement\":[{\"@type\":\"ListItem\",\"position\":1,\"name\":\"Portada\",\"item\":\"https:\/\/bianditz.es\/en\/\"},{\"@type\":\"ListItem\",\"position\":2,\"name\":\"Online Catalogue\",\"item\":\"https:\/\/bianditz.es\/en\/online-catalogue\/\"},{\"@type\":\"ListItem\",\"position\":3,\"name\":\"Juego Surtido Acoplamientos Magn\u00e9ticos\"}]},{\"@type\":\"WebSite\",\"@id\":\"https:\/\/bianditz.es\/#website\",\"url\":\"https:\/\/bianditz.es\/\",\"name\":\"Bianditz Group\",\"description\":\"| Fabricante de herramientas de mano\",\"potentialAction\":[{\"@type\":\"SearchAction\",\"target\":{\"@type\":\"EntryPoint\",\"urlTemplate\":\"https:\/\/bianditz.es\/?s={search_term_string}\"},\"query-input\":\"required name=search_term_string\"}],\"inLanguage\":\"en-US\"}]}<\/script>\n<!-- \/ Yoast SEO plugin. -->","yoast_head_json":{"title":"Juego Surtido Acoplamientos Magn\u00e9ticos - Bianditz Group","robots":{"index":"index","follow":"follow","max-snippet":"max-snippet:-1","max-image-preview":"max-image-preview:large","max-video-preview":"max-video-preview:-1"},"canonical":"https:\/\/bianditz.es\/producto\/juego-surtido-acoplamientos-magneticos\/","og_locale":"en_US","og_type":"article","og_title":"Juego Surtido Acoplamientos Magn\u00e9ticos - Bianditz Group","og_description":"El acoplamiento magn\u00e9tico es la soluci\u00f3n m\u00e1s adecuada para colocar tornillos de cabeza hexagonal. La cabeza hexagonal lobular se ha desarrollado para incrementar la superficie de contacto con la cabeza del tornillo. Sus lados ligeramente redondeados mejoran el agarre y no da\u00f1an el tornillo, de esta forma proporcionan una longevidad mayor a la herramienta. Con los perfiles lobulares los pares de torsi\u00f3n se incrementan un 20% m\u00e1s. Juego de 6 unidades. &nbsp; C\u00f3digo referencia: 238900 Tipo: Vaso hexagonal imantado Material: Cromo Vanadio, acabado niquelado Medidas: 5,5 &#8211; 6 &#8211; 7 &#8211; 8 &#8211; 10 &#8211; 13 x 65mm","og_url":"https:\/\/bianditz.es\/producto\/juego-surtido-acoplamientos-magneticos\/","og_site_name":"Bianditz Group","article_modified_time":"2024-08-05T12:59:52+00:00","og_image":[{"width":577,"height":433,"url":"https:\/\/bianditz.es\/wp-content\/uploads\/2024\/05\/238900.jpg","type":"image\/jpeg"}],"twitter_card":"summary_large_image","twitter_misc":{"Est. reading time":"1 minute"},"schema":{"@context":"https:\/\/schema.org","@graph":[{"@type":"WebPage","@id":"https:\/\/bianditz.es\/producto\/juego-surtido-acoplamientos-magneticos\/","url":"https:\/\/bianditz.es\/producto\/juego-surtido-acoplamientos-magneticos\/","name":"Juego Surtido Acoplamientos Magn\u00e9ticos - Bianditz Group","isPartOf":{"@id":"https:\/\/bianditz.es\/#website"},"datePublished":"2024-05-20T07:08:45+00:00","dateModified":"2024-08-05T12:59:52+00:00","breadcrumb":{"@id":"https:\/\/bianditz.es\/producto\/juego-surtido-acoplamientos-magneticos\/#breadcrumb"},"inLanguage":"en-US","potentialAction":[{"@type":"ReadAction","target":["https:\/\/bianditz.es\/producto\/juego-surtido-acoplamientos-magneticos\/"]}]},{"@type":"BreadcrumbList","@id":"https:\/\/bianditz.es\/producto\/juego-surtido-acoplamientos-magneticos\/#breadcrumb","itemListElement":[{"@type":"ListItem","position":1,"name":"Portada","item":"https:\/\/bianditz.es\/en\/"},{"@type":"ListItem","position":2,"name":"Online Catalogue","item":"https:\/\/bianditz.es\/en\/online-catalogue\/"},{"@type":"ListItem","position":3,"name":"Juego Surtido Acoplamientos Magn\u00e9ticos"}]},{"@type":"WebSite","@id":"https:\/\/bianditz.es\/#website","url":"https:\/\/bianditz.es\/","name":"Bianditz Group","description":"| Fabricante de herramientas de mano","potentialAction":[{"@type":"SearchAction","target":{"@type":"EntryPoint","urlTemplate":"https:\/\/bianditz.es\/?s={search_term_string}"},"query-input":"required name=search_term_string"}],"inLanguage":"en-US"}]}},"_links":{"self":[{"href":"https:\/\/bianditz.es\/en\/wp-json\/wp\/v2\/product\/13302","targetHints":{"allow":["GET"]}}],"collection":[{"href":"https:\/\/bianditz.es\/en\/wp-json\/wp\/v2\/product"}],"about":[{"href":"https:\/\/bianditz.es\/en\/wp-json\/wp\/v2\/types\/product"}],"replies":[{"embeddable":true,"href":"https:\/\/bianditz.es\/en\/wp-json\/wp\/v2\/comments?post=13302"}],"version-history":[{"count":1,"href":"https:\/\/bianditz.es\/en\/wp-json\/wp\/v2\/product\/13302\/revisions"}],"predecessor-version":[{"id":13303,"href":"https:\/\/bianditz.es\/en\/wp-json\/wp\/v2\/product\/13302\/revisions\/13303"}],"wp:featuredmedia":[{"embeddable":true,"href":"https:\/\/bianditz.es\/en\/wp-json\/wp\/v2\/media\/13355"}],"wp:attachment":[{"href":"https:\/\/bianditz.es\/en\/wp-json\/wp\/v2\/media?parent=13302"}],"wp:term":[{"taxonomy":"product_cat","embeddable":true,"href":"https:\/\/bianditz.es\/en\/wp-json\/wp\/v2\/product_cat?post=13302"},{"taxonomy":"product_tag","embeddable":true,"href":"https:\/\/bianditz.es\/en\/wp-json\/wp\/v2\/product_tag?post=13302"}],"curies":[{"name":"wp","href":"https:\/\/api.w.org\/{rel}","templated":true}]}}